{"id":2269,"date":"2015-03-30T14:59:16","date_gmt":"2015-03-30T13:59:16","guid":{"rendered":"http:\/\/a-carrasco.com.mialias.net\/decoupage-et-emboutissage-de-la-tole\/componentes-para-matrices\/"},"modified":"2023-12-19T19:10:10","modified_gmt":"2023-12-19T17:10:10","slug":"composants-standard","status":"publish","type":"page","link":"https:\/\/www.a-carrasco.com\/fr\/decoupage-et-emboutissage-de-la-tole\/composants-standard\/","title":{"rendered":"Composants standard"},"content":{"rendered":"<div  class=\"fullwidth-content ui--section clearfix\"><div  class=\"ui--section-content\"><div class=\"container\"><div class=\"ui-row row\">\n <div   class=\"ui-column span9\"><div class=\"ui-row row\">\n <div   class=\"ui-column span4\"><div class=\"ui--image-wrap clearfix\"><img decoding=\"async\"  id=\"ui--image-1\" class=\"ui--image ui--animation\" src=\"https:\/\/a-carrasco.com\/wp-content\/uploads\/2015\/11\/Accesorio_3D_2_g_2.jpg\" alt=\"Accesorio_3D_2_g_2\" title=\"Accesorio_3D_2_g_2\" data-at2x=\"\"\/><\/div><\/div> \n\n <div   class=\"ui-column span8\"><div  class=\"ui--accordion ui--box ui--animation clearfix\"><div  class=\"ui--accordion-item ui--gradient ui--gradient-grey on--hover ui-row first-item ui--accordion-state-opened accordion-1-1\"><a href=\"#accordion-1-1\" class=\"ui--accordion-item-title heading\"><div><span class=\"ui--accordion-item-title-text\">Description<\/span><\/div><\/a><div id=\"accordion-1-1\" class=\"ui--accordion-item-content\"> <div class=\"auto-format ui--animation\"><p>Ce catalogue a \u00e9t\u00e9 sp\u00e9cialement con\u00e7u \u00e0 partir des besoins des fabricants et des utilisateurs concernant les matrices, de taille moyenne \u00e0 grande, pour le d\u00e9coupage et emboutissage de la t\u00f4le. Il comprend les familles de produits suivantes :<\/p>\n<ul>\n<li>Blocs.<\/li>\n<li>Colonnes.<\/li>\n<li>Bagues et cage \u00e0 billes.<\/li>\n<li>Brides.<\/li>\n<li>Plaques de frottement.<\/li>\n<li>\u00c9querres et plaques.<\/li>\n<li>Vis de centrage et c\u00f4nes.<\/li>\n<li>Poin\u00e7onnage et marquage.<\/li>\n<li>Levage et ressorts.<\/li>\n<li>Transport et s\u00e9curit\u00e9.<\/li>\n<\/ul>\n<\/div> <\/div><\/div><div  class=\"ui--accordion-item ui--gradient ui--gradient-grey on--hover ui-row ui--accordion-state-closed accordion-1-2\"><a href=\"#accordion-1-2\" class=\"ui--accordion-item-title heading\"><div><span class=\"ui--accordion-item-title-text\">Avantages de la standardisation<\/span><\/div><\/a><div id=\"accordion-1-2\" class=\"ui--accordion-item-content\"> <div class=\"auto-format ui--animation\"><p>Les \u00e9l\u00e9ments normalis\u00e9s sont des produits fabriqu\u00e9s conform\u00e9ment  \u00e0 des r\u00e8gles pr\u00e9-\u00e9tablies, lesquelles sont d\u00e9finies dans un catalogue public. L\u2019utilisation des \u00e9l\u00e9ments normalis\u00e9s offre au client d\u2019importants avantages comp\u00e9titifs :<\/p>\n<ul>\n<li>Rapidit\u00e9 de calcul des co\u00fbts et de la planification.<\/li>\n<li>R\u00e9duction des co\u00fbts.<\/li>\n<li>R\u00e9duction du temps de la fabrication de matrices.<\/li>\n<li>R\u00e9duction de la taille de la matrice.<\/li>\n<li>R\u00e9glages rapide des composants avec la matrice sur la machine.<\/li>\n<li>Minimisation des arr\u00eats de production.<\/li>\n<li>Substitution rapide des pi\u00e8ces.<\/li>\n<\/ul>\n<p>L\u2019utilisation d\u2019\u00e9l\u00e9ments normalis\u00e9s r\u00e9duit le travail d\u2019un matriceur. Elle permet une \u00e9conomie de temps dans la fabrication de la matrice de 30% \u00e0 40% et par cons\u00e9quent, une r\u00e9duction du co\u00fbt. Si pendant la production, une pi\u00e8ce doit \u00eatre remplac\u00e9e, l\u2019utilisation des \u00e9l\u00e9ments normalis\u00e9s permet de r\u00e9duire de fa\u00e7on drastique le temps d\u2019arr\u00eat de la production. <\/p>\n<\/div> <\/div><\/div><div  class=\"ui--accordion-item ui--gradient ui--gradient-grey on--hover ui-row last-item ui--accordion-state-closed accordion-1-3\"><a href=\"#accordion-1-3\" class=\"ui--accordion-item-title heading\"><div><span class=\"ui--accordion-item-title-text\">Mesures sp\u00e9ciales<\/span><\/div><\/a><div id=\"accordion-1-3\" class=\"ui--accordion-item-content\"> <div class=\"auto-format ui--animation\"><p>CARRASCO vous offre des accords de stocks sp\u00e9ciaux pour les cotes  \/ variantes, diff\u00e9rentes de celles figurant dans ce catalogue, et susceptibles de vous int\u00e9resser. <\/p>\n<\/div> <\/div><\/div><\/div><div class=\"text-center ui--animation ui--button-wrapper\" style=\"\" data-fx=\"fx--fadein-ltr\"><div class=\"ui--block\"><a class=\"btn btn-large btn-block btn-icon-left with-icon button-hover btn-primary radius-3px\" href=\"https:\/\/a-carrasco.com\/fr\/contact\/\"><span class=\"button-icon\"><i class=\"ui--icon ui--icon btn-icon icon-normal icomoon-mail-4\"><\/i><\/span>Demandez des informations<\/a> <div class=\"ui--shadow ui--shadow-type-3 ui--shadow-abs clearfix\"><img decoding=\"async\" src=\"https:\/\/www.a-carrasco.com\/wp-content\/themes\/envision\/includes\/modules\/module.shadow\/shadows\/shadow-3.png\" alt=\"shadow\" \/><\/div><\/div><\/div><\/div> \n\n<\/div> \n<div class=\"ui--title ui--animation ui--title-bordered text-left\"><div class=\"ui--title-holder\"><h3 class=\"ui--title-text\">Voir le catalogue<\/h3><div class=\"ui--title-borders ui--title-border-left\"><\/div><div class=\"ui--title-borders ui--title-border-right\"><\/div><\/div><\/div><div  class=\"ui--tagline-box-wrapper ui--animation clearfix\"><div  id=\"tagline-1\" class=\"ui--tagline-box ui-row clearfix ui--tagline-box-custom-color radius-6px\" data-responsive=\"{&quot;css&quot;:{&quot;min-height&quot;:{&quot;phone&quot;:&quot;auto&quot;,&quot;tablet&quot;:&quot;auto&quot;,&quot;widescreen&quot;:&quot;&quot;}}}\"><div  class=\"ui--tagline-background-container ui--tagline-background-overlay radius-6px\"><\/div><div  class=\"ui--tagline-background-container ui--tagline-background-image radius-6px\"><\/div><div  class=\"ui--tagline-content\" style=\"padding-top: -20px;  padding-bottom: -20px;\"><div class=\"auto-format ui--animation\"><p><div class=\"_3d-flip-book  fb3d-thumbnail-lightbox-mode\" data-id=\"5686\" data-mode=\"thumbnail-lightbox\" data-title=\"true\" data-template=\"short-white-book-view\" data-lightbox=\"light\" data-urlparam=\"fb3d-page\" data-page-n=\"0\" data-pdf=\"\" data-tax=\"null\" data-thumbnail=\"\" data-cols=\"3\" data-book-template=\"default\" data-trigger=\"\"><\/div><script type=\"text\/javascript\">window.FB3D_CLIENT_DATA = window.FB3D_CLIENT_DATA || [];FB3D_CLIENT_DATA.push('eyJwb3N0cyI6eyI1Njg2Ijp7IklEIjo1Njg2LCJ0aXRsZSI6IlN0YW5kYXIgQ29tcG9uZW50cyBmb3IgU2hlZXQgTWV0YWwgU3RhbXBpbmciLCJ0eXBlIjoicGRmIiwicmVhZHlfZnVuY3Rpb24iOiIiLCJib29rX3N0eWxlIjoiZmxhdCIsImJvb2tfdGVtcGxhdGUiOiJub25lIiwib3V0bGluZSI6W10sImRhdGEiOnsicG9zdF9JRCI6IjU2ODciLCJndWlkIjoiaHR0cDpcL1wvd3d3LmEtY2FycmFzY28uY29tXC93cC1jb250ZW50XC91cGxvYWRzXC8yMDIxXC8wM1wvQ0FSUkFTQ09fc3RkX2NvbXBvbmVudHNfc2hlZXRfbWV0YWxfc3RhbXBpbmdfZW5nXzIwMjAwNy0wMDIucGRmIiwicGRmX3BhZ2VzIjoiMjgiLCJwYWdlc19jdXN0b21pemF0aW9uIjoibm9uZSJ9LCJ0aHVtYm5haWwiOnsiZGF0YSI6eyJwb3N0X0lEIjoiMCJ9LCJ0eXBlIjoiYXV0byJ9LCJwcm9wcyI6eyJjYWNoZWRQYWdlcyI6ImF1dG8iLCJyZW5kZXJJbmFjdGl2ZVBhZ2VzIjoiYXV0byIsInJlbmRlckluYWN0aXZlUGFnZXNPbk1vYmlsZSI6ImF1dG8iLCJyZW5kZXJXaGlsZUZsaXBwaW5nIjoiYXV0byIsInByZWxvYWRQYWdlcyI6ImF1dG8iLCJydGwiOiJhdXRvIiwiaW50ZXJhY3RpdmVDb3JuZXJzIjoiYXV0byIsInNoZWV0Ijp7InN0YXJ0VmVsb2NpdHkiOiJhdXRvIiwid2F2ZSI6ImF1dG8iLCJ3aWR0aFRleGVscyI6ImF1dG8iLCJjb2xvciI6ImF1dG8iLCJzaWRlIjoiYXV0byIsImNvcm5lckRldmlhdGlvbiI6ImF1dG8iLCJmbGV4aWJpbGl0eSI6ImF1dG8iLCJmbGV4aWJsZUNvcm5lciI6ImF1dG8iLCJiZW5kaW5nIjoiYXV0byIsImhlaWdodFRleGVscyI6ImF1dG8ifSwiY292ZXIiOnsid2F2ZSI6ImF1dG8iLCJjb2xvciI6ImF1dG8iLCJiaW5kZXJUZXh0dXJlIjoiYXV0byIsImRlcHRoIjoiYXV0byIsInBhZGRpbmciOiJhdXRvIiwic3RhcnRWZWxvY2l0eSI6ImF1dG8iLCJmbGV4aWJpbGl0eSI6ImF1dG8iLCJmbGV4aWJsZUNvcm5lciI6ImF1dG8iLCJiZW5kaW5nIjoiYXV0byIsIndpZHRoVGV4ZWxzIjoiYXV0byIsImhlaWdodFRleGVscyI6ImF1dG8iLCJtYXNzIjoiYXV0byIsInNpZGUiOiJhdXRvIn0sInBhZ2UiOnsid2F2ZSI6ImF1dG8iLCJjb2xvciI6ImF1dG8iLCJkZXB0aCI6ImF1dG8iLCJzdGFydFZlbG9jaXR5IjoiYXV0byIsImZsZXhpYmlsaXR5IjoiYXV0byIsImZsZXhpYmxlQ29ybmVyIjoiYXV0byIsImJlbmRpbmciOiJhdXRvIiwid2lkdGhUZXhlbHMiOiJhdXRvIiwiaGVpZ2h0VGV4ZWxzIjoiYXV0byIsIm1hc3MiOiJhdXRvIiwic2lkZSI6ImF1dG8ifSwiaGVpZ2h0IjoiYXV0byIsIndpZHRoIjoiYXV0byIsImdyYXZpdHkiOiJhdXRvIiwicGFnZXNGb3JQcmVkaWN0aW5nIjoiYXV0byJ9LCJjb250cm9sUHJvcHMiOnsiYWN0aW9ucyI6eyJjbWRTYXZlIjp7ImVuYWJsZWQiOiJhdXRvIiwiZW5hYmxlZEluTmFycm93IjoiYXV0byJ9LCJjbWRQcmludCI6eyJlbmFibGVkIjoiYXV0byIsImVuYWJsZWRJbk5hcnJvdyI6ImF1dG8ifSwiY21kU2luZ2xlUGFnZSI6eyJlbmFibGVkIjoiYXV0byIsImVuYWJsZWRJbk5hcnJvdyI6ImF1dG8iLCJhY3RpdmUiOiJhdXRvIiwiYWN0aXZlRm9yTW9iaWxlIjoiYXV0byJ9fX0sImF1dG9UaHVtYm5haWwiOiJodHRwczpcL1wvd3d3LmEtY2FycmFzY28uY29tXC93cC1jb250ZW50XC91cGxvYWRzXC8zZC1mbGlwLWJvb2tcL2F1dG8tdGh1bWJuYWlsc1wvNTY4Ni5wbmciLCJwb3N0X25hbWUiOiJzdGFuZGFyLWNvbXBvbmVudHMtc2hlZXQtbWV0YWwtc3RhbXBpbmciLCJwb3N0X3R5cGUiOiIzZC1mbGlwLWJvb2sifX0sInBhZ2VzIjpbXSwiZmlyc3RQYWdlcyI6W119');window.FB3D_CLIENT_LOCALE && FB3D_CLIENT_LOCALE.render && FB3D_CLIENT_LOCALE.render();<\/script><\/p>\n<\/div><\/div><\/div><\/div><\/div> \n\n <div   class=\"ui-column span3\"><div class=\"ui--title ui--animation ui--title-bordered text-left\"><div class=\"ui--title-holder\"><h4 class=\"ui--title-text\">Composants pour DE<\/h4><div style=\"border-color: #e5352c !important;\" class=\"ui--title-borders ui--title-border-left\"><\/div><div style=\"border-color: #e5352c !important;\" class=\"ui--title-borders ui--title-border-right\"><\/div><\/div><\/div><div class=\"ui--custom-menu-bar ui--gradient ui--gradient-grey hover-effect ui--box orientation-vertical ui--height-thin text-left clearfix\"><ul class=\"unstyled clearfix\"><li class=\"first-item ui--gradient-grey ui--icon-position-left\" title=\"\"><a href=\"https:\/\/a-carrasco.com\/fr\/decoupage-et-emboutissage-de-la-tole\/composants-standard\/\"><i class=\"ui--icon icomoon-resize-2\" style=\"color: #e5352c !important;\"><\/i> Composants standard <\/a><\/li><li class=\"last-item ui--gradient-grey ui--icon-position-left\" title=\"\"><a href=\"https:\/\/a-carrasco.com\/fr\/decoupage-et-emboutissage-de-la-tole\/verins-a-gaz\/\"><i class=\"ui--icon icomoon-resize-2\" style=\"color: #e5352c !important;\"><\/i> V\u00e9rins \u00e0 gaz <\/a><\/li><\/ul><\/div><\/div> \n\n<\/div> \n<div class=\"ui--title ui--animation ui--title-bordered text-center\" style=\"margin-top: 25px;\"><div class=\"ui--title-holder\"><h3 class=\"ui--title-text\">Nos clients<\/h3><div class=\"ui--title-borders ui--title-border-left\"><\/div><div class=\"ui--title-borders ui--title-border-right\"><\/div><\/div><\/div><div class=\"ui--client-list-wrapper ui--animation ui-row clearfix\" style=\"margin-top: 20px;\"><div class=\"ui--client-list ui--box ui-row clearfix ui--carousel\" data-options=\"{&quot;effect&quot;:&quot;slide&quot;,&quot;auto_rotate&quot;:&quot;1&quot;,&quot;animation_loop&quot;:&quot;1&quot;,&quot;rotate_time&quot;:0,&quot;arrows&quot;:false,&quot;disable_on_mobile&quot;:false}\"><div class=\"slides\"><div class=\"ui-row row\">\n <div   class=\"ui-column span2\"><div class=\"ui--client ui--carousel-item\"><img decoding=\"async\" src=\"https:\/\/www.a-carrasco.com\/wp-content\/uploads\/2023\/12\/logo-SEAT.jpg\" alt=\"\" title=\"\" class=\"ui--animation\"><\/div><div class=\"vertical-divider\"><\/div><\/div> \n\n <div   class=\"ui-column span2\"><div class=\"ui--client ui--carousel-item\"><img decoding=\"async\" src=\"https:\/\/www.a-carrasco.com\/wp-content\/uploads\/2023\/12\/logo-DGS.jpg\" alt=\"\" title=\"\" class=\"ui--animation\"><\/div><div class=\"vertical-divider\"><\/div><\/div> \n\n <div   class=\"ui-column span2\"><div class=\"ui--client ui--carousel-item\"><img decoding=\"async\" src=\"https:\/\/www.a-carrasco.com\/wp-content\/uploads\/2023\/12\/logo-SKODA.jpg\" alt=\"\" title=\"\" class=\"ui--animation\"><\/div><div class=\"vertical-divider\"><\/div><\/div> \n\n <div   class=\"ui-column span2\"><div class=\"ui--client ui--carousel-item\"><img decoding=\"async\" src=\"https:\/\/www.a-carrasco.com\/wp-content\/uploads\/2023\/12\/logo-LEAR.jpg\" alt=\"\" title=\"\" class=\"ui--animation\"><\/div><div class=\"vertical-divider\"><\/div><\/div> \n\n <div   class=\"ui-column span2\"><div class=\"ui--client ui--carousel-item\"><img decoding=\"async\" src=\"https:\/\/www.a-carrasco.com\/wp-content\/uploads\/2023\/12\/logo-FORVIA.jpg\" alt=\"\" title=\"\" class=\"ui--animation\"><\/div><div class=\"vertical-divider\"><\/div><\/div> \n\n <div   class=\"ui-column span2\"><div class=\"ui--client ui--carousel-item\"><img decoding=\"async\" src=\"https:\/\/www.a-carrasco.com\/wp-content\/uploads\/2023\/12\/logo-FAGOR.jpg\" alt=\"\" title=\"\" class=\"ui--animation\"><\/div><div class=\"vertical-divider\"><\/div><\/div> \n\n<\/div> \n<div class=\"ui-row row\">\n <div   class=\"ui-column span2\"><div class=\"ui--client ui--carousel-item\"><img decoding=\"async\" src=\"https:\/\/www.a-carrasco.com\/wp-content\/uploads\/2023\/12\/logo-RENAULT.jpg\" alt=\"\" title=\"\" class=\"ui--animation\"><\/div><div class=\"vertical-divider\"><\/div><\/div> \n\n <div   class=\"ui-column span2\"><div class=\"ui--client ui--carousel-item\"><img decoding=\"async\" src=\"https:\/\/www.a-carrasco.com\/wp-content\/uploads\/2023\/12\/logo-TOYOTA.jpg\" alt=\"\" title=\"\" class=\"ui--animation\"><\/div><div class=\"vertical-divider\"><\/div><\/div> \n\n <div   class=\"ui-column span2\"><div class=\"ui--client ui--carousel-item\"><img decoding=\"async\" src=\"https:\/\/www.a-carrasco.com\/wp-content\/uploads\/2023\/12\/logo-HANDTMANN.jpg\" alt=\"\" title=\"\" class=\"ui--animation\"><\/div><div class=\"vertical-divider\"><\/div><\/div> \n\n <div   class=\"ui-column span2\"><div class=\"ui--client ui--carousel-item\"><img decoding=\"async\" src=\"https:\/\/www.a-carrasco.com\/wp-content\/uploads\/2023\/12\/logo-NISSAN.jpg\" alt=\"\" title=\"\" class=\"ui--animation\"><\/div><div class=\"vertical-divider\"><\/div><\/div> \n\n <div   class=\"ui-column span2\"><div class=\"ui--client ui--carousel-item\"><img decoding=\"async\" src=\"https:\/\/www.a-carrasco.com\/wp-content\/uploads\/2023\/12\/logo-FORD.jpg\" alt=\"\" title=\"\" class=\"ui--animation\"><\/div><div class=\"vertical-divider\"><\/div><\/div> \n\n <div   class=\"ui-column span2\"><div class=\"ui--client ui--carousel-item\"><img decoding=\"async\" src=\"https:\/\/www.a-carrasco.com\/wp-content\/uploads\/2023\/12\/logo-GESTAM.jpg\" alt=\"\" title=\"\" class=\"ui--animation\"><\/div><div class=\"vertical-divider\"><\/div><\/div> \n\n<\/div> \n<div class=\"ui-row row\">\n <div   class=\"ui-column span2\"><div class=\"ui--client ui--carousel-item\"><img decoding=\"async\" src=\"https:\/\/www.a-carrasco.com\/wp-content\/uploads\/2023\/12\/logo-PESEA.jpg\" alt=\"\" title=\"\" class=\"ui--animation\"><\/div><div class=\"vertical-divider\"><\/div><\/div> \n\n <div   class=\"ui-column span2\"><div class=\"ui--client ui--carousel-item\"><img decoding=\"async\" src=\"https:\/\/www.a-carrasco.com\/wp-content\/uploads\/2023\/12\/logo-GMG.jpg\" alt=\"\" title=\"\" class=\"ui--animation\"><\/div><div class=\"vertical-divider\"><\/div><\/div> \n\n <div   class=\"ui-column span2\"><div class=\"ui--client ui--carousel-item\"><img decoding=\"async\" src=\"https:\/\/www.a-carrasco.com\/wp-content\/uploads\/2023\/12\/logo-SNOP.jpg\" alt=\"\" title=\"\" class=\"ui--animation\"><\/div><div class=\"vertical-divider\"><\/div><\/div> \n\n <div   class=\"ui-column span2\"><div class=\"ui--client ui--carousel-item\"><img decoding=\"async\" src=\"https:\/\/www.a-carrasco.com\/wp-content\/uploads\/2023\/12\/logo-CIE.jpg\" alt=\"\" title=\"\" class=\"ui--animation\"><\/div><div class=\"vertical-divider\"><\/div><\/div> \n\n <div   class=\"ui-column span2\"><div class=\"ui--client ui--carousel-item\"><img decoding=\"async\" src=\"https:\/\/www.a-carrasco.com\/wp-content\/uploads\/2023\/12\/logo-BENTELER.jpg\" alt=\"\" title=\"\" class=\"ui--animation\"><\/div><div class=\"vertical-divider\"><\/div><\/div> \n\n <div   class=\"ui-column span2\"><div class=\"ui--client ui--carousel-item\"><img decoding=\"async\" src=\"https:\/\/www.a-carrasco.com\/wp-content\/uploads\/2023\/12\/logo-ANTOLIN.jpg\" alt=\"\" title=\"\" class=\"ui--animation\"><\/div><div class=\"vertical-divider\"><\/div><\/div> \n\n<\/div> \n<div class=\"ui-row row\">\n <div   class=\"ui-column span2\"><div class=\"ui--client ui--carousel-item\"><img decoding=\"async\" src=\"https:\/\/www.a-carrasco.com\/wp-content\/uploads\/2023\/12\/logo-ENDURANCE.jpg\" alt=\"\" title=\"\" class=\"ui--animation\"><\/div><div class=\"vertical-divider\"><\/div><\/div> \n\n <div   class=\"ui-column span2\"><div class=\"ui--client ui--carousel-item\"><img decoding=\"async\" src=\"https:\/\/www.a-carrasco.com\/wp-content\/uploads\/2023\/12\/logo-OPEL.jpg\" alt=\"\" title=\"\" class=\"ui--animation\"><\/div><div class=\"vertical-divider\"><\/div><\/div> \n\n <div   class=\"ui-column span2\"><div class=\"ui--client ui--carousel-item\"><img decoding=\"async\" src=\"https:\/\/www.a-carrasco.com\/wp-content\/uploads\/2023\/12\/logo-AUTOLIV.jpg\" alt=\"\" title=\"\" class=\"ui--animation\"><\/div><div class=\"vertical-divider\"><\/div><\/div> \n\n <div   class=\"ui-column span2\"><div class=\"ui--client ui--carousel-item\"><img decoding=\"async\" src=\"https:\/\/www.a-carrasco.com\/wp-content\/uploads\/2023\/12\/logo-TCG-UNITEC.jpg\" alt=\"\" title=\"\" class=\"ui--animation\"><\/div><div class=\"vertical-divider\"><\/div><\/div> \n\n <div   class=\"ui-column span2\"><div class=\"ui--client ui--carousel-item\"><img decoding=\"async\" src=\"https:\/\/www.a-carrasco.com\/wp-content\/uploads\/2023\/12\/logo-NEMAK.jpg\" alt=\"\" title=\"\" class=\"ui--animation\"><\/div><div class=\"vertical-divider\"><\/div><\/div> \n\n<\/div> \n<\/div><\/div><div class=\"ui--shadow ui--shadow-type-6  clearfix\"><img decoding=\"async\" src=\"https:\/\/www.a-carrasco.com\/wp-content\/themes\/envision\/includes\/modules\/module.shadow\/shadows\/shadow-6.png\" alt=\"shadow\" \/><\/div><\/div><\/div><\/div><\/div><!-- \/.fullwidth-container -->","protected":false},"excerpt":{"rendered":"<p>Description Ce catalogue a \u00e9t\u00e9 sp\u00e9cialement con\u00e7u \u00e0 partir des besoins des fabricants et des utilisateurs concernant les matrices, de taille moyenne \u00e0 grande, pour le d\u00e9coupage et emboutissage de la t\u00f4le. Il comprend les familles de produits suivantes : Blocs. Colonnes. Bagues et cage \u00e0 billes. Brides. Plaques de frottement. \u00c9querres et plaques. Vis [&hellip;]<\/p>\n","protected":false},"author":1,"featured_media":0,"parent":2256,"menu_order":0,"comment_status":"open","ping_status":"open","template":"","meta":{"footnotes":""},"class_list":["post-2269","page","type-page","status-publish","hentry"],"yoast_head":"<!-- This site is optimized with the Yoast SEO plugin v25.6 - https:\/\/yoast.com\/wordpress\/plugins\/seo\/ -->\n<title>Composants standard - Carrasco<\/title>\n<meta name=\"robots\" content=\"index, follow, max-snippet:-1, max-image-preview:large, max-video-preview:-1\" \/>\n<link rel=\"canonical\" href=\"https:\/\/www.a-carrasco.com\/fr\/decoupage-et-emboutissage-de-la-tole\/composants-standard\/\" \/>\n<meta property=\"og:locale\" content=\"fr_FR\" \/>\n<meta property=\"og:type\" content=\"article\" \/>\n<meta property=\"og:title\" content=\"Composants standard - Carrasco\" \/>\n<meta property=\"og:description\" content=\"Description Ce catalogue a \u00e9t\u00e9 sp\u00e9cialement con\u00e7u \u00e0 partir des besoins des fabricants et des utilisateurs concernant les matrices, de taille moyenne \u00e0 grande, pour le d\u00e9coupage et emboutissage de la t\u00f4le. Il comprend les familles de produits suivantes : Blocs. Colonnes. Bagues et cage \u00e0 billes. Brides. Plaques de frottement. \u00c9querres et plaques. Vis [&hellip;]\" \/>\n<meta property=\"og:url\" content=\"https:\/\/www.a-carrasco.com\/fr\/decoupage-et-emboutissage-de-la-tole\/composants-standard\/\" \/>\n<meta property=\"og:site_name\" content=\"Carrasco\" \/>\n<meta property=\"article:modified_time\" content=\"2023-12-19T17:10:10+00:00\" \/>\n<meta name=\"twitter:card\" content=\"summary_large_image\" \/>\n<script type=\"application\/ld+json\" class=\"yoast-schema-graph\">{\"@context\":\"https:\/\/schema.org\",\"@graph\":[{\"@type\":\"WebPage\",\"@id\":\"https:\/\/www.a-carrasco.com\/fr\/decoupage-et-emboutissage-de-la-tole\/composants-standard\/\",\"url\":\"https:\/\/www.a-carrasco.com\/fr\/decoupage-et-emboutissage-de-la-tole\/composants-standard\/\",\"name\":\"Composants standard - Carrasco\",\"isPartOf\":{\"@id\":\"https:\/\/www.a-carrasco.com\/fr\/#website\"},\"datePublished\":\"2015-03-30T13:59:16+00:00\",\"dateModified\":\"2023-12-19T17:10:10+00:00\",\"breadcrumb\":{\"@id\":\"https:\/\/www.a-carrasco.com\/fr\/decoupage-et-emboutissage-de-la-tole\/composants-standard\/#breadcrumb\"},\"inLanguage\":\"fr-FR\",\"potentialAction\":[{\"@type\":\"ReadAction\",\"target\":[\"https:\/\/www.a-carrasco.com\/fr\/decoupage-et-emboutissage-de-la-tole\/composants-standard\/\"]}]},{\"@type\":\"BreadcrumbList\",\"@id\":\"https:\/\/www.a-carrasco.com\/fr\/decoupage-et-emboutissage-de-la-tole\/composants-standard\/#breadcrumb\",\"itemListElement\":[{\"@type\":\"ListItem\",\"position\":1,\"name\":\"Portada\",\"item\":\"https:\/\/www.a-carrasco.com\/fr\/\"},{\"@type\":\"ListItem\",\"position\":2,\"name\":\"D\u00e9coupage et Emboutissage de la t\u00f4le\",\"item\":\"https:\/\/www.a-carrasco.com\/fr\/decoupage-et-emboutissage-de-la-tole\/\"},{\"@type\":\"ListItem\",\"position\":3,\"name\":\"Composants standard\"}]},{\"@type\":\"WebSite\",\"@id\":\"https:\/\/www.a-carrasco.com\/fr\/#website\",\"url\":\"https:\/\/www.a-carrasco.com\/fr\/\",\"name\":\"Carrasco\",\"description\":\"Efficiency in tool components\",\"potentialAction\":[{\"@type\":\"SearchAction\",\"target\":{\"@type\":\"EntryPoint\",\"urlTemplate\":\"https:\/\/www.a-carrasco.com\/fr\/?s={search_term_string}\"},\"query-input\":{\"@type\":\"PropertyValueSpecification\",\"valueRequired\":true,\"valueName\":\"search_term_string\"}}],\"inLanguage\":\"fr-FR\"}]}<\/script>\n<!-- \/ Yoast SEO plugin. -->","yoast_head_json":{"title":"Composants standard - Carrasco","robots":{"index":"index","follow":"follow","max-snippet":"max-snippet:-1","max-image-preview":"max-image-preview:large","max-video-preview":"max-video-preview:-1"},"canonical":"https:\/\/www.a-carrasco.com\/fr\/decoupage-et-emboutissage-de-la-tole\/composants-standard\/","og_locale":"fr_FR","og_type":"article","og_title":"Composants standard - Carrasco","og_description":"Description Ce catalogue a \u00e9t\u00e9 sp\u00e9cialement con\u00e7u \u00e0 partir des besoins des fabricants et des utilisateurs concernant les matrices, de taille moyenne \u00e0 grande, pour le d\u00e9coupage et emboutissage de la t\u00f4le. Il comprend les familles de produits suivantes : Blocs. Colonnes. Bagues et cage \u00e0 billes. Brides. Plaques de frottement. \u00c9querres et plaques. Vis [&hellip;]","og_url":"https:\/\/www.a-carrasco.com\/fr\/decoupage-et-emboutissage-de-la-tole\/composants-standard\/","og_site_name":"Carrasco","article_modified_time":"2023-12-19T17:10:10+00:00","twitter_card":"summary_large_image","schema":{"@context":"https:\/\/schema.org","@graph":[{"@type":"WebPage","@id":"https:\/\/www.a-carrasco.com\/fr\/decoupage-et-emboutissage-de-la-tole\/composants-standard\/","url":"https:\/\/www.a-carrasco.com\/fr\/decoupage-et-emboutissage-de-la-tole\/composants-standard\/","name":"Composants standard - Carrasco","isPartOf":{"@id":"https:\/\/www.a-carrasco.com\/fr\/#website"},"datePublished":"2015-03-30T13:59:16+00:00","dateModified":"2023-12-19T17:10:10+00:00","breadcrumb":{"@id":"https:\/\/www.a-carrasco.com\/fr\/decoupage-et-emboutissage-de-la-tole\/composants-standard\/#breadcrumb"},"inLanguage":"fr-FR","potentialAction":[{"@type":"ReadAction","target":["https:\/\/www.a-carrasco.com\/fr\/decoupage-et-emboutissage-de-la-tole\/composants-standard\/"]}]},{"@type":"BreadcrumbList","@id":"https:\/\/www.a-carrasco.com\/fr\/decoupage-et-emboutissage-de-la-tole\/composants-standard\/#breadcrumb","itemListElement":[{"@type":"ListItem","position":1,"name":"Portada","item":"https:\/\/www.a-carrasco.com\/fr\/"},{"@type":"ListItem","position":2,"name":"D\u00e9coupage et Emboutissage de la t\u00f4le","item":"https:\/\/www.a-carrasco.com\/fr\/decoupage-et-emboutissage-de-la-tole\/"},{"@type":"ListItem","position":3,"name":"Composants standard"}]},{"@type":"WebSite","@id":"https:\/\/www.a-carrasco.com\/fr\/#website","url":"https:\/\/www.a-carrasco.com\/fr\/","name":"Carrasco","description":"Efficiency in tool components","potentialAction":[{"@type":"SearchAction","target":{"@type":"EntryPoint","urlTemplate":"https:\/\/www.a-carrasco.com\/fr\/?s={search_term_string}"},"query-input":{"@type":"PropertyValueSpecification","valueRequired":true,"valueName":"search_term_string"}}],"inLanguage":"fr-FR"}]}},"_links":{"self":[{"href":"https:\/\/www.a-carrasco.com\/fr\/wp-json\/wp\/v2\/pages\/2269"}],"collection":[{"href":"https:\/\/www.a-carrasco.com\/fr\/wp-json\/wp\/v2\/pages"}],"about":[{"href":"https:\/\/www.a-carrasco.com\/fr\/wp-json\/wp\/v2\/types\/page"}],"author":[{"embeddable":true,"href":"https:\/\/www.a-carrasco.com\/fr\/wp-json\/wp\/v2\/users\/1"}],"replies":[{"embeddable":true,"href":"https:\/\/www.a-carrasco.com\/fr\/wp-json\/wp\/v2\/comments?post=2269"}],"version-history":[{"count":17,"href":"https:\/\/www.a-carrasco.com\/fr\/wp-json\/wp\/v2\/pages\/2269\/revisions"}],"predecessor-version":[{"id":5717,"href":"https:\/\/www.a-carrasco.com\/fr\/wp-json\/wp\/v2\/pages\/2269\/revisions\/5717"}],"up":[{"embeddable":true,"href":"https:\/\/www.a-carrasco.com\/fr\/wp-json\/wp\/v2\/pages\/2256"}],"wp:attachment":[{"href":"https:\/\/www.a-carrasco.com\/fr\/wp-json\/wp\/v2\/media?parent=2269"}],"curies":[{"name":"wp","href":"https:\/\/api.w.org\/{rel}","templated":true}]}}