{"id":2249,"date":"2015-03-11T16:10:56","date_gmt":"2015-03-11T15:10:56","guid":{"rendered":"http:\/\/a-carrasco.com.mialias.net\/fonderie-sous-pression\/tubulares-especiales\/"},"modified":"2023-12-19T18:59:44","modified_gmt":"2023-12-19T16:59:44","slug":"ejecteurs-tubulaires-speciaux","status":"publish","type":"page","link":"https:\/\/www.a-carrasco.com\/fr\/fonderie-sous-pression\/ejecteurs-tubulaires-speciaux\/","title":{"rendered":"Ejecteurs tubulaires sp\u00e9ciaux"},"content":{"rendered":"<div  class=\"fullwidth-content ui--section clearfix\"><div  class=\"ui--section-content\"><div class=\"container\"><div class=\"ui-row row\">\n <div   class=\"ui-column span9\"><div class=\"ui-row row\">\n <div   class=\"ui-column span4\"><div class=\"ui--image-wrap clearfix\"><img decoding=\"async\"  id=\"ui--image-1\" class=\"ui--image ui--animation\" src=\"https:\/\/a-carrasco.com\/wp-content\/uploads\/2015\/11\/Tubular_3D_3_g.jpg\" alt=\"Tubular_3D_3_g\" title=\"Tubular_3D_3_g\" data-at2x=\"\"\/><\/div><\/div> \n\n <div   class=\"ui-column span8\"><div  class=\"ui--accordion ui--box ui--animation clearfix\"><div  class=\"ui--accordion-item ui--gradient ui--gradient-grey on--hover ui-row first-item ui--accordion-state-opened accordion-1-1\"><a href=\"#accordion-1-1\" class=\"ui--accordion-item-title heading\"><div><span class=\"ui--accordion-item-title-text\">Description<\/span><\/div><\/a><div id=\"accordion-1-1\" class=\"ui--accordion-item-content\"> <div class=\"auto-format ui--animation\"><p>CARRASCO dispose des \u00e9quipements et des machines de pr\u00e9cision n\u00e9cessaires pour la fabrication des \u00e9jecteurs  tubulaires les plus critiques pour moules de fonderie sous pression d\u2019aluminium.  <\/p>\n<p>L\u2019am\u00e9lioration constante de leur dur\u00e9e de vie et de leur fiabilit\u00e9 est primordiale pour obtenir des augmentations importantes de productivit\u00e9. <\/p>\n<\/div> <\/div><\/div><div  class=\"ui--accordion-item ui--gradient ui--gradient-grey on--hover ui-row ui--accordion-state-closed accordion-1-2\"><a href=\"#accordion-1-2\" class=\"ui--accordion-item-title heading\"><div><span class=\"ui--accordion-item-title-text\">Capacit\u00e9s<\/span><\/div><\/a><div id=\"accordion-1-2\" class=\"ui--accordion-item-content\"> <div class=\"auto-format ui--animation\"><p>Mat\u00e9riaux :<br \/>\nAciers pour outils de haute puret\u00e9 et homog\u00e9n\u00e9it\u00e9, traditionnels pour le travail \u00e0 chaud et de nouvelle g\u00e9n\u00e9ration \/ \u00e0 haute conductivit\u00e9 thermique.<\/p>\n<p>Proc\u00e9d\u00e9s :<br \/>\nPolissage \u2013 Traitement thermique \u2013 Usinage de pr\u00e9cision \u2013 Traitements thermochimiques superficiels (nitruration\u2026) \u2013 Rev\u00eatements superficiels (PVD).<\/p>\n<p>\u201cAm\u00e9liorations pratiques de fabrication\u201d: ex\u00e9cution sp\u00e9ciale de finitions de surfaces et de rayons \/ zones de concentration de tensions.<\/p>\n<p>Inspection :<br \/>\nCompl\u00e8te, avec des \u00e9quipements de haute pr\u00e9cision.<\/p>\n<\/div> <\/div><\/div><div  class=\"ui--accordion-item ui--gradient ui--gradient-grey on--hover ui-row last-item ui--accordion-state-closed accordion-1-3\"><a href=\"#accordion-1-3\" class=\"ui--accordion-item-title heading\"><div><span class=\"ui--accordion-item-title-text\">Mesures<\/span><\/div><\/a><div id=\"accordion-1-3\" class=\"ui--accordion-item-content\"> <div class=\"auto-format ui--animation\"><p>Voir \u00e9galement la gamme disponible dans notre catalogue de composants standard.<div  class=\"ui--icon-box position--left\"><span class=\"ui--icon-box-icon ui--animation\" data-fx=\"fx--fadein-ltr\"><a href=\"https:\/\/a-carrasco.com\/fr\/fonderie-sous-pression\/composants-standard\/\"><i class=\"ui--icon fontawesome-circle-arrow-right icon-inline-block\" style=\"font-size: 16px;  width: 20px;  height: 20px;\"><\/i><\/a><\/span><div  class=\"ui--icon-box-content\"><h5 class=\"ui--icon-box-title ui--animation text-left\" data-fx=\"fx--fadein-ltr\"><span ><a href=\"https:\/\/a-carrasco.com\/fr\/fonderie-sous-pression\/composants-standard\/\">Aller au catalogue<br \/>\n<\/a><\/span><\/h5><\/div><\/div><\/p>\n<\/div> <\/div><\/div><\/div><div class=\"text-center ui--animation ui--button-wrapper\" style=\"\" data-fx=\"fx--fadein-ltr\"><div class=\"ui--block\"><a class=\"btn btn-large btn-block btn-icon-left with-icon button-hover btn-primary radius-3px\" href=\"https:\/\/a-carrasco.com\/fr\/contact\/\"><span class=\"button-icon\"><i class=\"ui--icon ui--icon btn-icon icon-normal icomoon-mail-4\"><\/i><\/span>Demandez des informations<\/a> <div class=\"ui--shadow ui--shadow-type-3 ui--shadow-abs clearfix\"><img decoding=\"async\" src=\"https:\/\/www.a-carrasco.com\/wp-content\/themes\/envision\/includes\/modules\/module.shadow\/shadows\/shadow-3.png\" alt=\"shadow\" \/><\/div><\/div><\/div><\/div> \n\n<\/div> \n<div class=\"ui--title ui--animation ui--title-bordered text-left\"><div class=\"ui--title-holder\"><h3 class=\"ui--title-text\">Nos produits<\/h3><div class=\"ui--title-borders ui--title-border-left\"><\/div><div class=\"ui--title-borders ui--title-border-right\"><\/div><\/div><\/div><div id=\"ui--gallery-1\" class=\"ui--gallery ui--pass\" data-columns=\"4\"><div class=\"unstyled-all clearfix ui--gallery-wrapper columns-4 \"><div class=\"ui-row row\">\n <div   class=\"ui-column span3\"><div class=\"ui--gallery-item ui--animation\"><div class=\"inner\"><a href=\"https:\/\/a-carrasco.com\/wp-content\/uploads\/2015\/09\/Tubulares_G_2.jpg\" target=\"_blank\" data-rel=\"prettyPhoto[ui--gallery-1]\"><img decoding=\"async\" src=\"https:\/\/a-carrasco.com\/wp-content\/uploads\/2015\/09\/Tubulares_G_2.jpg\" class=\"\" alt=\"Ejecteurs tubulaires sp\u00e9ciaux\"\/><div class=\"ui--gallery-overlay\"><div class=\"center\"><span class=\"btn btn-normal btn-icon-left btn-0f23dyti5f btn-custom-color ui--animation\" href=\"#\" style=\"\"><i class=\"ui--icon fontawesome-fullscreen\"><\/i><\/span> <\/div><\/div><\/a><\/div><\/div><\/div> \n\n <div   class=\"ui-column span3\"><div class=\"ui--gallery-item ui--animation\"><div class=\"inner\"><a href=\"https:\/\/a-carrasco.com\/wp-content\/uploads\/2015\/09\/Tubulares_E_1.jpg\" target=\"_blank\" data-rel=\"prettyPhoto[ui--gallery-1]\"><img decoding=\"async\" src=\"https:\/\/a-carrasco.com\/wp-content\/uploads\/2015\/09\/Tubulares_E_1.jpg\" class=\"\" alt=\"Ejecteurs tubulaires sp\u00e9ciaux\"\/><div class=\"ui--gallery-overlay\"><div class=\"center\"><span class=\"btn btn-normal btn-icon-left btn-0f23dyti5f btn-custom-color ui--animation\" href=\"#\" style=\"\"><i class=\"ui--icon fontawesome-fullscreen\"><\/i><\/span> <\/div><\/div><\/a><\/div><\/div><\/div> \n\n <div   class=\"ui-column span3\"><div class=\"ui--gallery-item ui--animation\"><div class=\"inner\"><a href=\"https:\/\/a-carrasco.com\/wp-content\/uploads\/2015\/09\/Tubulares_D_4.jpg\" target=\"_blank\" data-rel=\"prettyPhoto[ui--gallery-1]\"><img decoding=\"async\" src=\"https:\/\/a-carrasco.com\/wp-content\/uploads\/2015\/09\/Tubulares_D_4.jpg\" class=\"\" alt=\"Ejecteurs tubulaires sp\u00e9ciaux\"\/><div class=\"ui--gallery-overlay\"><div class=\"center\"><span class=\"btn btn-normal btn-icon-left btn-0f23dyti5f btn-custom-color ui--animation\" href=\"#\" style=\"\"><i class=\"ui--icon fontawesome-fullscreen\"><\/i><\/span> <\/div><\/div><\/a><\/div><\/div><\/div> \n\n <div   class=\"ui-column span3\"><div class=\"ui--gallery-item ui--animation\"><div class=\"inner\"><a href=\"https:\/\/a-carrasco.com\/wp-content\/uploads\/2015\/09\/Tubulares_C_5.jpg\" target=\"_blank\" data-rel=\"prettyPhoto[ui--gallery-1]\"><img decoding=\"async\" src=\"https:\/\/a-carrasco.com\/wp-content\/uploads\/2015\/09\/Tubulares_C_5.jpg\" class=\"\" alt=\"Ejecteurs tubulaires sp\u00e9ciaux\"\/><div class=\"ui--gallery-overlay\"><div class=\"center\"><span class=\"btn btn-normal btn-icon-left btn-0f23dyti5f btn-custom-color ui--animation\" href=\"#\" style=\"\"><i class=\"ui--icon fontawesome-fullscreen\"><\/i><\/span> <\/div><\/div><\/a><\/div><\/div><\/div> \n\n<\/div> \n<\/div><div class=\"clearfix\"><\/div><\/div><\/div> \n\n <div   class=\"ui-column span3\"><div class=\"ui--title ui--animation ui--title-bordered text-left\"><div class=\"ui--title-holder\"><h4 class=\"ui--title-text\">Composants pour FP<\/h4><div style=\"border-color: #e5352c !important;\" class=\"ui--title-borders ui--title-border-left\"><\/div><div style=\"border-color: #e5352c !important;\" class=\"ui--title-borders ui--title-border-right\"><\/div><\/div><\/div><div class=\"ui--custom-menu-bar ui--gradient ui--gradient-grey hover-effect ui--box orientation-vertical ui--height-thin text-left clearfix\"><ul class=\"unstyled clearfix\"><li class=\"first-item ui--gradient-grey ui--icon-position-left\" title=\"\"><a href=\"https:\/\/a-carrasco.com\/fr\/fonderie-sous-pression\/jet-cooling\/\"><i class=\"ui--icon icomoon-resize-2\" style=\"color: #e5352c !important;\"><\/i> HPPC -Jet Cooling- <\/a><\/li><li class=\"ui--gradient-grey ui--icon-position-left\" title=\"\"><a href=\"https:\/\/a-carrasco.com\/fr\/fonderie-sous-pression\/broches\/\"><i class=\"ui--icon icomoon-resize-2\" style=\"color: #e5352c !important;\"><\/i> Broches <\/a><\/li><li class=\"ui--gradient-grey ui--icon-position-left\" title=\"\"><a href=\"https:\/\/a-carrasco.com\/fr\/fonderie-sous-pression\/inserts\/\"><i class=\"ui--icon icomoon-resize-2\" style=\"color: #e5352c !important;\"><\/i> Inserts <\/a><\/li><li class=\"ui--gradient-grey ui--icon-position-left\" title=\"\"><a href=\"https:\/\/a-carrasco.com\/fr\/fonderie-sous-pression\/chambre-deau-rapportee\/\"><i class=\"ui--icon icomoon-resize-2\" style=\"color: #e5352c !important;\"><\/i> Chambre d\u2019eau rapport\u00e9e  <\/a><\/li><li class=\"ui--gradient-grey ui--icon-position-left\" title=\"\"><a href=\"https:\/\/a-carrasco.com\/fr\/fonderie-sous-pression\/verins-a-gaz\/\"><i class=\"ui--icon icomoon-resize-2\" style=\"color: #e5352c !important;\"><\/i> V\u00e9rins \u00e0 gaz <\/a><\/li><li class=\"ui--gradient-grey ui--icon-position-left\" title=\"\"><a href=\"https:\/\/a-carrasco.com\/fr\/fonderie-sous-pression\/ejecteurs-tubulaires-speciaux\/\"><i class=\"ui--icon icomoon-resize-2\" style=\"color: #e5352c !important;\"><\/i> Ejecteurs tubulaires sp\u00e9ciaux <\/a><\/li><li class=\"ui--gradient-grey ui--icon-position-left\" title=\"\"><a href=\"https:\/\/a-carrasco.com\/fr\/fonderie-sous-pression\/dateurs-et-indicateurs\/\"><i class=\"ui--icon icomoon-resize-2\" style=\"color: #e5352c !important;\"><\/i> Dateurs et indicateurs <\/a><\/li><li class=\"last-item ui--gradient-grey ui--icon-position-left\" title=\"\"><a href=\"https:\/\/a-carrasco.com\/fr\/fonderie-sous-pression\/composants-standard\/\"><i class=\"ui--icon icomoon-resize-2\" style=\"color: #e5352c !important;\"><\/i> Composants standard <\/a><\/li><\/ul><\/div><\/div> \n\n<\/div> \n<div class=\"ui--title ui--animation ui--title-bordered text-center\" style=\"margin-top: 25px;\"><div class=\"ui--title-holder\"><h3 class=\"ui--title-text\">Nos clients<\/h3><div class=\"ui--title-borders ui--title-border-left\"><\/div><div class=\"ui--title-borders ui--title-border-right\"><\/div><\/div><\/div><div class=\"ui--client-list-wrapper ui--animation ui-row clearfix\" style=\"margin-top: 20px;\"><div class=\"ui--client-list ui--box ui-row clearfix ui--carousel\" data-options=\"{&quot;effect&quot;:&quot;slide&quot;,&quot;auto_rotate&quot;:&quot;1&quot;,&quot;animation_loop&quot;:&quot;1&quot;,&quot;rotate_time&quot;:0,&quot;arrows&quot;:false,&quot;disable_on_mobile&quot;:false}\"><div class=\"slides\"><div class=\"ui-row row\">\n <div   class=\"ui-column span2\"><div class=\"ui--client ui--carousel-item\"><img decoding=\"async\" src=\"https:\/\/www.a-carrasco.com\/wp-content\/uploads\/2023\/12\/logo-FORVIA.jpg\" alt=\"\" title=\"\" class=\"ui--animation\"><\/div><div class=\"vertical-divider\"><\/div><\/div> \n\n <div   class=\"ui-column span2\"><div class=\"ui--client ui--carousel-item\"><img decoding=\"async\" src=\"https:\/\/www.a-carrasco.com\/wp-content\/uploads\/2023\/12\/logo-AUTOLIV.jpg\" alt=\"\" title=\"\" class=\"ui--animation\"><\/div><div class=\"vertical-divider\"><\/div><\/div> \n\n <div   class=\"ui-column span2\"><div class=\"ui--client ui--carousel-item\"><img decoding=\"async\" src=\"https:\/\/www.a-carrasco.com\/wp-content\/uploads\/2023\/12\/logo-SEAT.jpg\" alt=\"\" title=\"\" class=\"ui--animation\"><\/div><div class=\"vertical-divider\"><\/div><\/div> \n\n <div   class=\"ui-column span2\"><div class=\"ui--client ui--carousel-item\"><img decoding=\"async\" src=\"https:\/\/www.a-carrasco.com\/wp-content\/uploads\/2023\/12\/logo-ENDURANCE.jpg\" alt=\"\" title=\"\" class=\"ui--animation\"><\/div><div class=\"vertical-divider\"><\/div><\/div> \n\n <div   class=\"ui-column span2\"><div class=\"ui--client ui--carousel-item\"><img decoding=\"async\" src=\"https:\/\/www.a-carrasco.com\/wp-content\/uploads\/2023\/12\/logo-NEMAK.jpg\" alt=\"\" title=\"\" class=\"ui--animation\"><\/div><div class=\"vertical-divider\"><\/div><\/div> \n\n <div   class=\"ui-column span2\"><div class=\"ui--client ui--carousel-item\"><img decoding=\"async\" src=\"https:\/\/www.a-carrasco.com\/wp-content\/uploads\/2023\/12\/logo-NISSAN.jpg\" alt=\"\" title=\"\" class=\"ui--animation\"><\/div><div class=\"vertical-divider\"><\/div><\/div> \n\n<\/div> \n<div class=\"ui-row row\">\n <div   class=\"ui-column span2\"><div class=\"ui--client ui--carousel-item\"><img decoding=\"async\" src=\"https:\/\/www.a-carrasco.com\/wp-content\/uploads\/2023\/12\/logo-GESTAM.jpg\" alt=\"\" title=\"\" class=\"ui--animation\"><\/div><div class=\"vertical-divider\"><\/div><\/div> \n\n <div   class=\"ui-column span2\"><div class=\"ui--client ui--carousel-item\"><img decoding=\"async\" src=\"https:\/\/www.a-carrasco.com\/wp-content\/uploads\/2023\/12\/logo-CIE.jpg\" alt=\"\" title=\"\" class=\"ui--animation\"><\/div><div class=\"vertical-divider\"><\/div><\/div> \n\n <div   class=\"ui-column span2\"><div class=\"ui--client ui--carousel-item\"><img decoding=\"async\" src=\"https:\/\/www.a-carrasco.com\/wp-content\/uploads\/2023\/12\/logo-DGS.jpg\" alt=\"\" title=\"\" class=\"ui--animation\"><\/div><div class=\"vertical-divider\"><\/div><\/div> \n\n <div   class=\"ui-column span2\"><div class=\"ui--client ui--carousel-item\"><img decoding=\"async\" src=\"https:\/\/www.a-carrasco.com\/wp-content\/uploads\/2023\/12\/logo-ANTOLIN.jpg\" alt=\"\" title=\"\" class=\"ui--animation\"><\/div><div class=\"vertical-divider\"><\/div><\/div> \n\n <div   class=\"ui-column span2\"><div class=\"ui--client ui--carousel-item\"><img decoding=\"async\" src=\"https:\/\/www.a-carrasco.com\/wp-content\/uploads\/2023\/12\/logo-OPEL.jpg\" alt=\"\" title=\"\" class=\"ui--animation\"><\/div><div class=\"vertical-divider\"><\/div><\/div> \n\n <div   class=\"ui-column span2\"><div class=\"ui--client ui--carousel-item\"><img decoding=\"async\" src=\"https:\/\/www.a-carrasco.com\/wp-content\/uploads\/2023\/12\/logo-SNOP.jpg\" alt=\"\" title=\"\" class=\"ui--animation\"><\/div><div class=\"vertical-divider\"><\/div><\/div> \n\n<\/div> \n<div class=\"ui-row row\">\n <div   class=\"ui-column span2\"><div class=\"ui--client ui--carousel-item\"><img decoding=\"async\" src=\"https:\/\/www.a-carrasco.com\/wp-content\/uploads\/2023\/12\/logo-TCG-UNITEC.jpg\" alt=\"\" title=\"\" class=\"ui--animation\"><\/div><div class=\"vertical-divider\"><\/div><\/div> \n\n <div   class=\"ui-column span2\"><div class=\"ui--client ui--carousel-item\"><img decoding=\"async\" src=\"https:\/\/www.a-carrasco.com\/wp-content\/uploads\/2023\/12\/logo-FORD.jpg\" alt=\"\" title=\"\" class=\"ui--animation\"><\/div><div class=\"vertical-divider\"><\/div><\/div> \n\n <div   class=\"ui-column span2\"><div class=\"ui--client ui--carousel-item\"><img decoding=\"async\" src=\"https:\/\/www.a-carrasco.com\/wp-content\/uploads\/2023\/12\/logo-BENTELER.jpg\" alt=\"\" title=\"\" class=\"ui--animation\"><\/div><div class=\"vertical-divider\"><\/div><\/div> \n\n <div   class=\"ui-column span2\"><div class=\"ui--client ui--carousel-item\"><img decoding=\"async\" src=\"https:\/\/www.a-carrasco.com\/wp-content\/uploads\/2023\/12\/logo-SKODA.jpg\" alt=\"\" title=\"\" class=\"ui--animation\"><\/div><div class=\"vertical-divider\"><\/div><\/div> \n\n <div   class=\"ui-column span2\"><div class=\"ui--client ui--carousel-item\"><img decoding=\"async\" src=\"https:\/\/www.a-carrasco.com\/wp-content\/uploads\/2023\/12\/logo-GMG.jpg\" alt=\"\" title=\"\" class=\"ui--animation\"><\/div><div class=\"vertical-divider\"><\/div><\/div> \n\n <div   class=\"ui-column span2\"><div class=\"ui--client ui--carousel-item\"><img decoding=\"async\" src=\"https:\/\/www.a-carrasco.com\/wp-content\/uploads\/2023\/12\/logo-FAGOR.jpg\" alt=\"\" title=\"\" class=\"ui--animation\"><\/div><div class=\"vertical-divider\"><\/div><\/div> \n\n<\/div> \n<div class=\"ui-row row\">\n <div   class=\"ui-column span2\"><div class=\"ui--client ui--carousel-item\"><img decoding=\"async\" src=\"https:\/\/www.a-carrasco.com\/wp-content\/uploads\/2023\/12\/logo-LEAR.jpg\" alt=\"\" title=\"\" class=\"ui--animation\"><\/div><div class=\"vertical-divider\"><\/div><\/div> \n\n <div   class=\"ui-column span2\"><div class=\"ui--client ui--carousel-item\"><img decoding=\"async\" src=\"https:\/\/www.a-carrasco.com\/wp-content\/uploads\/2023\/12\/logo-PESEA.jpg\" alt=\"\" title=\"\" class=\"ui--animation\"><\/div><div class=\"vertical-divider\"><\/div><\/div> \n\n <div   class=\"ui-column span2\"><div class=\"ui--client ui--carousel-item\"><img decoding=\"async\" src=\"https:\/\/www.a-carrasco.com\/wp-content\/uploads\/2023\/12\/logo-HANDTMANN.jpg\" alt=\"\" title=\"\" class=\"ui--animation\"><\/div><div class=\"vertical-divider\"><\/div><\/div> \n\n <div   class=\"ui-column span2\"><div class=\"ui--client ui--carousel-item\"><img decoding=\"async\" src=\"https:\/\/www.a-carrasco.com\/wp-content\/uploads\/2023\/12\/logo-TOYOTA.jpg\" alt=\"\" title=\"\" class=\"ui--animation\"><\/div><div class=\"vertical-divider\"><\/div><\/div> \n\n <div   class=\"ui-column span2\"><div class=\"ui--client ui--carousel-item\"><img decoding=\"async\" src=\"https:\/\/www.a-carrasco.com\/wp-content\/uploads\/2023\/12\/logo-RENAULT.jpg\" alt=\"\" title=\"\" class=\"ui--animation\"><\/div><div class=\"vertical-divider\"><\/div><\/div> \n\n<\/div> \n<\/div><\/div><div class=\"ui--shadow ui--shadow-type-6  clearfix\"><img decoding=\"async\" src=\"https:\/\/www.a-carrasco.com\/wp-content\/themes\/envision\/includes\/modules\/module.shadow\/shadows\/shadow-6.png\" alt=\"shadow\" \/><\/div><\/div><\/div><\/div><\/div><!-- \/.fullwidth-container -->","protected":false},"excerpt":{"rendered":"<p>Description CARRASCO dispose des \u00e9quipements et des machines de pr\u00e9cision n\u00e9cessaires pour la fabrication des \u00e9jecteurs tubulaires les plus critiques pour moules de fonderie sous pression d\u2019aluminium. L\u2019am\u00e9lioration constante de leur dur\u00e9e de vie et de leur fiabilit\u00e9 est primordiale pour obtenir des augmentations importantes de productivit\u00e9. Capacit\u00e9s Mat\u00e9riaux : Aciers pour outils de haute [&hellip;]<\/p>\n","protected":false},"author":1,"featured_media":0,"parent":2222,"menu_order":0,"comment_status":"open","ping_status":"open","template":"","meta":{"footnotes":""},"class_list":["post-2249","page","type-page","status-publish","hentry"],"yoast_head":"<!-- This site is optimized with the Yoast SEO plugin v25.6 - https:\/\/yoast.com\/wordpress\/plugins\/seo\/ -->\n<title>Ejecteurs tubulaires sp\u00e9ciaux - Carrasco<\/title>\n<meta name=\"robots\" content=\"index, follow, max-snippet:-1, max-image-preview:large, max-video-preview:-1\" \/>\n<link rel=\"canonical\" href=\"https:\/\/www.a-carrasco.com\/fr\/fonderie-sous-pression\/ejecteurs-tubulaires-speciaux\/\" \/>\n<meta property=\"og:locale\" content=\"fr_FR\" \/>\n<meta property=\"og:type\" content=\"article\" \/>\n<meta property=\"og:title\" content=\"Ejecteurs tubulaires sp\u00e9ciaux - Carrasco\" \/>\n<meta property=\"og:description\" content=\"Description CARRASCO dispose des \u00e9quipements et des machines de pr\u00e9cision n\u00e9cessaires pour la fabrication des \u00e9jecteurs tubulaires les plus critiques pour moules de fonderie sous pression d\u2019aluminium. L\u2019am\u00e9lioration constante de leur dur\u00e9e de vie et de leur fiabilit\u00e9 est primordiale pour obtenir des augmentations importantes de productivit\u00e9. Capacit\u00e9s Mat\u00e9riaux : Aciers pour outils de haute [&hellip;]\" \/>\n<meta property=\"og:url\" content=\"https:\/\/www.a-carrasco.com\/fr\/fonderie-sous-pression\/ejecteurs-tubulaires-speciaux\/\" \/>\n<meta property=\"og:site_name\" content=\"Carrasco\" \/>\n<meta property=\"article:modified_time\" content=\"2023-12-19T16:59:44+00:00\" \/>\n<meta name=\"twitter:card\" content=\"summary_large_image\" \/>\n<script type=\"application\/ld+json\" class=\"yoast-schema-graph\">{\"@context\":\"https:\/\/schema.org\",\"@graph\":[{\"@type\":\"WebPage\",\"@id\":\"https:\/\/www.a-carrasco.com\/fr\/fonderie-sous-pression\/ejecteurs-tubulaires-speciaux\/\",\"url\":\"https:\/\/www.a-carrasco.com\/fr\/fonderie-sous-pression\/ejecteurs-tubulaires-speciaux\/\",\"name\":\"Ejecteurs tubulaires sp\u00e9ciaux - Carrasco\",\"isPartOf\":{\"@id\":\"https:\/\/www.a-carrasco.com\/fr\/#website\"},\"datePublished\":\"2015-03-11T15:10:56+00:00\",\"dateModified\":\"2023-12-19T16:59:44+00:00\",\"breadcrumb\":{\"@id\":\"https:\/\/www.a-carrasco.com\/fr\/fonderie-sous-pression\/ejecteurs-tubulaires-speciaux\/#breadcrumb\"},\"inLanguage\":\"fr-FR\",\"potentialAction\":[{\"@type\":\"ReadAction\",\"target\":[\"https:\/\/www.a-carrasco.com\/fr\/fonderie-sous-pression\/ejecteurs-tubulaires-speciaux\/\"]}]},{\"@type\":\"BreadcrumbList\",\"@id\":\"https:\/\/www.a-carrasco.com\/fr\/fonderie-sous-pression\/ejecteurs-tubulaires-speciaux\/#breadcrumb\",\"itemListElement\":[{\"@type\":\"ListItem\",\"position\":1,\"name\":\"Portada\",\"item\":\"https:\/\/www.a-carrasco.com\/fr\/\"},{\"@type\":\"ListItem\",\"position\":2,\"name\":\"Fonderie sous Pression\",\"item\":\"https:\/\/www.a-carrasco.com\/fr\/fonderie-sous-pression\/\"},{\"@type\":\"ListItem\",\"position\":3,\"name\":\"Ejecteurs tubulaires sp\u00e9ciaux\"}]},{\"@type\":\"WebSite\",\"@id\":\"https:\/\/www.a-carrasco.com\/fr\/#website\",\"url\":\"https:\/\/www.a-carrasco.com\/fr\/\",\"name\":\"Carrasco\",\"description\":\"Efficiency in tool components\",\"potentialAction\":[{\"@type\":\"SearchAction\",\"target\":{\"@type\":\"EntryPoint\",\"urlTemplate\":\"https:\/\/www.a-carrasco.com\/fr\/?s={search_term_string}\"},\"query-input\":{\"@type\":\"PropertyValueSpecification\",\"valueRequired\":true,\"valueName\":\"search_term_string\"}}],\"inLanguage\":\"fr-FR\"}]}<\/script>\n<!-- \/ Yoast SEO plugin. -->","yoast_head_json":{"title":"Ejecteurs tubulaires sp\u00e9ciaux - Carrasco","robots":{"index":"index","follow":"follow","max-snippet":"max-snippet:-1","max-image-preview":"max-image-preview:large","max-video-preview":"max-video-preview:-1"},"canonical":"https:\/\/www.a-carrasco.com\/fr\/fonderie-sous-pression\/ejecteurs-tubulaires-speciaux\/","og_locale":"fr_FR","og_type":"article","og_title":"Ejecteurs tubulaires sp\u00e9ciaux - Carrasco","og_description":"Description CARRASCO dispose des \u00e9quipements et des machines de pr\u00e9cision n\u00e9cessaires pour la fabrication des \u00e9jecteurs tubulaires les plus critiques pour moules de fonderie sous pression d\u2019aluminium. L\u2019am\u00e9lioration constante de leur dur\u00e9e de vie et de leur fiabilit\u00e9 est primordiale pour obtenir des augmentations importantes de productivit\u00e9. Capacit\u00e9s Mat\u00e9riaux : Aciers pour outils de haute [&hellip;]","og_url":"https:\/\/www.a-carrasco.com\/fr\/fonderie-sous-pression\/ejecteurs-tubulaires-speciaux\/","og_site_name":"Carrasco","article_modified_time":"2023-12-19T16:59:44+00:00","twitter_card":"summary_large_image","schema":{"@context":"https:\/\/schema.org","@graph":[{"@type":"WebPage","@id":"https:\/\/www.a-carrasco.com\/fr\/fonderie-sous-pression\/ejecteurs-tubulaires-speciaux\/","url":"https:\/\/www.a-carrasco.com\/fr\/fonderie-sous-pression\/ejecteurs-tubulaires-speciaux\/","name":"Ejecteurs tubulaires sp\u00e9ciaux - Carrasco","isPartOf":{"@id":"https:\/\/www.a-carrasco.com\/fr\/#website"},"datePublished":"2015-03-11T15:10:56+00:00","dateModified":"2023-12-19T16:59:44+00:00","breadcrumb":{"@id":"https:\/\/www.a-carrasco.com\/fr\/fonderie-sous-pression\/ejecteurs-tubulaires-speciaux\/#breadcrumb"},"inLanguage":"fr-FR","potentialAction":[{"@type":"ReadAction","target":["https:\/\/www.a-carrasco.com\/fr\/fonderie-sous-pression\/ejecteurs-tubulaires-speciaux\/"]}]},{"@type":"BreadcrumbList","@id":"https:\/\/www.a-carrasco.com\/fr\/fonderie-sous-pression\/ejecteurs-tubulaires-speciaux\/#breadcrumb","itemListElement":[{"@type":"ListItem","position":1,"name":"Portada","item":"https:\/\/www.a-carrasco.com\/fr\/"},{"@type":"ListItem","position":2,"name":"Fonderie sous Pression","item":"https:\/\/www.a-carrasco.com\/fr\/fonderie-sous-pression\/"},{"@type":"ListItem","position":3,"name":"Ejecteurs tubulaires sp\u00e9ciaux"}]},{"@type":"WebSite","@id":"https:\/\/www.a-carrasco.com\/fr\/#website","url":"https:\/\/www.a-carrasco.com\/fr\/","name":"Carrasco","description":"Efficiency in tool components","potentialAction":[{"@type":"SearchAction","target":{"@type":"EntryPoint","urlTemplate":"https:\/\/www.a-carrasco.com\/fr\/?s={search_term_string}"},"query-input":{"@type":"PropertyValueSpecification","valueRequired":true,"valueName":"search_term_string"}}],"inLanguage":"fr-FR"}]}},"_links":{"self":[{"href":"https:\/\/www.a-carrasco.com\/fr\/wp-json\/wp\/v2\/pages\/2249"}],"collection":[{"href":"https:\/\/www.a-carrasco.com\/fr\/wp-json\/wp\/v2\/pages"}],"about":[{"href":"https:\/\/www.a-carrasco.com\/fr\/wp-json\/wp\/v2\/types\/page"}],"author":[{"embeddable":true,"href":"https:\/\/www.a-carrasco.com\/fr\/wp-json\/wp\/v2\/users\/1"}],"replies":[{"embeddable":true,"href":"https:\/\/www.a-carrasco.com\/fr\/wp-json\/wp\/v2\/comments?post=2249"}],"version-history":[{"count":9,"href":"https:\/\/www.a-carrasco.com\/fr\/wp-json\/wp\/v2\/pages\/2249\/revisions"}],"predecessor-version":[{"id":5652,"href":"https:\/\/www.a-carrasco.com\/fr\/wp-json\/wp\/v2\/pages\/2249\/revisions\/5652"}],"up":[{"embeddable":true,"href":"https:\/\/www.a-carrasco.com\/fr\/wp-json\/wp\/v2\/pages\/2222"}],"wp:attachment":[{"href":"https:\/\/www.a-carrasco.com\/fr\/wp-json\/wp\/v2\/media?parent=2249"}],"curies":[{"name":"wp","href":"https:\/\/api.w.org\/{rel}","templated":true}]}}