{"id":1664,"date":"2014-09-26T10:56:55","date_gmt":"2014-09-26T10:56:55","guid":{"rendered":"http:\/\/a-carrasco.com.mialias.net\/capacidad-productiva-3\/"},"modified":"2023-12-19T18:18:33","modified_gmt":"2023-12-19T16:18:33","slug":"capacite-de-production","status":"publish","type":"page","link":"https:\/\/www.a-carrasco.com\/fr\/capacite-de-production\/","title":{"rendered":"Capacit\u00e9 de production"},"content":{"rendered":"<div  class=\"fullwidth-content ui--section clearfix\"><div  class=\"ui--section-content\"><div class=\"container\"><div  class=\"fullwidth-content ui--section clearfix\"><div  class=\"ui--section-content\"><div class=\"container\"><div class=\"ui-row row\">\n <div   class=\"ui-column span8\"><div class=\"ui--title ui--animation ui--title-bordered text-left\"><div class=\"ui--title-holder\"><h3 class=\"ui--title-text\">Proc\u00e9d\u00e9s<\/h3><div class=\"ui--title-borders ui--title-border-left\"><\/div><div class=\"ui--title-borders ui--title-border-right\"><\/div><\/div><\/div><div class=\"auto-format ui--animation\"><p>La capacit\u00e9 de CARRASCO, compl\u00e9t\u00e9e par des accords strat\u00e9giques avec nos fabricants homologu\u00e9s, permet de vous offrir une large gamme de produits avec le meilleur niveau de service, toujours adapt\u00e9 \u00e0 vos besoins. <\/p>\n<\/div><div class=\"ui-row row\">\n <div   class=\"ui-column span4\"><div class=\"ui--image-wrap clearfix\"><img decoding=\"async\"  id=\"ui--image-1\" class=\"ui--image ui--animation\" src=\"https:\/\/a-carrasco.com\/wp-content\/uploads\/2019\/07\/logo-CMM-horizontal-WEB.jpg\" alt=\"V7\" title=\"V7\" data-at2x=\"\"\/><\/div><\/div> \n\n<\/div> \n<div  class=\"ui--space clearfix\" data-responsive=\"{&quot;css&quot;:{&quot;height&quot;:{&quot;phone&quot;:null,&quot;tablet&quot;:null,&quot;widescreen&quot;:null}}}\"><\/div><div class=\"auto-format ui--animation\"><p>L\u2019usine CMM, appartenant au groupe CARRASCO, est charg\u00e9e de la fabrication de produits nouveaux* et strat\u00e9giques. Notre usine est situ\u00e9e \u00e0 Martorell (Barcelone)<\/p>\n<\/div><div  class=\"ui--space clearfix\" data-responsive=\"{&quot;css&quot;:{&quot;height&quot;:{&quot;phone&quot;:null,&quot;tablet&quot;:null,&quot;widescreen&quot;:null}}}\"><\/div><div class=\"ui--title ui--animation ui--title-bordered text-left\"><div class=\"ui--title-holder\"><h3 class=\"ui--title-text\">Accords avec de fabricants homologu\u00e9s<\/h3><div class=\"ui--title-borders ui--title-border-left\"><\/div><div class=\"ui--title-borders ui--title-border-right\"><\/div><\/div><\/div><div class=\"auto-format ui--animation\"><p>Afin d\u2019\u00e9largir son offre et apporter un meilleur service, CARRASCO a plusieurs accords avec de partenaires strat\u00e9giques.<\/p>\n<\/div><div class=\"ui-row row\">\n <div   class=\"ui-column span4\"><div class=\"ui--image-wrap clearfix\"><img decoding=\"async\"  id=\"ui--image-2\" class=\"ui--image ui--animation\" src=\"https:\/\/a-carrasco.com\/wp-content\/uploads\/2019\/06\/LogoOK_Horizontal-PUNT-FABRICACIO-4.jpg\" alt=\"V7\" title=\"V7\" data-at2x=\"\"\/><\/div><\/div> \n\n<\/div> \n<div  class=\"ui--space clearfix\" data-responsive=\"{&quot;css&quot;:{&quot;height&quot;:{&quot;phone&quot;:null,&quot;tablet&quot;:null,&quot;widescreen&quot;:null}}}\"><\/div><div class=\"ui--title ui--animation ui--title-bordered text-left\"><div class=\"ui--title-holder\"><h3 class=\"ui--title-text\">Capacit\u00e9s<\/h3><div class=\"ui--title-borders ui--title-border-left\"><\/div><div class=\"ui--title-borders ui--title-border-right\"><\/div><\/div><\/div><div class=\"auto-format ui--animation\"><ul>\n<li>Fraisage et tournage.<\/li>\n<li>Rectification (ext\u00e9rieure, int\u00e9rieure, centerless, plane).<\/li>\n<li>Per\u00e7age, forage et brochage.<\/li>\n<li>\u00c9lectro\u00e9rosion (\u00e0 \u00e9lectrode de forme et \u00e0 fil).<\/li>\n<li>Polissages sp\u00e9ciaux.<\/li>\n<\/ul>\n<\/div><\/div> \n\n <div   class=\"ui-column span4\"><div class=\"ui--image-wrap clearfix ui--animation\"><div class=\"ui--image-inline-block\"><img decoding=\"async\"  id=\"ui--image-3\" class=\"ui--image\" src=\"https:\/\/a-carrasco.com\/wp-content\/uploads\/2015\/09\/Mecanizaci\u00f3n_B.jpg\" alt=\"\" title=\"\" data-at2x=\"\"\/><div class=\"ui--shadow ui--shadow-type-3 ui--shadow-abs clearfix\"><img decoding=\"async\" src=\"https:\/\/www.a-carrasco.com\/wp-content\/themes\/envision\/includes\/modules\/module.shadow\/shadows\/shadow-3.png\" alt=\"shadow\" \/><\/div><\/div><\/div><\/div> \n\n<\/div> \n<\/div><\/div><\/div><!-- \/.fullwidth-container --><\/div><\/div><\/div><!-- \/.fullwidth-container --><div class=\"ui--title ui--animation ui--title-bordered text-left\"><div class=\"ui--title-holder\"><h3 class=\"ui--title-text\">Nos partenaires<\/h3><div class=\"ui--title-borders ui--title-border-left\"><\/div><div class=\"ui--title-borders ui--title-border-right\"><\/div><\/div><\/div><div class=\"ui--client-list-wrapper ui--animation ui-row clearfix\" style=\"margin-bottom: 20px;\"><div class=\"ui--client-list ui--box ui-row clearfix ui--carousel\" data-options=\"{&quot;effect&quot;:&quot;slide&quot;,&quot;auto_rotate&quot;:&quot;0&quot;,&quot;animation_loop&quot;:&quot;0&quot;,&quot;rotate_time&quot;:0,&quot;arrows&quot;:true,&quot;disable_on_mobile&quot;:false}\"><div class=\"slides\"><div class=\"ui-row row\">\n <div   class=\"ui-column span2\"><div class=\"ui--client ui--carousel-item\"><a href=\"http:\/\/moldea.es\" target=\"_blank\"><img decoding=\"async\" src=\"https:\/\/a-carrasco.com\/wp-content\/uploads\/2016\/02\/Partner_Moldea_Logo.png\" alt=\"\" title=\"\" class=\"ui--animation\"><\/a><\/div><div class=\"vertical-divider\"><\/div><\/div> \n\n <div   class=\"ui-column span2\"><div class=\"ui--client ui--carousel-item\"><a href=\"http:\/\/www.hitachi-metals.co.jp\/e\/\" target=\"_blank\"><img decoding=\"async\" src=\"https:\/\/a-carrasco.com\/wp-content\/uploads\/2015\/09\/Partner_Hitachi_Metals_logo.jpg\" alt=\"\" title=\"\" class=\"ui--animation\"><\/a><\/div><div class=\"vertical-divider\"><\/div><\/div> \n\n <div   class=\"ui-column span2\"><div class=\"ui--client ui--carousel-item\"><a href=\"http:\/\/www.rovalma.com\/index.php\/en\" target=\"_blank\"><img decoding=\"async\" src=\"https:\/\/a-carrasco.com\/wp-content\/uploads\/2015\/09\/Partner_Rovalma_logo.png\" alt=\"\" title=\"\" class=\"ui--animation\"><\/a><\/div><div class=\"vertical-divider\"><\/div><\/div> \n\n <div   class=\"ui-column span2\"><div class=\"ui--client ui--carousel-item\"><a href=\"http:\/\/www.acerosuddeholm.com\/\" target=\"_blank\"><img decoding=\"async\" src=\"https:\/\/a-carrasco.com\/wp-content\/uploads\/2015\/09\/Partner_Uddeholm_logo.png\" alt=\"\" title=\"\" class=\"ui--animation\"><\/a><\/div><div class=\"vertical-divider\"><\/div><\/div> \n\n <div   class=\"ui-column span2\"><div class=\"ui--client ui--carousel-item\"><a href=\"http:\/\/www.metalografica.com\" target=\"_blank\"><img decoding=\"async\" src=\"https:\/\/a-carrasco.com\/wp-content\/uploads\/2015\/09\/Partner_Metalogr\u00e1fica_logo.png\" alt=\"\" title=\"\" class=\"ui--animation\"><\/a><\/div><div class=\"vertical-divider\"><\/div><\/div> \n\n <div   class=\"ui-column span2\"><div class=\"ui--client ui--carousel-item\"><a href=\"http:\/\/www.oerlikonbalzerscoating.com\/bes\/spa\/index.php\" target=\"_blank\"><img decoding=\"async\" src=\"https:\/\/a-carrasco.com\/wp-content\/uploads\/2015\/09\/Partner_Oerlikon_logo.png\" alt=\"\" title=\"\" class=\"ui--animation\"><\/a><\/div><div class=\"vertical-divider\"><\/div><\/div> \n\n<\/div> \n<div class=\"ui-row row\">\n <div   class=\"ui-column span2\"><div class=\"ui--client ui--carousel-item\"><img decoding=\"async\" src=\"https:\/\/a-carrasco.com\/wp-content\/uploads\/2015\/09\/Partner_Vacutrem_logo.png\" alt=\"\" title=\"\" class=\"ui--animation\"><\/div><div class=\"vertical-divider\"><\/div><\/div> \n\n <div   class=\"ui-column span2\"><div class=\"ui--client ui--carousel-item\"><a href=\"http:\/\/eurecat.org\/en\/\" target=\"_blank\"><img decoding=\"async\" src=\"https:\/\/a-carrasco.com\/wp-content\/uploads\/2015\/09\/Partner_eurecat_logo.png\" alt=\"\" title=\"\" class=\"ui--animation\"><\/a><\/div><div class=\"vertical-divider\"><\/div><\/div> \n\n <div   class=\"ui-column span2\"><div class=\"ui--client ui--carousel-item\"><a href=\"http:\/\/www.inytialgo.com\/fr\" target=\"_blank\"><img decoding=\"async\" src=\"https:\/\/a-carrasco.com\/wp-content\/uploads\/2015\/09\/Partner_inytiAlgo_logo.png\" alt=\"\" title=\"\" class=\"ui--animation\"><\/a><\/div><div class=\"vertical-divider\"><\/div><\/div> \n\n <div   class=\"ui-column span2\"><div class=\"ui--client ui--carousel-item\"><a href=\"http:\/\/www.appluslaboratories.com\/en\/\" target=\"_blank\"><img decoding=\"async\" src=\"https:\/\/a-carrasco.com\/wp-content\/uploads\/2015\/09\/Partner_Applus_logo.jpg\" alt=\"\" title=\"\" class=\"ui--animation\"><\/a><\/div><div class=\"vertical-divider\"><\/div><\/div> \n\n <div   class=\"ui-column span2\"><div class=\"ui--client ui--carousel-item\"><a href=\"http:\/\/www.hexagonmetrology.es\/en\/index.htm\" target=\"_blank\"><img decoding=\"async\" src=\"https:\/\/a-carrasco.com\/wp-content\/uploads\/2015\/09\/Partner_Hexagon_logo.jpg\" alt=\"\" title=\"\" class=\"ui--animation\"><\/a><\/div><div class=\"vertical-divider\"><\/div><\/div> \n\n <div   class=\"ui-column span2\"><div class=\"ui--client ui--carousel-item\"><a href=\"http:\/\/www.scisa.es\/webSCI\/locale.sci?lang=fr\" target=\"_blank\"><img decoding=\"async\" src=\"https:\/\/a-carrasco.com\/wp-content\/uploads\/2015\/09\/Partner_SCI_logo.png\" alt=\"\" title=\"\" class=\"ui--animation\"><\/a><\/div><div class=\"vertical-divider\"><\/div><\/div> \n\n<\/div> \n<div class=\"ui-row row\">\n <div   class=\"ui-column span2\"><div class=\"ui--client ui--carousel-item\"><a href=\"http:\/\/www.tesagroup.es\/en-gb\/home\/#.VquYVdXhDIU\" target=\"_blank\"><img decoding=\"async\" src=\"https:\/\/a-carrasco.com\/wp-content\/uploads\/2015\/09\/Partner_Tesa_logo.png\" alt=\"\" title=\"\" class=\"ui--animation\"><\/a><\/div><div class=\"vertical-divider\"><\/div><\/div> \n\n <div   class=\"ui-column span2\"><div class=\"ui--client ui--carousel-item\"><a href=\"http:\/\/tecapres.com\/en\/\" target=\"_blank\"><img decoding=\"async\" src=\"https:\/\/a-carrasco.com\/wp-content\/uploads\/2015\/09\/Partner_Tecapres_logo.png\" alt=\"\" title=\"\" class=\"ui--animation\"><\/a><\/div><div class=\"vertical-divider\"><\/div><\/div> \n\n<\/div> \n<\/div><\/div><\/div><div  class=\"ui--space clearfix\" data-responsive=\"{&quot;css&quot;:{&quot;height&quot;:{&quot;phone&quot;:null,&quot;tablet&quot;:null,&quot;widescreen&quot;:null}}}\"><\/div><div class=\"ui--title ui--animation ui--title-bordered text-center\"><div class=\"ui--title-holder\"><h3 class=\"ui--title-text\">Nos clients<\/h3><div class=\"ui--title-borders ui--title-border-left\"><\/div><div class=\"ui--title-borders ui--title-border-right\"><\/div><\/div><\/div><div class=\"ui--client-list-wrapper ui--animation ui-row clearfix\" style=\"margin-top: 20px;\"><div class=\"ui--client-list ui--box ui-row clearfix ui--carousel\" data-options=\"{&quot;effect&quot;:&quot;slide&quot;,&quot;auto_rotate&quot;:&quot;1&quot;,&quot;animation_loop&quot;:&quot;1&quot;,&quot;rotate_time&quot;:0,&quot;arrows&quot;:false,&quot;disable_on_mobile&quot;:false}\"><div class=\"slides\"><div class=\"ui-row row\">\n <div   class=\"ui-column span2\"><div class=\"ui--client ui--carousel-item\"><img decoding=\"async\" src=\"https:\/\/www.a-carrasco.com\/wp-content\/uploads\/2023\/12\/logo-TOYOTA.jpg\" alt=\"\" title=\"\" class=\"ui--animation\"><\/div><div class=\"vertical-divider\"><\/div><\/div> \n\n <div   class=\"ui-column span2\"><div class=\"ui--client ui--carousel-item\"><img decoding=\"async\" src=\"https:\/\/www.a-carrasco.com\/wp-content\/uploads\/2023\/12\/logo-BENTELER.jpg\" alt=\"\" title=\"\" class=\"ui--animation\"><\/div><div class=\"vertical-divider\"><\/div><\/div> \n\n <div   class=\"ui-column span2\"><div class=\"ui--client ui--carousel-item\"><img decoding=\"async\" src=\"https:\/\/www.a-carrasco.com\/wp-content\/uploads\/2023\/12\/logo-DGS.jpg\" alt=\"\" title=\"\" class=\"ui--animation\"><\/div><div class=\"vertical-divider\"><\/div><\/div> \n\n <div   class=\"ui-column span2\"><div class=\"ui--client ui--carousel-item\"><img decoding=\"async\" src=\"https:\/\/www.a-carrasco.com\/wp-content\/uploads\/2023\/12\/logo-RENAULT.jpg\" alt=\"\" title=\"\" class=\"ui--animation\"><\/div><div class=\"vertical-divider\"><\/div><\/div> \n\n <div   class=\"ui-column span2\"><div class=\"ui--client ui--carousel-item\"><img decoding=\"async\" src=\"https:\/\/www.a-carrasco.com\/wp-content\/uploads\/2023\/12\/logo-FORD.jpg\" alt=\"\" title=\"\" class=\"ui--animation\"><\/div><div class=\"vertical-divider\"><\/div><\/div> \n\n <div   class=\"ui-column span2\"><div class=\"ui--client ui--carousel-item\"><img decoding=\"async\" src=\"https:\/\/www.a-carrasco.com\/wp-content\/uploads\/2023\/12\/logo-ENDURANCE.jpg\" alt=\"\" title=\"\" class=\"ui--animation\"><\/div><div class=\"vertical-divider\"><\/div><\/div> \n\n<\/div> \n<div class=\"ui-row row\">\n <div   class=\"ui-column span2\"><div class=\"ui--client ui--carousel-item\"><img decoding=\"async\" src=\"https:\/\/www.a-carrasco.com\/wp-content\/uploads\/2023\/12\/logo-NEMAK.jpg\" alt=\"\" title=\"\" class=\"ui--animation\"><\/div><div class=\"vertical-divider\"><\/div><\/div> \n\n <div   class=\"ui-column span2\"><div class=\"ui--client ui--carousel-item\"><img decoding=\"async\" src=\"https:\/\/www.a-carrasco.com\/wp-content\/uploads\/2023\/12\/logo-ANTOLIN.jpg\" alt=\"\" title=\"\" class=\"ui--animation\"><\/div><div class=\"vertical-divider\"><\/div><\/div> \n\n <div   class=\"ui-column span2\"><div class=\"ui--client ui--carousel-item\"><img decoding=\"async\" src=\"https:\/\/www.a-carrasco.com\/wp-content\/uploads\/2023\/12\/logo-NISSAN.jpg\" alt=\"\" title=\"\" class=\"ui--animation\"><\/div><div class=\"vertical-divider\"><\/div><\/div> \n\n <div   class=\"ui-column span2\"><div class=\"ui--client ui--carousel-item\"><img decoding=\"async\" src=\"https:\/\/www.a-carrasco.com\/wp-content\/uploads\/2023\/12\/logo-AUTOLIV.jpg\" alt=\"\" title=\"\" class=\"ui--animation\"><\/div><div class=\"vertical-divider\"><\/div><\/div> \n\n <div   class=\"ui-column span2\"><div class=\"ui--client ui--carousel-item\"><img decoding=\"async\" src=\"https:\/\/www.a-carrasco.com\/wp-content\/uploads\/2023\/12\/logo-FAGOR.jpg\" alt=\"\" title=\"\" class=\"ui--animation\"><\/div><div class=\"vertical-divider\"><\/div><\/div> \n\n <div   class=\"ui-column span2\"><div class=\"ui--client ui--carousel-item\"><img decoding=\"async\" src=\"https:\/\/www.a-carrasco.com\/wp-content\/uploads\/2023\/12\/logo-CIE.jpg\" alt=\"\" title=\"\" class=\"ui--animation\"><\/div><div class=\"vertical-divider\"><\/div><\/div> \n\n<\/div> \n<div class=\"ui-row row\">\n <div   class=\"ui-column span2\"><div class=\"ui--client ui--carousel-item\"><img decoding=\"async\" src=\"https:\/\/www.a-carrasco.com\/wp-content\/uploads\/2023\/12\/logo-GESTAM.jpg\" alt=\"\" title=\"\" class=\"ui--animation\"><\/div><div class=\"vertical-divider\"><\/div><\/div> \n\n <div   class=\"ui-column span2\"><div class=\"ui--client ui--carousel-item\"><img decoding=\"async\" src=\"https:\/\/www.a-carrasco.com\/wp-content\/uploads\/2023\/12\/logo-FORVIA.jpg\" alt=\"\" title=\"\" class=\"ui--animation\"><\/div><div class=\"vertical-divider\"><\/div><\/div> \n\n <div   class=\"ui-column span2\"><div class=\"ui--client ui--carousel-item\"><img decoding=\"async\" src=\"https:\/\/www.a-carrasco.com\/wp-content\/uploads\/2023\/12\/logo-SNOP.jpg\" alt=\"\" title=\"\" class=\"ui--animation\"><\/div><div class=\"vertical-divider\"><\/div><\/div> \n\n <div   class=\"ui-column span2\"><div class=\"ui--client ui--carousel-item\"><img decoding=\"async\" src=\"https:\/\/www.a-carrasco.com\/wp-content\/uploads\/2023\/12\/logo-SEAT.jpg\" alt=\"\" title=\"\" class=\"ui--animation\"><\/div><div class=\"vertical-divider\"><\/div><\/div> \n\n <div   class=\"ui-column span2\"><div class=\"ui--client ui--carousel-item\"><img decoding=\"async\" src=\"https:\/\/www.a-carrasco.com\/wp-content\/uploads\/2023\/12\/logo-HANDTMANN.jpg\" alt=\"\" title=\"\" class=\"ui--animation\"><\/div><div class=\"vertical-divider\"><\/div><\/div> \n\n <div   class=\"ui-column span2\"><div class=\"ui--client ui--carousel-item\"><img decoding=\"async\" src=\"https:\/\/www.a-carrasco.com\/wp-content\/uploads\/2023\/12\/logo-SKODA.jpg\" alt=\"\" title=\"\" class=\"ui--animation\"><\/div><div class=\"vertical-divider\"><\/div><\/div> \n\n<\/div> \n<div class=\"ui-row row\">\n <div   class=\"ui-column span2\"><div class=\"ui--client ui--carousel-item\"><img decoding=\"async\" src=\"https:\/\/www.a-carrasco.com\/wp-content\/uploads\/2023\/12\/logo-PESEA.jpg\" alt=\"\" title=\"\" class=\"ui--animation\"><\/div><div class=\"vertical-divider\"><\/div><\/div> \n\n <div   class=\"ui-column span2\"><div class=\"ui--client ui--carousel-item\"><img decoding=\"async\" src=\"https:\/\/www.a-carrasco.com\/wp-content\/uploads\/2023\/12\/logo-LEAR.jpg\" alt=\"\" title=\"\" class=\"ui--animation\"><\/div><div class=\"vertical-divider\"><\/div><\/div> \n\n <div   class=\"ui-column span2\"><div class=\"ui--client ui--carousel-item\"><img decoding=\"async\" src=\"https:\/\/www.a-carrasco.com\/wp-content\/uploads\/2023\/12\/logo-OPEL.jpg\" alt=\"\" title=\"\" class=\"ui--animation\"><\/div><div class=\"vertical-divider\"><\/div><\/div> \n\n <div   class=\"ui-column span2\"><div class=\"ui--client ui--carousel-item\"><img decoding=\"async\" src=\"https:\/\/www.a-carrasco.com\/wp-content\/uploads\/2023\/12\/logo-GMG.jpg\" alt=\"\" title=\"\" class=\"ui--animation\"><\/div><div class=\"vertical-divider\"><\/div><\/div> \n\n <div   class=\"ui-column span2\"><div class=\"ui--client ui--carousel-item\"><img decoding=\"async\" src=\"https:\/\/www.a-carrasco.com\/wp-content\/uploads\/2023\/12\/logo-TCG-UNITEC.jpg\" alt=\"\" title=\"\" class=\"ui--animation\"><\/div><div class=\"vertical-divider\"><\/div><\/div> \n\n<\/div> \n<\/div><\/div><div class=\"ui--shadow ui--shadow-type-6  clearfix\"><img decoding=\"async\" src=\"https:\/\/www.a-carrasco.com\/wp-content\/themes\/envision\/includes\/modules\/module.shadow\/shadows\/shadow-6.png\" alt=\"shadow\" \/><\/div><\/div>","protected":false},"excerpt":{"rendered":"<p>Proc\u00e9d\u00e9sLa capacit\u00e9 de CARRASCO, compl\u00e9t\u00e9e par des accords strat\u00e9giques avec nos fabricants homologu\u00e9s, permet de vous offrir une large gamme de produits avec le meilleur niveau de service, toujours adapt\u00e9 \u00e0 vos besoins. L\u2019usine CMM, appartenant au groupe CARRASCO, est charg\u00e9e de la fabrication de produits nouveaux* et strat\u00e9giques. Notre usine est situ\u00e9e \u00e0 Martorell [&hellip;]<\/p>\n","protected":false},"author":1,"featured_media":0,"parent":0,"menu_order":4,"comment_status":"open","ping_status":"open","template":"","meta":{"footnotes":""},"class_list":["post-1664","page","type-page","status-publish","hentry"],"yoast_head":"<!-- This site is optimized with the Yoast SEO plugin v25.6 - https:\/\/yoast.com\/wordpress\/plugins\/seo\/ -->\n<title>Capacit\u00e9 de production - Carrasco<\/title>\n<meta name=\"robots\" content=\"index, follow, max-snippet:-1, max-image-preview:large, max-video-preview:-1\" \/>\n<link rel=\"canonical\" href=\"https:\/\/www.a-carrasco.com\/fr\/capacite-de-production\/\" \/>\n<meta property=\"og:locale\" content=\"fr_FR\" \/>\n<meta property=\"og:type\" content=\"article\" \/>\n<meta property=\"og:title\" content=\"Capacit\u00e9 de production - Carrasco\" \/>\n<meta property=\"og:description\" content=\"Proc\u00e9d\u00e9sLa capacit\u00e9 de CARRASCO, compl\u00e9t\u00e9e par des accords strat\u00e9giques avec nos fabricants homologu\u00e9s, permet de vous offrir une large gamme de produits avec le meilleur niveau de service, toujours adapt\u00e9 \u00e0 vos besoins. L\u2019usine CMM, appartenant au groupe CARRASCO, est charg\u00e9e de la fabrication de produits nouveaux* et strat\u00e9giques. Notre usine est situ\u00e9e \u00e0 Martorell [&hellip;]\" \/>\n<meta property=\"og:url\" content=\"https:\/\/www.a-carrasco.com\/fr\/capacite-de-production\/\" \/>\n<meta property=\"og:site_name\" content=\"Carrasco\" \/>\n<meta property=\"article:modified_time\" content=\"2023-12-19T16:18:33+00:00\" \/>\n<meta name=\"twitter:card\" content=\"summary_large_image\" \/>\n<script type=\"application\/ld+json\" class=\"yoast-schema-graph\">{\"@context\":\"https:\/\/schema.org\",\"@graph\":[{\"@type\":\"WebPage\",\"@id\":\"https:\/\/www.a-carrasco.com\/fr\/capacite-de-production\/\",\"url\":\"https:\/\/www.a-carrasco.com\/fr\/capacite-de-production\/\",\"name\":\"Capacit\u00e9 de production - Carrasco\",\"isPartOf\":{\"@id\":\"https:\/\/www.a-carrasco.com\/fr\/#website\"},\"datePublished\":\"2014-09-26T10:56:55+00:00\",\"dateModified\":\"2023-12-19T16:18:33+00:00\",\"breadcrumb\":{\"@id\":\"https:\/\/www.a-carrasco.com\/fr\/capacite-de-production\/#breadcrumb\"},\"inLanguage\":\"fr-FR\",\"potentialAction\":[{\"@type\":\"ReadAction\",\"target\":[\"https:\/\/www.a-carrasco.com\/fr\/capacite-de-production\/\"]}]},{\"@type\":\"BreadcrumbList\",\"@id\":\"https:\/\/www.a-carrasco.com\/fr\/capacite-de-production\/#breadcrumb\",\"itemListElement\":[{\"@type\":\"ListItem\",\"position\":1,\"name\":\"Portada\",\"item\":\"https:\/\/www.a-carrasco.com\/fr\/\"},{\"@type\":\"ListItem\",\"position\":2,\"name\":\"Capacit\u00e9 de production\"}]},{\"@type\":\"WebSite\",\"@id\":\"https:\/\/www.a-carrasco.com\/fr\/#website\",\"url\":\"https:\/\/www.a-carrasco.com\/fr\/\",\"name\":\"Carrasco\",\"description\":\"Efficiency in tool components\",\"potentialAction\":[{\"@type\":\"SearchAction\",\"target\":{\"@type\":\"EntryPoint\",\"urlTemplate\":\"https:\/\/www.a-carrasco.com\/fr\/?s={search_term_string}\"},\"query-input\":{\"@type\":\"PropertyValueSpecification\",\"valueRequired\":true,\"valueName\":\"search_term_string\"}}],\"inLanguage\":\"fr-FR\"}]}<\/script>\n<!-- \/ Yoast SEO plugin. -->","yoast_head_json":{"title":"Capacit\u00e9 de production - Carrasco","robots":{"index":"index","follow":"follow","max-snippet":"max-snippet:-1","max-image-preview":"max-image-preview:large","max-video-preview":"max-video-preview:-1"},"canonical":"https:\/\/www.a-carrasco.com\/fr\/capacite-de-production\/","og_locale":"fr_FR","og_type":"article","og_title":"Capacit\u00e9 de production - Carrasco","og_description":"Proc\u00e9d\u00e9sLa capacit\u00e9 de CARRASCO, compl\u00e9t\u00e9e par des accords strat\u00e9giques avec nos fabricants homologu\u00e9s, permet de vous offrir une large gamme de produits avec le meilleur niveau de service, toujours adapt\u00e9 \u00e0 vos besoins. L\u2019usine CMM, appartenant au groupe CARRASCO, est charg\u00e9e de la fabrication de produits nouveaux* et strat\u00e9giques. Notre usine est situ\u00e9e \u00e0 Martorell [&hellip;]","og_url":"https:\/\/www.a-carrasco.com\/fr\/capacite-de-production\/","og_site_name":"Carrasco","article_modified_time":"2023-12-19T16:18:33+00:00","twitter_card":"summary_large_image","schema":{"@context":"https:\/\/schema.org","@graph":[{"@type":"WebPage","@id":"https:\/\/www.a-carrasco.com\/fr\/capacite-de-production\/","url":"https:\/\/www.a-carrasco.com\/fr\/capacite-de-production\/","name":"Capacit\u00e9 de production - Carrasco","isPartOf":{"@id":"https:\/\/www.a-carrasco.com\/fr\/#website"},"datePublished":"2014-09-26T10:56:55+00:00","dateModified":"2023-12-19T16:18:33+00:00","breadcrumb":{"@id":"https:\/\/www.a-carrasco.com\/fr\/capacite-de-production\/#breadcrumb"},"inLanguage":"fr-FR","potentialAction":[{"@type":"ReadAction","target":["https:\/\/www.a-carrasco.com\/fr\/capacite-de-production\/"]}]},{"@type":"BreadcrumbList","@id":"https:\/\/www.a-carrasco.com\/fr\/capacite-de-production\/#breadcrumb","itemListElement":[{"@type":"ListItem","position":1,"name":"Portada","item":"https:\/\/www.a-carrasco.com\/fr\/"},{"@type":"ListItem","position":2,"name":"Capacit\u00e9 de production"}]},{"@type":"WebSite","@id":"https:\/\/www.a-carrasco.com\/fr\/#website","url":"https:\/\/www.a-carrasco.com\/fr\/","name":"Carrasco","description":"Efficiency in tool components","potentialAction":[{"@type":"SearchAction","target":{"@type":"EntryPoint","urlTemplate":"https:\/\/www.a-carrasco.com\/fr\/?s={search_term_string}"},"query-input":{"@type":"PropertyValueSpecification","valueRequired":true,"valueName":"search_term_string"}}],"inLanguage":"fr-FR"}]}},"_links":{"self":[{"href":"https:\/\/www.a-carrasco.com\/fr\/wp-json\/wp\/v2\/pages\/1664"}],"collection":[{"href":"https:\/\/www.a-carrasco.com\/fr\/wp-json\/wp\/v2\/pages"}],"about":[{"href":"https:\/\/www.a-carrasco.com\/fr\/wp-json\/wp\/v2\/types\/page"}],"author":[{"embeddable":true,"href":"https:\/\/www.a-carrasco.com\/fr\/wp-json\/wp\/v2\/users\/1"}],"replies":[{"embeddable":true,"href":"https:\/\/www.a-carrasco.com\/fr\/wp-json\/wp\/v2\/comments?post=1664"}],"version-history":[{"count":13,"href":"https:\/\/www.a-carrasco.com\/fr\/wp-json\/wp\/v2\/pages\/1664\/revisions"}],"predecessor-version":[{"id":5643,"href":"https:\/\/www.a-carrasco.com\/fr\/wp-json\/wp\/v2\/pages\/1664\/revisions\/5643"}],"wp:attachment":[{"href":"https:\/\/www.a-carrasco.com\/fr\/wp-json\/wp\/v2\/media?parent=1664"}],"curies":[{"name":"wp","href":"https:\/\/api.w.org\/{rel}","templated":true}]}}