{"id":2353,"date":"2015-03-23T10:47:18","date_gmt":"2015-03-23T09:47:18","guid":{"rendered":"http:\/\/a-carrasco.com.mialias.net\/inyeccion-de-plastico-3\/"},"modified":"2023-12-22T12:47:19","modified_gmt":"2023-12-22T10:47:19","slug":"kunststoffspritzguss","status":"publish","type":"page","link":"https:\/\/www.a-carrasco.com\/de\/kunststoffspritzguss\/","title":{"rendered":"Kunststoffspritzguss"},"content":{"rendered":"<div  class=\"fullwidth-content ui--section clearfix\" style=\"margin-top: -15px;\"><div  class=\"ui--section-content\"><div class=\"container\"><div class=\"ui--title ui--animation ui--title-bordered text-left\"><div class=\"ui--title-holder\"><h3 class=\"ui--title-text\">L\u00f6sungen f\u00fcr <strong>Kunststoffspritzguss<\/strong><\/h3><div class=\"ui--title-borders ui--title-border-left\"><\/div><div class=\"ui--title-borders ui--title-border-right\"><\/div><\/div><\/div><div class=\"ui-row row\">\n <div   class=\"ui-column span8\"><div  class=\"ui--accordion ui--box ui--animation clearfix\"><div  class=\"ui--accordion-item ui--gradient ui--gradient-grey on--hover ui-row first-item ui--accordion-state-opened accordion-1-1\"><a href=\"#accordion-1-1\" class=\"ui--accordion-item-title heading\"><div><span class=\"ui--accordion-item-title-text\">R\u00fcckverfolgbarkeit: Kodierung und Markierung der Komponenten<\/span><\/div><\/a><div id=\"accordion-1-1\" class=\"ui--accordion-item-content\"> <div class=\"auto-format ui--animation\"><p>CARRASCO bietet Ihnen L\u00f6sungen zur Kodierung und Markierung der Komponenten f\u00fcr Formen.<\/p>\n<p>Die Systeme der Informatik und der physischen Markierung, die insbesondere zu diesem Zweck entwickelt wurden, erlauben eine individuelle Identifizierung jeder Komponente und R\u00fcckverfolgungsl\u00f6sungen, die auf Ihre Bed\u00fcrfnisse und Verbesserungsziele zugeschnitten sind.  <\/p>\n<p>Die relevanten Informationen \u00fcber Historie, Standort und Verlauf jeder Komponente (ihre R\u00fcckverfolgbarkeit) zu kennen, erlaubt Ihnen eine optimale Verfolgung und Kontrolle Ihrer Verbesserungsprogramme und die Erreichung der gew\u00fcnschten Ergebnisse.<\/p>\n<\/div> <\/div><\/div><div  class=\"ui--accordion-item ui--gradient ui--gradient-grey on--hover ui-row ui--accordion-state-closed accordion-1-2\"><a href=\"#accordion-1-2\" class=\"ui--accordion-item-title heading\"><div><span class=\"ui--accordion-item-title-text\">Standardisierungsprojekte<\/span><\/div><\/a><div id=\"accordion-1-2\" class=\"ui--accordion-item-content\"> <div class=\"auto-format ui--animation\"><p>Die Besch\u00e4ftigung von Subunternehmern f\u00fcr Formen f\u00fcr Kunststoffspritzguss bringt h\u00e4ufig mit sich, dass man Komponenten von Zulieferern erh\u00e4lt, die sehr ungleiche Definitionsnormen haben. All dies f\u00fchrt zu einer gro\u00dfen Komplexit\u00e4t, Problemen in der Austauschbarkeit und der Notwendigkeit, eine gro\u00dfe Menge an unterschiedlichen Komponenten auf Lager zu haben, um die notwendigen Ersetzungen von besch\u00e4digten Komponenten oder Komponenten am Ende ihrer Nutzungsdauer durchf\u00fchren zu k\u00f6nnen.<\/p>\n<p>CARRASCO stellt Ihnen seine Erfahrung aus der Teilnahme an internationalen Standardisierungskomitees zur Verf\u00fcgung, um die Austauschbarkeit Ihrer Komponenten zu gew\u00e4hrleisten und die Komplexit\u00e4t und die Kosten in Verbindung mit Einkauf, Beschaffung und Nutzung zu reduzieren.<\/p>\n<p>Unsere Ingenieure, zusammen mit den verschiedenen Abteilungen Ihres Unternehmens, f\u00fchren eine Untersuchung der verwendeten Komponenten durch und schlagen spezifische Verbesserungen nach Ma\u00df vor. M\u00f6glicherweise wird auch ein personalisierter Komponentenkatalog erstellt. <\/p>\n<\/div> <\/div><\/div><div  class=\"ui--accordion-item ui--gradient ui--gradient-grey on--hover ui-row ui--accordion-state-closed accordion-1-3\"><a href=\"#accordion-1-3\" class=\"ui--accordion-item-title heading\"><div><span class=\"ui--accordion-item-title-text\">Technische Beratung \/ Verbesserungsprojekte<\/span><\/div><\/a><div id=\"accordion-1-3\" class=\"ui--accordion-item-content\"> <div class=\"auto-format ui--animation\"><p>Unsere Ingenieursabteilung bietet Ihnen technische Beratung in folgenden Bereichen, um die bestm\u00f6glichen Produktivit\u00e4tsfortschritte zu erreichen: <\/p>\n<ul>\n<li>Analyse (metallographische) von Sch\u00e4den an in Nutzung befindlichen Komponenten oder Komponenten am Ende der Nutzungsdauer.<\/li>\n<li>Empfehlungen zur Verbesserung des Designs der Komponenten und Auswahl von Materialien und Behandlungen.<\/li>\n<li>Verfolgung von Tests und Evaluierung zur Produktivit\u00e4tsverbesserung.<\/li>\n<li>Standardisierungsuntersuchungen nach Ma\u00df.<\/li>\n<\/ul>\n<\/div> <\/div><\/div><div  class=\"ui--accordion-item ui--gradient ui--gradient-grey on--hover ui-row ui--accordion-state-closed accordion-1-4\"><a href=\"#accordion-1-4\" class=\"ui--accordion-item-title heading\"><div><span class=\"ui--accordion-item-title-text\">Kommunikationsl\u00f6sungen<\/span><\/div><\/a><div id=\"accordion-1-4\" class=\"ui--accordion-item-content\"> <div class=\"auto-format ui--animation\"><p>CARRASCO bietet personalisierte Information \u00fcber Kauf, Beschaffung und Nutzung der Komponenten, auf die Sie \u00fcber die Internetseite zugreifen k\u00f6nnen, um die Kommunikation mit der Unternehmensgruppe des Kunden und die seiner Wertsch\u00f6pfungskette zu optimieren, wobei zu jeder zeit die Vertraulichkeit gewahrt bleibt: <\/p>\n<ul>\n<li>Datenbankverlauf der produzierten Komponenten.<\/li>\n<li>Personalisierter Informationsverlauf (Preise, Konsum, Bericht \u00fcber Nutzungsdauer kritischer Komponenten, Bestand,&#8230;).<\/li>\n<\/ul>\n<\/div> <\/div><\/div><div  class=\"ui--accordion-item ui--gradient ui--gradient-grey on--hover ui-row last-item ui--accordion-state-closed accordion-1-5\"><a href=\"#accordion-1-5\" class=\"ui--accordion-item-title heading\"><div><span class=\"ui--accordion-item-title-text\">Pr\u00e4ventiver Austausch<\/span><\/div><\/a><div id=\"accordion-1-5\" class=\"ui--accordion-item-content\"> <div class=\"auto-format ui--animation\"><p>Wir bieten diesen Service an, damit Sie sofort \u00fcber die notwendigen Ersatzteile gem\u00e4\u00df Ihres pr\u00e4ventiven Wartungsprogramms verf\u00fcgen k\u00f6nnen. <\/p>\n<p>Diese \u201cErsatzteilesets\u201d k\u00f6nnen, je nach Vereinbarung, in unseren Lagern oder in den Lagern Ihrer Installationen zur Verf\u00fcgung gestellt werden.<\/p>\n<\/div> <\/div><\/div><\/div><\/div> \n\n <div   class=\"ui-column span4\"><div class=\"ui--image-wrap clearfix ui--animation\"><div class=\"ui--image-inline-block\"><img decoding=\"async\"  id=\"ui--image-1\" class=\"ui--image\" src=\"https:\/\/a-carrasco.com\/wp-content\/uploads\/2015\/09\/Molde_Inyecci\u00f3n_Pl\u00e1stico_B.jpg\" alt=\"Plastico1\" title=\"Plastico1\" data-at2x=\"\"\/><div class=\"ui--shadow ui--shadow-type-3 ui--shadow-abs clearfix\"><img decoding=\"async\" src=\"https:\/\/www.a-carrasco.com\/wp-content\/themes\/envision\/includes\/modules\/module.shadow\/shadows\/shadow-3.png\" alt=\"shadow\" \/><\/div><\/div><\/div><\/div> \n\n<\/div> \n<div  class=\"ui--space clearfix\" data-responsive=\"{&quot;css&quot;:{&quot;height&quot;:{&quot;phone&quot;:null,&quot;tablet&quot;:null,&quot;widescreen&quot;:null}}}\"><\/div><div class=\"ui--title ui--animation ui--title-bordered text-left\"><div class=\"ui--title-holder\"><h3 class=\"ui--title-text\">Komponenten f\u00fcr Kunststoffspritzguss<\/h3><div class=\"ui--title-borders ui--title-border-left\"><\/div><div class=\"ui--title-borders ui--title-border-right\"><\/div><\/div><\/div><div  class=\"ui--animation-in make--fx--fadein-ttb ui--pass clearfix\" data-fx=\"fx--fadein-ttb\" data-delay=\"400\" data-start-delay=\"200\"><div class=\"ui-row row\">\n <div   class=\"ui-column span3\"><div class=\"ui--box-widget\"><div  class=\"ui--content-box ui--box ui--content-item ui--animation ui-row\"><div class=\"ui--content-box-header\"><div class=\"ui--content-box-media effect--fade type--default clearfix\" style=\"padding-bottom: 56.25%;\"><a class=\"ui--content-box-link\" href=\"https:\/\/a-carrasco.com\/de\/kunststoffspritzguss\/standardkomponenten\/\"><div class=\"ui--content-box-image-default\"><img decoding=\"async\"  class=\"ui--content-box-image\" src=\"https:\/\/a-carrasco.com\/wp-content\/uploads\/2015\/11\/Accesorio_3D_2_g_2.jpg\" alt=\"\" title=\"\"\/><\/div><\/a><\/div><a class=\"ui--content-box-link\" href=\"https:\/\/a-carrasco.com\/de\/kunststoffspritzguss\/standardkomponenten\/\"><div class=\"ui--content-box-title ui--gradient ui--gradient-grey on--hover clearfix text-center\"><h5 class=\"ui--content-box-title-text\">Standardkomponenten<\/h5><\/div><\/a><\/div><\/div><\/div><\/div> \n\n <div   class=\"ui-column span3\"><div class=\"ui--box-widget\"><div  class=\"ui--content-box ui--box ui--content-item ui--animation ui-row\"><div class=\"ui--content-box-header\"><div class=\"ui--content-box-media effect--fade type--default clearfix\" style=\"padding-bottom: 56.25%;\"><a class=\"ui--content-box-link\" href=\"https:\/\/a-carrasco.com\/de\/kunststoffspritzguss\/gasfedern\/\"><div class=\"ui--content-box-image-default\"><img decoding=\"async\"  class=\"ui--content-box-image\" src=\"https:\/\/a-carrasco.com\/wp-content\/uploads\/2015\/11\/Cilindro_3D_1_g_-2.jpg\" alt=\"\" title=\"\"\/><\/div><\/a><\/div><a class=\"ui--content-box-link\" href=\"https:\/\/a-carrasco.com\/de\/kunststoffspritzguss\/gasfedern\/\"><div class=\"ui--content-box-title ui--gradient ui--gradient-grey on--hover clearfix text-center\"><h5 class=\"ui--content-box-title-text\">Gasfedern<\/h5><\/div><\/a><\/div><\/div><\/div><\/div> \n\n<\/div> \n<\/div><\/div><\/div><\/div><!-- \/.fullwidth-container --><div  class=\"ui--space clearfix\" data-responsive=\"{&quot;css&quot;:{&quot;height&quot;:{&quot;phone&quot;:null,&quot;tablet&quot;:null,&quot;widescreen&quot;:null}}}\"><\/div><div class=\"ui--title ui--animation ui--title-bordered text-center\"><div class=\"ui--title-holder\"><h3 class=\"ui--title-text\">unsere Kunden<\/h3><div class=\"ui--title-borders ui--title-border-left\"><\/div><div class=\"ui--title-borders ui--title-border-right\"><\/div><\/div><\/div><div class=\"ui--client-list-wrapper ui--animation ui-row clearfix\" style=\"margin-top: 20px;\"><div class=\"ui--client-list ui--box ui-row clearfix ui--carousel\" data-options=\"{&quot;effect&quot;:&quot;slide&quot;,&quot;auto_rotate&quot;:&quot;1&quot;,&quot;animation_loop&quot;:&quot;1&quot;,&quot;rotate_time&quot;:0,&quot;arrows&quot;:true,&quot;disable_on_mobile&quot;:false}\"><div class=\"slides\"><div class=\"ui-row row\">\n <div   class=\"ui-column span2\"><div class=\"ui--client ui--carousel-item\"><img decoding=\"async\" src=\"https:\/\/www.a-carrasco.com\/wp-content\/uploads\/2023\/12\/logo-OPEL.jpg\" alt=\"\" title=\"\" class=\"ui--animation\"><\/div><div class=\"vertical-divider\"><\/div><\/div> \n\n <div   class=\"ui-column span2\"><div class=\"ui--client ui--carousel-item\"><img decoding=\"async\" src=\"https:\/\/www.a-carrasco.com\/wp-content\/uploads\/2023\/12\/logo-SKODA.jpg\" alt=\"\" title=\"\" class=\"ui--animation\"><\/div><div class=\"vertical-divider\"><\/div><\/div> \n\n <div   class=\"ui-column span2\"><div class=\"ui--client ui--carousel-item\"><img decoding=\"async\" src=\"https:\/\/www.a-carrasco.com\/wp-content\/uploads\/2023\/12\/logo-HANDTMANN.jpg\" alt=\"\" title=\"\" class=\"ui--animation\"><\/div><div class=\"vertical-divider\"><\/div><\/div> \n\n <div   class=\"ui-column span2\"><div class=\"ui--client ui--carousel-item\"><img decoding=\"async\" src=\"https:\/\/www.a-carrasco.com\/wp-content\/uploads\/2023\/12\/logo-SEAT.jpg\" alt=\"\" title=\"\" class=\"ui--animation\"><\/div><div class=\"vertical-divider\"><\/div><\/div> \n\n <div   class=\"ui-column span2\"><div class=\"ui--client ui--carousel-item\"><img decoding=\"async\" src=\"https:\/\/www.a-carrasco.com\/wp-content\/uploads\/2023\/12\/logo-ENDURANCE.jpg\" alt=\"\" title=\"\" class=\"ui--animation\"><\/div><div class=\"vertical-divider\"><\/div><\/div> \n\n <div   class=\"ui-column span2\"><div class=\"ui--client ui--carousel-item\"><img decoding=\"async\" src=\"https:\/\/www.a-carrasco.com\/wp-content\/uploads\/2023\/12\/logo-FORD.jpg\" alt=\"\" title=\"\" class=\"ui--animation\"><\/div><div class=\"vertical-divider\"><\/div><\/div> \n\n<\/div> \n<div class=\"ui-row row\">\n <div   class=\"ui-column span2\"><div class=\"ui--client ui--carousel-item\"><img decoding=\"async\" src=\"https:\/\/www.a-carrasco.com\/wp-content\/uploads\/2023\/12\/logo-DGS.jpg\" alt=\"\" title=\"\" class=\"ui--animation\"><\/div><div class=\"vertical-divider\"><\/div><\/div> \n\n <div   class=\"ui-column span2\"><div class=\"ui--client ui--carousel-item\"><img decoding=\"async\" src=\"https:\/\/www.a-carrasco.com\/wp-content\/uploads\/2023\/12\/logo-RENAULT.jpg\" alt=\"\" title=\"\" class=\"ui--animation\"><\/div><div class=\"vertical-divider\"><\/div><\/div> \n\n <div   class=\"ui-column span2\"><div class=\"ui--client ui--carousel-item\"><img decoding=\"async\" src=\"https:\/\/www.a-carrasco.com\/wp-content\/uploads\/2023\/12\/logo-TCG-UNITEC.jpg\" alt=\"\" title=\"\" class=\"ui--animation\"><\/div><div class=\"vertical-divider\"><\/div><\/div> \n\n <div   class=\"ui-column span2\"><div class=\"ui--client ui--carousel-item\"><img decoding=\"async\" src=\"https:\/\/www.a-carrasco.com\/wp-content\/uploads\/2023\/12\/logo-TOYOTA.jpg\" alt=\"\" title=\"\" class=\"ui--animation\"><\/div><div class=\"vertical-divider\"><\/div><\/div> \n\n <div   class=\"ui-column span2\"><div class=\"ui--client ui--carousel-item\"><img decoding=\"async\" src=\"https:\/\/www.a-carrasco.com\/wp-content\/uploads\/2023\/12\/logo-FAGOR-1.jpg\" alt=\"\" title=\"\" class=\"ui--animation\"><\/div><div class=\"vertical-divider\"><\/div><\/div> \n\n <div   class=\"ui-column span2\"><div class=\"ui--client ui--carousel-item\"><img decoding=\"async\" src=\"https:\/\/www.a-carrasco.com\/wp-content\/uploads\/2023\/12\/logo-ANTOLIN.jpg\" alt=\"\" title=\"\" class=\"ui--animation\"><\/div><div class=\"vertical-divider\"><\/div><\/div> \n\n<\/div> \n<div class=\"ui-row row\">\n <div   class=\"ui-column span2\"><div class=\"ui--client ui--carousel-item\"><img decoding=\"async\" src=\"https:\/\/www.a-carrasco.com\/wp-content\/uploads\/2023\/12\/logo-SNOP.jpg\" alt=\"\" title=\"\" class=\"ui--animation\"><\/div><div class=\"vertical-divider\"><\/div><\/div> \n\n <div   class=\"ui-column span2\"><div class=\"ui--client ui--carousel-item\"><img decoding=\"async\" src=\"https:\/\/www.a-carrasco.com\/wp-content\/uploads\/2023\/12\/logo-LEAR.jpg\" alt=\"\" title=\"\" class=\"ui--animation\"><\/div><div class=\"vertical-divider\"><\/div><\/div> \n\n <div   class=\"ui-column span2\"><div class=\"ui--client ui--carousel-item\"><img decoding=\"async\" src=\"https:\/\/www.a-carrasco.com\/wp-content\/uploads\/2023\/12\/logo-AUTOLIV.jpg\" alt=\"\" title=\"\" class=\"ui--animation\"><\/div><div class=\"vertical-divider\"><\/div><\/div> \n\n <div   class=\"ui-column span2\"><div class=\"ui--client ui--carousel-item\"><img decoding=\"async\" src=\"https:\/\/www.a-carrasco.com\/wp-content\/uploads\/2023\/12\/logo-GMG.jpg\" alt=\"\" title=\"\" class=\"ui--animation\"><\/div><div class=\"vertical-divider\"><\/div><\/div> \n\n <div   class=\"ui-column span2\"><div class=\"ui--client ui--carousel-item\"><img decoding=\"async\" src=\"https:\/\/www.a-carrasco.com\/wp-content\/uploads\/2023\/12\/logo-FORVIA.jpg\" alt=\"\" title=\"\" class=\"ui--animation\"><\/div><div class=\"vertical-divider\"><\/div><\/div> \n\n <div   class=\"ui-column span2\"><div class=\"ui--client ui--carousel-item\"><img decoding=\"async\" src=\"https:\/\/www.a-carrasco.com\/wp-content\/uploads\/2023\/12\/logo-NEMAK.jpg\" alt=\"\" title=\"\" class=\"ui--animation\"><\/div><div class=\"vertical-divider\"><\/div><\/div> \n\n<\/div> \n<div class=\"ui-row row\">\n <div   class=\"ui-column span2\"><div class=\"ui--client ui--carousel-item\"><img decoding=\"async\" src=\"https:\/\/www.a-carrasco.com\/wp-content\/uploads\/2023\/12\/logo-GESTAM.jpg\" alt=\"\" title=\"\" class=\"ui--animation\"><\/div><div class=\"vertical-divider\"><\/div><\/div> \n\n <div   class=\"ui-column span2\"><div class=\"ui--client ui--carousel-item\"><img decoding=\"async\" src=\"https:\/\/www.a-carrasco.com\/wp-content\/uploads\/2023\/12\/logo-PESEA.jpg\" alt=\"\" title=\"\" class=\"ui--animation\"><\/div><div class=\"vertical-divider\"><\/div><\/div> \n\n <div   class=\"ui-column span2\"><div class=\"ui--client ui--carousel-item\"><img decoding=\"async\" src=\"https:\/\/www.a-carrasco.com\/wp-content\/uploads\/2023\/12\/logo-BENTELER.jpg\" alt=\"\" title=\"\" class=\"ui--animation\"><\/div><div class=\"vertical-divider\"><\/div><\/div> \n\n <div   class=\"ui-column span2\"><div class=\"ui--client ui--carousel-item\"><img decoding=\"async\" src=\"https:\/\/www.a-carrasco.com\/wp-content\/uploads\/2023\/12\/logo-CIE.jpg\" alt=\"\" title=\"\" class=\"ui--animation\"><\/div><div class=\"vertical-divider\"><\/div><\/div> \n\n <div   class=\"ui-column span2\"><div class=\"ui--client ui--carousel-item\"><img decoding=\"async\" src=\"https:\/\/www.a-carrasco.com\/wp-content\/uploads\/2023\/12\/logo-NISSAN.jpg\" alt=\"\" title=\"\" class=\"ui--animation\"><\/div><div class=\"vertical-divider\"><\/div><\/div> \n\n<\/div> \n<\/div><\/div><div class=\"ui--shadow ui--shadow-type-6  clearfix\"><img decoding=\"async\" src=\"https:\/\/www.a-carrasco.com\/wp-content\/themes\/envision\/includes\/modules\/module.shadow\/shadows\/shadow-6.png\" alt=\"shadow\" \/><\/div><\/div>","protected":false},"excerpt":{"rendered":"<p>L\u00f6sungen f\u00fcr Kunststoffspritzguss R\u00fcckverfolgbarkeit: Kodierung und Markierung der Komponenten CARRASCO bietet Ihnen L\u00f6sungen zur Kodierung und Markierung der Komponenten f\u00fcr Formen. Die Systeme der Informatik und der physischen Markierung, die insbesondere zu diesem Zweck entwickelt wurden, erlauben eine individuelle Identifizierung jeder Komponente und R\u00fcckverfolgungsl\u00f6sungen, die auf Ihre Bed\u00fcrfnisse und Verbesserungsziele zugeschnitten sind. Die relevanten Informationen [&hellip;]<\/p>\n","protected":false},"author":1,"featured_media":0,"parent":0,"menu_order":17,"comment_status":"open","ping_status":"open","template":"","meta":{"footnotes":""},"class_list":["post-2353","page","type-page","status-publish","hentry"],"yoast_head":"<!-- This site is optimized with the Yoast SEO plugin v25.6 - https:\/\/yoast.com\/wordpress\/plugins\/seo\/ -->\n<title>Kunststoffspritzguss - Carrasco<\/title>\n<meta name=\"robots\" content=\"index, follow, max-snippet:-1, max-image-preview:large, max-video-preview:-1\" \/>\n<link rel=\"canonical\" href=\"https:\/\/www.a-carrasco.com\/de\/kunststoffspritzguss\/\" \/>\n<meta property=\"og:locale\" content=\"de_DE\" \/>\n<meta property=\"og:type\" content=\"article\" \/>\n<meta property=\"og:title\" content=\"Kunststoffspritzguss - Carrasco\" \/>\n<meta property=\"og:description\" content=\"L\u00f6sungen f\u00fcr Kunststoffspritzguss R\u00fcckverfolgbarkeit: Kodierung und Markierung der Komponenten CARRASCO bietet Ihnen L\u00f6sungen zur Kodierung und Markierung der Komponenten f\u00fcr Formen. Die Systeme der Informatik und der physischen Markierung, die insbesondere zu diesem Zweck entwickelt wurden, erlauben eine individuelle Identifizierung jeder Komponente und R\u00fcckverfolgungsl\u00f6sungen, die auf Ihre Bed\u00fcrfnisse und Verbesserungsziele zugeschnitten sind. Die relevanten Informationen [&hellip;]\" \/>\n<meta property=\"og:url\" content=\"https:\/\/www.a-carrasco.com\/de\/kunststoffspritzguss\/\" \/>\n<meta property=\"og:site_name\" content=\"Carrasco\" \/>\n<meta property=\"article:modified_time\" content=\"2023-12-22T10:47:19+00:00\" \/>\n<meta name=\"twitter:card\" content=\"summary_large_image\" \/>\n<meta name=\"twitter:label1\" content=\"Gesch\u00e4tzte Lesezeit\" \/>\n\t<meta name=\"twitter:data1\" content=\"3\u00a0Minuten\" \/>\n<script type=\"application\/ld+json\" class=\"yoast-schema-graph\">{\"@context\":\"https:\/\/schema.org\",\"@graph\":[{\"@type\":\"WebPage\",\"@id\":\"https:\/\/www.a-carrasco.com\/de\/kunststoffspritzguss\/\",\"url\":\"https:\/\/www.a-carrasco.com\/de\/kunststoffspritzguss\/\",\"name\":\"Kunststoffspritzguss - Carrasco\",\"isPartOf\":{\"@id\":\"https:\/\/www.a-carrasco.com\/de\/#website\"},\"datePublished\":\"2015-03-23T09:47:18+00:00\",\"dateModified\":\"2023-12-22T10:47:19+00:00\",\"breadcrumb\":{\"@id\":\"https:\/\/www.a-carrasco.com\/de\/kunststoffspritzguss\/#breadcrumb\"},\"inLanguage\":\"de\",\"potentialAction\":[{\"@type\":\"ReadAction\",\"target\":[\"https:\/\/www.a-carrasco.com\/de\/kunststoffspritzguss\/\"]}]},{\"@type\":\"BreadcrumbList\",\"@id\":\"https:\/\/www.a-carrasco.com\/de\/kunststoffspritzguss\/#breadcrumb\",\"itemListElement\":[{\"@type\":\"ListItem\",\"position\":1,\"name\":\"Portada\",\"item\":\"https:\/\/www.a-carrasco.com\/de\/\"},{\"@type\":\"ListItem\",\"position\":2,\"name\":\"Kunststoffspritzguss\"}]},{\"@type\":\"WebSite\",\"@id\":\"https:\/\/www.a-carrasco.com\/de\/#website\",\"url\":\"https:\/\/www.a-carrasco.com\/de\/\",\"name\":\"Carrasco\",\"description\":\"Efficiency in tool components\",\"potentialAction\":[{\"@type\":\"SearchAction\",\"target\":{\"@type\":\"EntryPoint\",\"urlTemplate\":\"https:\/\/www.a-carrasco.com\/de\/?s={search_term_string}\"},\"query-input\":{\"@type\":\"PropertyValueSpecification\",\"valueRequired\":true,\"valueName\":\"search_term_string\"}}],\"inLanguage\":\"de\"}]}<\/script>\n<!-- \/ Yoast SEO plugin. -->","yoast_head_json":{"title":"Kunststoffspritzguss - Carrasco","robots":{"index":"index","follow":"follow","max-snippet":"max-snippet:-1","max-image-preview":"max-image-preview:large","max-video-preview":"max-video-preview:-1"},"canonical":"https:\/\/www.a-carrasco.com\/de\/kunststoffspritzguss\/","og_locale":"de_DE","og_type":"article","og_title":"Kunststoffspritzguss - Carrasco","og_description":"L\u00f6sungen f\u00fcr Kunststoffspritzguss R\u00fcckverfolgbarkeit: Kodierung und Markierung der Komponenten CARRASCO bietet Ihnen L\u00f6sungen zur Kodierung und Markierung der Komponenten f\u00fcr Formen. Die Systeme der Informatik und der physischen Markierung, die insbesondere zu diesem Zweck entwickelt wurden, erlauben eine individuelle Identifizierung jeder Komponente und R\u00fcckverfolgungsl\u00f6sungen, die auf Ihre Bed\u00fcrfnisse und Verbesserungsziele zugeschnitten sind. Die relevanten Informationen [&hellip;]","og_url":"https:\/\/www.a-carrasco.com\/de\/kunststoffspritzguss\/","og_site_name":"Carrasco","article_modified_time":"2023-12-22T10:47:19+00:00","twitter_card":"summary_large_image","twitter_misc":{"Gesch\u00e4tzte Lesezeit":"3\u00a0Minuten"},"schema":{"@context":"https:\/\/schema.org","@graph":[{"@type":"WebPage","@id":"https:\/\/www.a-carrasco.com\/de\/kunststoffspritzguss\/","url":"https:\/\/www.a-carrasco.com\/de\/kunststoffspritzguss\/","name":"Kunststoffspritzguss - Carrasco","isPartOf":{"@id":"https:\/\/www.a-carrasco.com\/de\/#website"},"datePublished":"2015-03-23T09:47:18+00:00","dateModified":"2023-12-22T10:47:19+00:00","breadcrumb":{"@id":"https:\/\/www.a-carrasco.com\/de\/kunststoffspritzguss\/#breadcrumb"},"inLanguage":"de","potentialAction":[{"@type":"ReadAction","target":["https:\/\/www.a-carrasco.com\/de\/kunststoffspritzguss\/"]}]},{"@type":"BreadcrumbList","@id":"https:\/\/www.a-carrasco.com\/de\/kunststoffspritzguss\/#breadcrumb","itemListElement":[{"@type":"ListItem","position":1,"name":"Portada","item":"https:\/\/www.a-carrasco.com\/de\/"},{"@type":"ListItem","position":2,"name":"Kunststoffspritzguss"}]},{"@type":"WebSite","@id":"https:\/\/www.a-carrasco.com\/de\/#website","url":"https:\/\/www.a-carrasco.com\/de\/","name":"Carrasco","description":"Efficiency in tool components","potentialAction":[{"@type":"SearchAction","target":{"@type":"EntryPoint","urlTemplate":"https:\/\/www.a-carrasco.com\/de\/?s={search_term_string}"},"query-input":{"@type":"PropertyValueSpecification","valueRequired":true,"valueName":"search_term_string"}}],"inLanguage":"de"}]}},"_links":{"self":[{"href":"https:\/\/www.a-carrasco.com\/de\/wp-json\/wp\/v2\/pages\/2353"}],"collection":[{"href":"https:\/\/www.a-carrasco.com\/de\/wp-json\/wp\/v2\/pages"}],"about":[{"href":"https:\/\/www.a-carrasco.com\/de\/wp-json\/wp\/v2\/types\/page"}],"author":[{"embeddable":true,"href":"https:\/\/www.a-carrasco.com\/de\/wp-json\/wp\/v2\/users\/1"}],"replies":[{"embeddable":true,"href":"https:\/\/www.a-carrasco.com\/de\/wp-json\/wp\/v2\/comments?post=2353"}],"version-history":[{"count":10,"href":"https:\/\/www.a-carrasco.com\/de\/wp-json\/wp\/v2\/pages\/2353\/revisions"}],"predecessor-version":[{"id":6417,"href":"https:\/\/www.a-carrasco.com\/de\/wp-json\/wp\/v2\/pages\/2353\/revisions\/6417"}],"wp:attachment":[{"href":"https:\/\/www.a-carrasco.com\/de\/wp-json\/wp\/v2\/media?parent=2353"}],"curies":[{"name":"wp","href":"https:\/\/api.w.org\/{rel}","templated":true}]}}