{"id":2315,"date":"2015-03-11T16:09:30","date_gmt":"2015-03-11T15:09:30","guid":{"rendered":"http:\/\/a-carrasco.com.mialias.net\/druckguss\/insertos\/"},"modified":"2023-12-19T18:51:43","modified_gmt":"2023-12-19T16:51:43","slug":"einsatze","status":"publish","type":"page","link":"https:\/\/www.a-carrasco.com\/de\/druckguss\/einsatze\/","title":{"rendered":"Eins\u00e4tze"},"content":{"rendered":"<div  class=\"fullwidth-content ui--section clearfix\"><div  class=\"ui--section-content\"><div class=\"container\"><div class=\"ui-row row\">\n <div   class=\"ui-column span9\"><div class=\"ui-row row\">\n <div   class=\"ui-column span4\"><div class=\"ui--image-wrap clearfix\"><img decoding=\"async\"  id=\"ui--image-1\" class=\"ui--image ui--animation\" src=\"https:\/\/a-carrasco.com\/wp-content\/uploads\/2016\/01\/Inserto_3D_1_g1.jpg\" alt=\"Inserto_3D_1_g\" title=\"Inserto_3D_1_g\" data-at2x=\"\"\/><\/div><\/div> \n\n <div   class=\"ui-column span8\"><div  class=\"ui--accordion ui--box ui--animation clearfix\"><div  class=\"ui--accordion-item ui--gradient ui--gradient-grey on--hover ui-row first-item ui--accordion-state-opened accordion-1-1\"><a href=\"#accordion-1-1\" class=\"ui--accordion-item-title heading\"><div><span class=\"ui--accordion-item-title-text\">Beschreibung<\/span><\/div><\/a><div id=\"accordion-1-1\" class=\"ui--accordion-item-content\"> <div class=\"auto-format ui--animation\"><p>CARRASCO verf\u00fcgt \u00fcber die notwendigen Pr\u00e4zisionsger\u00e4te und \u2013maschinen, um die kritischsten Eins\u00e4tze f\u00fcr Aluminiumdruckgussformen herzustellen.  <\/p>\n<p>Die st\u00e4ndige Verbesserung ihrer Nutzungsdauer und Verl\u00e4sslichkeit sind Schl\u00fcsselelemente, um gro\u00dfe Produktivit\u00e4tsverbesserungen zu erreichen. <\/p>\n<\/div> <\/div><\/div><div  class=\"ui--accordion-item ui--gradient ui--gradient-grey on--hover ui-row last-item ui--accordion-state-closed accordion-1-2\"><a href=\"#accordion-1-2\" class=\"ui--accordion-item-title heading\"><div><span class=\"ui--accordion-item-title-text\">Kapazit\u00e4ten<\/span><\/div><\/a><div id=\"accordion-1-2\" class=\"ui--accordion-item-content\"> <div class=\"auto-format ui--animation\"><p>Materialien:<br \/>\nStahl f\u00fcr Werkzeuge mit hoher Reinheit und Homogenit\u00e4t, traditionell f\u00fcr Hei\u00dfarbeiten und Arbeiten neuer Generation\/hoher W\u00e4rmeleitung.   <\/p>\n<p>Verfahren:<br \/>\nSchruppen \u2013 W\u00e4rmebehandlung \u2013 Pr\u00e4zisionsbearbeitung \u2013 Oberfl\u00e4chliche thermochemische Behandlungen (Nitrieren\u2026) \u2013 Oberfl\u00e4chenbeschichtung (PVD).<\/p>\n<p>\u201cBessere Herstellungspraktiken\u201d: Sonderausf\u00fchrung von Oberfl\u00e4chenausf\u00fchrungen und Radien\/Bereiche mit Spannungskonzentration.<\/p>\n<p>\u00dcberpr\u00fcfung:<br \/>\nVollst\u00e4ndig, mit Hochpr\u00e4zisionsger\u00e4ten.<\/p>\n<\/div> <\/div><\/div><\/div><div class=\"text-center ui--animation ui--button-wrapper\" style=\"\" data-fx=\"fx--fadein-ltr\"><div class=\"ui--block\"><a class=\"btn btn-large btn-block btn-icon-left with-icon button-hover btn-primary radius-3px\" href=\"https:\/\/a-carrasco.com\/de\/kontakt\/\"><span class=\"button-icon\"><i class=\"ui--icon ui--icon btn-icon icon-normal icomoon-mail-4\"><\/i><\/span>Ersuche um Information<\/a> <div class=\"ui--shadow ui--shadow-type-3 ui--shadow-abs clearfix\"><img decoding=\"async\" src=\"https:\/\/www.a-carrasco.com\/wp-content\/themes\/envision\/includes\/modules\/module.shadow\/shadows\/shadow-3.png\" alt=\"shadow\" \/><\/div><\/div><\/div><\/div> \n\n<\/div> \n<div class=\"ui--title ui--animation ui--title-bordered text-left\"><div class=\"ui--title-holder\"><h3 class=\"ui--title-text\">unsere Produkte<\/h3><div class=\"ui--title-borders ui--title-border-left\"><\/div><div class=\"ui--title-borders ui--title-border-right\"><\/div><\/div><\/div><div id=\"ui--gallery-1\" class=\"ui--gallery ui--pass\" data-columns=\"4\"><div class=\"unstyled-all clearfix ui--gallery-wrapper columns-4 \"><div class=\"ui--carousel clearfix\" data-options=\"{&quot;effect&quot;:&quot;&quot;,&quot;auto_rotate&quot;:&quot;0&quot;,&quot;animation_loop&quot;:true,&quot;arrows&quot;:true,&quot;rotate_time&quot;:0,&quot;animate&quot;:true}\"><div class=\"slides\"><div class=\"ui-row row\">\n <div   class=\"ui-column span3\"><div class=\"ui--gallery-item ui--animation\"><div class=\"inner\"><a href=\"https:\/\/a-carrasco.com\/wp-content\/uploads\/2015\/09\/Inserto_Especial_A_1.jpg\" target=\"_blank\" data-rel=\"prettyPhoto[ui--gallery-1]\"><img decoding=\"async\" src=\"https:\/\/a-carrasco.com\/wp-content\/uploads\/2015\/09\/Inserto_Especial_A_1.jpg\" class=\"\" alt=\"Eins\u00e4tze\"\/><div class=\"ui--gallery-overlay\"><div class=\"center\"><span class=\"btn btn-normal btn-icon-left btn-0f23dyti5f btn-custom-color ui--animation\" href=\"#\" style=\"\"><i class=\"ui--icon fontawesome-fullscreen\"><\/i><\/span> <\/div><\/div><\/a><\/div><\/div><\/div> \n\n <div   class=\"ui-column span3\"><div class=\"ui--gallery-item ui--animation\"><div class=\"inner\"><a href=\"https:\/\/a-carrasco.com\/wp-content\/uploads\/2015\/09\/Inserto_Especial_J_1.jpg\" target=\"_blank\" data-rel=\"prettyPhoto[ui--gallery-1]\"><img decoding=\"async\" src=\"https:\/\/a-carrasco.com\/wp-content\/uploads\/2015\/09\/Inserto_Especial_J_1.jpg\" class=\"\" alt=\"Insertos\"\/><div class=\"ui--gallery-overlay\"><div class=\"center\"><span class=\"btn btn-normal btn-icon-left btn-0f23dyti5f btn-custom-color ui--animation\" href=\"#\" style=\"\"><i class=\"ui--icon fontawesome-fullscreen\"><\/i><\/span> <\/div><\/div><\/a><\/div><\/div><\/div> \n\n <div   class=\"ui-column span3\"><div class=\"ui--gallery-item ui--animation\"><div class=\"inner\"><a href=\"https:\/\/a-carrasco.com\/wp-content\/uploads\/2015\/09\/Inserto_Especial_J_4.jpg\" target=\"_blank\" data-rel=\"prettyPhoto[ui--gallery-1]\"><img decoding=\"async\" src=\"https:\/\/a-carrasco.com\/wp-content\/uploads\/2015\/09\/Inserto_Especial_J_4.jpg\" class=\"\" alt=\"Insertos\"\/><div class=\"ui--gallery-overlay\"><div class=\"center\"><span class=\"btn btn-normal btn-icon-left btn-0f23dyti5f btn-custom-color ui--animation\" href=\"#\" style=\"\"><i class=\"ui--icon fontawesome-fullscreen\"><\/i><\/span> <\/div><\/div><\/a><\/div><\/div><\/div> \n\n <div   class=\"ui-column span3\"><div class=\"ui--gallery-item ui--animation\"><div class=\"inner\"><a href=\"https:\/\/a-carrasco.com\/wp-content\/uploads\/2015\/09\/Inserto_Especial_F_2.jpg\" target=\"_blank\" data-rel=\"prettyPhoto[ui--gallery-1]\"><img decoding=\"async\" src=\"https:\/\/a-carrasco.com\/wp-content\/uploads\/2015\/09\/Inserto_Especial_F_2.jpg\" class=\"\" alt=\"Insertos\"\/><div class=\"ui--gallery-overlay\"><div class=\"center\"><span class=\"btn btn-normal btn-icon-left btn-0f23dyti5f btn-custom-color ui--animation\" href=\"#\" style=\"\"><i class=\"ui--icon fontawesome-fullscreen\"><\/i><\/span> <\/div><\/div><\/a><\/div><\/div><\/div> \n\n<\/div> \n<div class=\"ui-row row\">\n <div   class=\"ui-column span3\"><div class=\"ui--gallery-item ui--animation\"><div class=\"inner\"><a href=\"https:\/\/a-carrasco.com\/wp-content\/uploads\/2015\/09\/Inserto_Especial_G_4.jpg\" target=\"_blank\" data-rel=\"prettyPhoto[ui--gallery-1]\"><img decoding=\"async\" src=\"https:\/\/a-carrasco.com\/wp-content\/uploads\/2015\/09\/Inserto_Especial_G_4.jpg\" class=\"\" alt=\"Insertos\"\/><div class=\"ui--gallery-overlay\"><div class=\"center\"><span class=\"btn btn-normal btn-icon-left btn-0f23dyti5f btn-custom-color ui--animation\" href=\"#\" style=\"\"><i class=\"ui--icon fontawesome-fullscreen\"><\/i><\/span> <\/div><\/div><\/a><\/div><\/div><\/div> \n\n <div   class=\"ui-column span3\"><div class=\"ui--gallery-item ui--animation\"><div class=\"inner\"><a href=\"https:\/\/a-carrasco.com\/wp-content\/uploads\/2015\/09\/Inserto_Especial_G_9.jpg\" target=\"_blank\" data-rel=\"prettyPhoto[ui--gallery-1]\"><img decoding=\"async\" src=\"https:\/\/a-carrasco.com\/wp-content\/uploads\/2015\/09\/Inserto_Especial_G_9.jpg\" class=\"\" alt=\"Insertos\"\/><div class=\"ui--gallery-overlay\"><div class=\"center\"><span class=\"btn btn-normal btn-icon-left btn-0f23dyti5f btn-custom-color ui--animation\" href=\"#\" style=\"\"><i class=\"ui--icon fontawesome-fullscreen\"><\/i><\/span> <\/div><\/div><\/a><\/div><\/div><\/div> \n\n <div   class=\"ui-column span3\"><div class=\"ui--gallery-item ui--animation\"><div class=\"inner\"><a href=\"https:\/\/a-carrasco.com\/wp-content\/uploads\/2015\/10\/Inserto_Especial_K_1.jpg\" target=\"_blank\" data-rel=\"prettyPhoto[ui--gallery-1]\"><img decoding=\"async\" src=\"https:\/\/a-carrasco.com\/wp-content\/uploads\/2015\/10\/Inserto_Especial_K_1.jpg\" class=\"\" alt=\"Eins\u00e4tze\"\/><div class=\"ui--gallery-overlay\"><div class=\"center\"><span class=\"btn btn-normal btn-icon-left btn-0f23dyti5f btn-custom-color ui--animation\" href=\"#\" style=\"\"><i class=\"ui--icon fontawesome-fullscreen\"><\/i><\/span> <\/div><\/div><\/a><\/div><\/div><\/div> \n\n<\/div> \n<\/div><\/div><\/div><div class=\"clearfix\"><\/div><\/div><\/div> \n\n <div   class=\"ui-column span3\"><div class=\"ui--title ui--animation ui--title-bordered text-left\"><div class=\"ui--title-holder\"><h4 class=\"ui--title-text\">Komponenten f\u00fcr Druckguss<\/h4><div style=\"border-color: #e5352c !important;\" class=\"ui--title-borders ui--title-border-left\"><\/div><div style=\"border-color: #e5352c !important;\" class=\"ui--title-borders ui--title-border-right\"><\/div><\/div><\/div><div class=\"ui--custom-menu-bar ui--gradient ui--gradient-grey hover-effect ui--box orientation-vertical ui--height-thin text-left clearfix\"><ul class=\"unstyled clearfix\"><li class=\"first-item ui--gradient-grey ui--icon-position-left\" title=\"\"><a href=\"https:\/\/a-carrasco.com\/de\/druckguss\/jet-cooling\/\"><i class=\"ui--icon icomoon-resize-2\" style=\"color: #e5352c !important;\"><\/i> HPPC -Jet Cooling- <\/a><\/li><li class=\"ui--gradient-grey ui--icon-position-left\" title=\"\"><a href=\"https:\/\/a-carrasco.com\/de\/druckguss\/kernstifte\/\"><i class=\"ui--icon icomoon-resize-2\" style=\"color: #e5352c !important;\"><\/i> Kernstifte <\/a><\/li><li class=\"ui--gradient-grey ui--icon-position-left\" title=\"\"><a href=\"https:\/\/a-carrasco.com\/de\/druckguss\/einsatze\/\"><i class=\"ui--icon icomoon-resize-2\" style=\"color: #e5352c !important;\"><\/i> Eins\u00e4tze <\/a><\/li><li class=\"ui--gradient-grey ui--icon-position-left\" title=\"\"><a href=\"https:\/\/a-carrasco.com\/de\/druckguss\/water-jacket\/\"><i class=\"ui--icon icomoon-resize-2\" style=\"color: #e5352c !important;\"><\/i> Water Jacket <\/a><\/li><li class=\"ui--gradient-grey ui--icon-position-left\" title=\"\"><a href=\"https:\/\/a-carrasco.com\/fundicion-a-presion\/cilindros-a-gas\/\"><i class=\"ui--icon icomoon-resize-2\" style=\"color: #e5352c !important;\"><\/i> Gasfedern <\/a><\/li><li class=\"ui--gradient-grey ui--icon-position-left\" title=\"\"><a href=\"https:\/\/a-carrasco.com\/de\/druckguss\/spezialhulsen\/\"><i class=\"ui--icon icomoon-resize-2\" style=\"color: #e5352c !important;\"><\/i> Spezialh\u00fclsen <\/a><\/li><li class=\"ui--gradient-grey ui--icon-position-left\" title=\"\"><a href=\"https:\/\/a-carrasco.com\/de\/druckguss\/datumstempel-und-indizes\/\"><i class=\"ui--icon icomoon-resize-2\" style=\"color: #e5352c !important;\"><\/i> Datumstempel und Indizes <\/a><\/li><li class=\"last-item ui--gradient-grey ui--icon-position-left\" title=\"\"><a href=\"https:\/\/a-carrasco.com\/de\/druckguss\/standardkomponenten\/\"><i class=\"ui--icon icomoon-resize-2\" style=\"color: #e5352c !important;\"><\/i> Standardkomponenten  <\/a><\/li><\/ul><\/div><\/div> \n\n<\/div> \n<div class=\"ui--title ui--animation ui--title-bordered text-center\" style=\"margin-top: 25px;\"><div class=\"ui--title-holder\"><h3 class=\"ui--title-text\">unsere Kunden<\/h3><div class=\"ui--title-borders ui--title-border-left\"><\/div><div class=\"ui--title-borders ui--title-border-right\"><\/div><\/div><\/div><div class=\"ui--client-list-wrapper ui--animation ui-row clearfix\" style=\"margin-top: 20px;\"><div class=\"ui--client-list ui--box ui-row clearfix ui--carousel\" data-options=\"{&quot;effect&quot;:&quot;slide&quot;,&quot;auto_rotate&quot;:&quot;1&quot;,&quot;animation_loop&quot;:&quot;1&quot;,&quot;rotate_time&quot;:0,&quot;arrows&quot;:false,&quot;disable_on_mobile&quot;:false}\"><div class=\"slides\"><div class=\"ui-row row\">\n <div   class=\"ui-column span2\"><div class=\"ui--client ui--carousel-item\"><img decoding=\"async\" src=\"https:\/\/www.a-carrasco.com\/wp-content\/uploads\/2023\/12\/logo-NEMAK.jpg\" alt=\"\" title=\"\" class=\"ui--animation\"><\/div><div class=\"vertical-divider\"><\/div><\/div> \n\n <div   class=\"ui-column span2\"><div class=\"ui--client ui--carousel-item\"><img decoding=\"async\" src=\"https:\/\/www.a-carrasco.com\/wp-content\/uploads\/2023\/12\/logo-ENDURANCE.jpg\" alt=\"\" title=\"\" class=\"ui--animation\"><\/div><div class=\"vertical-divider\"><\/div><\/div> \n\n <div   class=\"ui-column span2\"><div class=\"ui--client ui--carousel-item\"><img decoding=\"async\" src=\"https:\/\/www.a-carrasco.com\/wp-content\/uploads\/2023\/12\/logo-CIE.jpg\" alt=\"\" title=\"\" class=\"ui--animation\"><\/div><div class=\"vertical-divider\"><\/div><\/div> \n\n <div   class=\"ui-column span2\"><div class=\"ui--client ui--carousel-item\"><img decoding=\"async\" src=\"https:\/\/www.a-carrasco.com\/wp-content\/uploads\/2023\/12\/logo-DGS.jpg\" alt=\"\" title=\"\" class=\"ui--animation\"><\/div><div class=\"vertical-divider\"><\/div><\/div> \n\n <div   class=\"ui-column span2\"><div class=\"ui--client ui--carousel-item\"><img decoding=\"async\" src=\"https:\/\/www.a-carrasco.com\/wp-content\/uploads\/2023\/12\/logo-SKODA.jpg\" alt=\"\" title=\"\" class=\"ui--animation\"><\/div><div class=\"vertical-divider\"><\/div><\/div> \n\n <div   class=\"ui-column span2\"><div class=\"ui--client ui--carousel-item\"><img decoding=\"async\" src=\"https:\/\/www.a-carrasco.com\/wp-content\/uploads\/2023\/12\/logo-LEAR.jpg\" alt=\"\" title=\"\" class=\"ui--animation\"><\/div><div class=\"vertical-divider\"><\/div><\/div> \n\n<\/div> \n<div class=\"ui-row row\">\n <div   class=\"ui-column span2\"><div class=\"ui--client ui--carousel-item\"><img decoding=\"async\" src=\"https:\/\/www.a-carrasco.com\/wp-content\/uploads\/2023\/12\/logo-SNOP.jpg\" alt=\"\" title=\"\" class=\"ui--animation\"><\/div><div class=\"vertical-divider\"><\/div><\/div> \n\n <div   class=\"ui-column span2\"><div class=\"ui--client ui--carousel-item\"><img decoding=\"async\" src=\"https:\/\/www.a-carrasco.com\/wp-content\/uploads\/2023\/12\/logo-AUTOLIV.jpg\" alt=\"\" title=\"\" class=\"ui--animation\"><\/div><div class=\"vertical-divider\"><\/div><\/div> \n\n <div   class=\"ui-column span2\"><div class=\"ui--client ui--carousel-item\"><img decoding=\"async\" src=\"https:\/\/www.a-carrasco.com\/wp-content\/uploads\/2023\/12\/logo-OPEL.jpg\" alt=\"\" title=\"\" class=\"ui--animation\"><\/div><div class=\"vertical-divider\"><\/div><\/div> \n\n <div   class=\"ui-column span2\"><div class=\"ui--client ui--carousel-item\"><img decoding=\"async\" src=\"https:\/\/www.a-carrasco.com\/wp-content\/uploads\/2023\/12\/logo-TOYOTA.jpg\" alt=\"\" title=\"\" class=\"ui--animation\"><\/div><div class=\"vertical-divider\"><\/div><\/div> \n\n <div   class=\"ui-column span2\"><div class=\"ui--client ui--carousel-item\"><img decoding=\"async\" src=\"https:\/\/www.a-carrasco.com\/wp-content\/uploads\/2023\/12\/logo-NISSAN.jpg\" alt=\"\" title=\"\" class=\"ui--animation\"><\/div><div class=\"vertical-divider\"><\/div><\/div> \n\n <div   class=\"ui-column span2\"><div class=\"ui--client ui--carousel-item\"><img decoding=\"async\" src=\"https:\/\/www.a-carrasco.com\/wp-content\/uploads\/2023\/12\/logo-TCG-UNITEC.jpg\" alt=\"\" title=\"\" class=\"ui--animation\"><\/div><div class=\"vertical-divider\"><\/div><\/div> \n\n<\/div> \n<div class=\"ui-row row\">\n <div   class=\"ui-column span2\"><div class=\"ui--client ui--carousel-item\"><img decoding=\"async\" src=\"https:\/\/www.a-carrasco.com\/wp-content\/uploads\/2023\/12\/logo-GMG.jpg\" alt=\"\" title=\"\" class=\"ui--animation\"><\/div><div class=\"vertical-divider\"><\/div><\/div> \n\n <div   class=\"ui-column span2\"><div class=\"ui--client ui--carousel-item\"><img decoding=\"async\" src=\"https:\/\/www.a-carrasco.com\/wp-content\/uploads\/2023\/12\/logo-GESTAM.jpg\" alt=\"\" title=\"\" class=\"ui--animation\"><\/div><div class=\"vertical-divider\"><\/div><\/div> \n\n <div   class=\"ui-column span2\"><div class=\"ui--client ui--carousel-item\"><img decoding=\"async\" src=\"https:\/\/www.a-carrasco.com\/wp-content\/uploads\/2023\/12\/logo-PESEA.jpg\" alt=\"\" title=\"\" class=\"ui--animation\"><\/div><div class=\"vertical-divider\"><\/div><\/div> \n\n <div   class=\"ui-column span2\"><div class=\"ui--client ui--carousel-item\"><img decoding=\"async\" src=\"https:\/\/www.a-carrasco.com\/wp-content\/uploads\/2023\/12\/logo-FAGOR.jpg\" alt=\"\" title=\"\" class=\"ui--animation\"><\/div><div class=\"vertical-divider\"><\/div><\/div> \n\n <div   class=\"ui-column span2\"><div class=\"ui--client ui--carousel-item\"><img decoding=\"async\" src=\"https:\/\/www.a-carrasco.com\/wp-content\/uploads\/2023\/12\/logo-BENTELER.jpg\" alt=\"\" title=\"\" class=\"ui--animation\"><\/div><div class=\"vertical-divider\"><\/div><\/div> \n\n <div   class=\"ui-column span2\"><div class=\"ui--client ui--carousel-item\"><img decoding=\"async\" src=\"https:\/\/www.a-carrasco.com\/wp-content\/uploads\/2023\/12\/logo-ANTOLIN.jpg\" alt=\"\" title=\"\" class=\"ui--animation\"><\/div><div class=\"vertical-divider\"><\/div><\/div> \n\n<\/div> \n<div class=\"ui-row row\">\n <div   class=\"ui-column span2\"><div class=\"ui--client ui--carousel-item\"><img decoding=\"async\" src=\"https:\/\/www.a-carrasco.com\/wp-content\/uploads\/2023\/12\/logo-SEAT.jpg\" alt=\"\" title=\"\" class=\"ui--animation\"><\/div><div class=\"vertical-divider\"><\/div><\/div> \n\n <div   class=\"ui-column span2\"><div class=\"ui--client ui--carousel-item\"><img decoding=\"async\" src=\"https:\/\/www.a-carrasco.com\/wp-content\/uploads\/2023\/12\/logo-RENAULT.jpg\" alt=\"\" title=\"\" class=\"ui--animation\"><\/div><div class=\"vertical-divider\"><\/div><\/div> \n\n <div   class=\"ui-column span2\"><div class=\"ui--client ui--carousel-item\"><img decoding=\"async\" src=\"https:\/\/www.a-carrasco.com\/wp-content\/uploads\/2023\/12\/logo-HANDTMANN.jpg\" alt=\"\" title=\"\" class=\"ui--animation\"><\/div><div class=\"vertical-divider\"><\/div><\/div> \n\n <div   class=\"ui-column span2\"><div class=\"ui--client ui--carousel-item\"><img decoding=\"async\" src=\"https:\/\/www.a-carrasco.com\/wp-content\/uploads\/2023\/12\/logo-FORD.jpg\" alt=\"\" title=\"\" class=\"ui--animation\"><\/div><div class=\"vertical-divider\"><\/div><\/div> \n\n <div   class=\"ui-column span2\"><div class=\"ui--client ui--carousel-item\"><img decoding=\"async\" src=\"https:\/\/www.a-carrasco.com\/wp-content\/uploads\/2023\/12\/logo-FORVIA.jpg\" alt=\"\" title=\"\" class=\"ui--animation\"><\/div><div class=\"vertical-divider\"><\/div><\/div> \n\n<\/div> \n<\/div><\/div><div class=\"ui--shadow ui--shadow-type-6  clearfix\"><img decoding=\"async\" src=\"https:\/\/www.a-carrasco.com\/wp-content\/themes\/envision\/includes\/modules\/module.shadow\/shadows\/shadow-6.png\" alt=\"shadow\" \/><\/div><\/div><\/div><\/div><\/div><!-- \/.fullwidth-container -->","protected":false},"excerpt":{"rendered":"<p>Beschreibung CARRASCO verf\u00fcgt \u00fcber die notwendigen Pr\u00e4zisionsger\u00e4te und \u2013maschinen, um die kritischsten Eins\u00e4tze f\u00fcr Aluminiumdruckgussformen herzustellen. Die st\u00e4ndige Verbesserung ihrer Nutzungsdauer und Verl\u00e4sslichkeit sind Schl\u00fcsselelemente, um gro\u00dfe Produktivit\u00e4tsverbesserungen zu erreichen. Kapazit\u00e4ten Materialien: Stahl f\u00fcr Werkzeuge mit hoher Reinheit und Homogenit\u00e4t, traditionell f\u00fcr Hei\u00dfarbeiten und Arbeiten neuer Generation\/hoher W\u00e4rmeleitung. Verfahren: Schruppen \u2013 W\u00e4rmebehandlung \u2013 Pr\u00e4zisionsbearbeitung \u2013 [&hellip;]<\/p>\n","protected":false},"author":1,"featured_media":0,"parent":2303,"menu_order":0,"comment_status":"open","ping_status":"open","template":"","meta":{"footnotes":""},"class_list":["post-2315","page","type-page","status-publish","hentry"],"yoast_head":"<!-- This site is optimized with the Yoast SEO plugin v25.6 - https:\/\/yoast.com\/wordpress\/plugins\/seo\/ -->\n<title>Eins\u00e4tze - Carrasco<\/title>\n<meta name=\"robots\" content=\"index, follow, max-snippet:-1, max-image-preview:large, max-video-preview:-1\" \/>\n<link rel=\"canonical\" href=\"https:\/\/www.a-carrasco.com\/de\/druckguss\/einsatze\/\" \/>\n<meta property=\"og:locale\" content=\"de_DE\" \/>\n<meta property=\"og:type\" content=\"article\" \/>\n<meta property=\"og:title\" content=\"Eins\u00e4tze - Carrasco\" \/>\n<meta property=\"og:description\" content=\"Beschreibung CARRASCO verf\u00fcgt \u00fcber die notwendigen Pr\u00e4zisionsger\u00e4te und \u2013maschinen, um die kritischsten Eins\u00e4tze f\u00fcr Aluminiumdruckgussformen herzustellen. Die st\u00e4ndige Verbesserung ihrer Nutzungsdauer und Verl\u00e4sslichkeit sind Schl\u00fcsselelemente, um gro\u00dfe Produktivit\u00e4tsverbesserungen zu erreichen. Kapazit\u00e4ten Materialien: Stahl f\u00fcr Werkzeuge mit hoher Reinheit und Homogenit\u00e4t, traditionell f\u00fcr Hei\u00dfarbeiten und Arbeiten neuer Generation\/hoher W\u00e4rmeleitung. Verfahren: Schruppen \u2013 W\u00e4rmebehandlung \u2013 Pr\u00e4zisionsbearbeitung \u2013 [&hellip;]\" \/>\n<meta property=\"og:url\" content=\"https:\/\/www.a-carrasco.com\/de\/druckguss\/einsatze\/\" \/>\n<meta property=\"og:site_name\" content=\"Carrasco\" \/>\n<meta property=\"article:modified_time\" content=\"2023-12-19T16:51:43+00:00\" \/>\n<meta name=\"twitter:card\" content=\"summary_large_image\" \/>\n<script type=\"application\/ld+json\" class=\"yoast-schema-graph\">{\"@context\":\"https:\/\/schema.org\",\"@graph\":[{\"@type\":\"WebPage\",\"@id\":\"https:\/\/www.a-carrasco.com\/de\/druckguss\/einsatze\/\",\"url\":\"https:\/\/www.a-carrasco.com\/de\/druckguss\/einsatze\/\",\"name\":\"Eins\u00e4tze - Carrasco\",\"isPartOf\":{\"@id\":\"https:\/\/www.a-carrasco.com\/de\/#website\"},\"datePublished\":\"2015-03-11T15:09:30+00:00\",\"dateModified\":\"2023-12-19T16:51:43+00:00\",\"breadcrumb\":{\"@id\":\"https:\/\/www.a-carrasco.com\/de\/druckguss\/einsatze\/#breadcrumb\"},\"inLanguage\":\"de\",\"potentialAction\":[{\"@type\":\"ReadAction\",\"target\":[\"https:\/\/www.a-carrasco.com\/de\/druckguss\/einsatze\/\"]}]},{\"@type\":\"BreadcrumbList\",\"@id\":\"https:\/\/www.a-carrasco.com\/de\/druckguss\/einsatze\/#breadcrumb\",\"itemListElement\":[{\"@type\":\"ListItem\",\"position\":1,\"name\":\"Portada\",\"item\":\"https:\/\/www.a-carrasco.com\/de\/\"},{\"@type\":\"ListItem\",\"position\":2,\"name\":\"Druckguss\",\"item\":\"https:\/\/www.a-carrasco.com\/de\/druckguss\/\"},{\"@type\":\"ListItem\",\"position\":3,\"name\":\"Eins\u00e4tze\"}]},{\"@type\":\"WebSite\",\"@id\":\"https:\/\/www.a-carrasco.com\/de\/#website\",\"url\":\"https:\/\/www.a-carrasco.com\/de\/\",\"name\":\"Carrasco\",\"description\":\"Efficiency in tool components\",\"potentialAction\":[{\"@type\":\"SearchAction\",\"target\":{\"@type\":\"EntryPoint\",\"urlTemplate\":\"https:\/\/www.a-carrasco.com\/de\/?s={search_term_string}\"},\"query-input\":{\"@type\":\"PropertyValueSpecification\",\"valueRequired\":true,\"valueName\":\"search_term_string\"}}],\"inLanguage\":\"de\"}]}<\/script>\n<!-- \/ Yoast SEO plugin. -->","yoast_head_json":{"title":"Eins\u00e4tze - Carrasco","robots":{"index":"index","follow":"follow","max-snippet":"max-snippet:-1","max-image-preview":"max-image-preview:large","max-video-preview":"max-video-preview:-1"},"canonical":"https:\/\/www.a-carrasco.com\/de\/druckguss\/einsatze\/","og_locale":"de_DE","og_type":"article","og_title":"Eins\u00e4tze - Carrasco","og_description":"Beschreibung CARRASCO verf\u00fcgt \u00fcber die notwendigen Pr\u00e4zisionsger\u00e4te und \u2013maschinen, um die kritischsten Eins\u00e4tze f\u00fcr Aluminiumdruckgussformen herzustellen. Die st\u00e4ndige Verbesserung ihrer Nutzungsdauer und Verl\u00e4sslichkeit sind Schl\u00fcsselelemente, um gro\u00dfe Produktivit\u00e4tsverbesserungen zu erreichen. Kapazit\u00e4ten Materialien: Stahl f\u00fcr Werkzeuge mit hoher Reinheit und Homogenit\u00e4t, traditionell f\u00fcr Hei\u00dfarbeiten und Arbeiten neuer Generation\/hoher W\u00e4rmeleitung. Verfahren: Schruppen \u2013 W\u00e4rmebehandlung \u2013 Pr\u00e4zisionsbearbeitung \u2013 [&hellip;]","og_url":"https:\/\/www.a-carrasco.com\/de\/druckguss\/einsatze\/","og_site_name":"Carrasco","article_modified_time":"2023-12-19T16:51:43+00:00","twitter_card":"summary_large_image","schema":{"@context":"https:\/\/schema.org","@graph":[{"@type":"WebPage","@id":"https:\/\/www.a-carrasco.com\/de\/druckguss\/einsatze\/","url":"https:\/\/www.a-carrasco.com\/de\/druckguss\/einsatze\/","name":"Eins\u00e4tze - Carrasco","isPartOf":{"@id":"https:\/\/www.a-carrasco.com\/de\/#website"},"datePublished":"2015-03-11T15:09:30+00:00","dateModified":"2023-12-19T16:51:43+00:00","breadcrumb":{"@id":"https:\/\/www.a-carrasco.com\/de\/druckguss\/einsatze\/#breadcrumb"},"inLanguage":"de","potentialAction":[{"@type":"ReadAction","target":["https:\/\/www.a-carrasco.com\/de\/druckguss\/einsatze\/"]}]},{"@type":"BreadcrumbList","@id":"https:\/\/www.a-carrasco.com\/de\/druckguss\/einsatze\/#breadcrumb","itemListElement":[{"@type":"ListItem","position":1,"name":"Portada","item":"https:\/\/www.a-carrasco.com\/de\/"},{"@type":"ListItem","position":2,"name":"Druckguss","item":"https:\/\/www.a-carrasco.com\/de\/druckguss\/"},{"@type":"ListItem","position":3,"name":"Eins\u00e4tze"}]},{"@type":"WebSite","@id":"https:\/\/www.a-carrasco.com\/de\/#website","url":"https:\/\/www.a-carrasco.com\/de\/","name":"Carrasco","description":"Efficiency in tool components","potentialAction":[{"@type":"SearchAction","target":{"@type":"EntryPoint","urlTemplate":"https:\/\/www.a-carrasco.com\/de\/?s={search_term_string}"},"query-input":{"@type":"PropertyValueSpecification","valueRequired":true,"valueName":"search_term_string"}}],"inLanguage":"de"}]}},"_links":{"self":[{"href":"https:\/\/www.a-carrasco.com\/de\/wp-json\/wp\/v2\/pages\/2315"}],"collection":[{"href":"https:\/\/www.a-carrasco.com\/de\/wp-json\/wp\/v2\/pages"}],"about":[{"href":"https:\/\/www.a-carrasco.com\/de\/wp-json\/wp\/v2\/types\/page"}],"author":[{"embeddable":true,"href":"https:\/\/www.a-carrasco.com\/de\/wp-json\/wp\/v2\/users\/1"}],"replies":[{"embeddable":true,"href":"https:\/\/www.a-carrasco.com\/de\/wp-json\/wp\/v2\/comments?post=2315"}],"version-history":[{"count":10,"href":"https:\/\/www.a-carrasco.com\/de\/wp-json\/wp\/v2\/pages\/2315\/revisions"}],"predecessor-version":[{"id":5663,"href":"https:\/\/www.a-carrasco.com\/de\/wp-json\/wp\/v2\/pages\/2315\/revisions\/5663"}],"up":[{"embeddable":true,"href":"https:\/\/www.a-carrasco.com\/de\/wp-json\/wp\/v2\/pages\/2303"}],"wp:attachment":[{"href":"https:\/\/www.a-carrasco.com\/de\/wp-json\/wp\/v2\/media?parent=2315"}],"curies":[{"name":"wp","href":"https:\/\/api.w.org\/{rel}","templated":true}]}}