{"id":1654,"date":"2013-08-23T01:08:44","date_gmt":"2013-08-23T01:08:44","guid":{"rendered":"http:\/\/a-carrasco.com.mialias.net\/trayectoria-2\/"},"modified":"2023-12-19T18:16:00","modified_gmt":"2023-12-19T16:16:00","slug":"werdegang","status":"publish","type":"page","link":"https:\/\/www.a-carrasco.com\/de\/werdegang\/","title":{"rendered":"Werdegang"},"content":{"rendered":"<div class=\"ui-row row\">\n <div   class=\"ui-column span8\"><div  class=\"ui--animation-in make--fx--fadein-ltr ui--pass clearfix\" data-fx=\"fx--fadein-ltr\" data-delay=\"400\" data-start-delay=\"0\"><div class=\"ui--title ui--animation ui--title-bordered text-left\"><div class=\"ui--title-holder\"><h3 class=\"ui--title-text\"><strong>Mehr als 40 Jahre Erfahrung mit Komponenten f\u00fcr Formen und Gussformen<\/strong><\/h3><div class=\"ui--title-borders ui--title-border-left\"><\/div><div class=\"ui--title-borders ui--title-border-right\"><\/div><\/div><\/div><div class=\"auto-format\"><p><span class=\"ui--animation ui--block\">CARRASCO ist ein Familienunternehmen mit mehr als 40 Jahren Erfahrung im Bereich der Komponenten f\u00fcr Formen und Gussformen. Wir entwickeln, produzieren und vertreiben Standard- und Spezialkomponenten f\u00fcr Benutzer und Hersteller von Formen und Druckgussformen f\u00fcr Nichteisenmetalle, f\u00fcr Stanzen und Kunststoffspritzguss, mit umfassender R\u00fcckverfolgbarkeit bis zu ihrem Nutzungsende und individueller Betreuung, um unseren Kunden einen maximalen Wert bieten zu k\u00f6nnen.<\/span><\/p>\n<\/div><div  class=\"ui--toggle ui--animation clearfix ui--toggle-state-closed\" style=\"margin-bottom: 2px;\" data-group=\"toggle-history\"><div class=\"ui--toggle-title\"><a href=\"javascript:;\"><span class=\"ui--toggle-icon\"><i class=\"ui--icon show-when-closed fontawesome-plus\"><\/i><i class=\"ui--icon show-when-opened fontawesome-minus\"><\/i><\/span><span class=\"ui--toggle-title-text heading\">1970 - 1973<\/span><\/a><\/div><div class=\"ui--toggle-content\"><div class=\"auto-format\"><p>Antonio Carrasco i Riera H\u00e4ndler von DME in Spanien.<\/p>\n<\/div><\/div><\/div><div  class=\"ui--toggle ui--animation clearfix ui--toggle-state-closed\" style=\"margin-bottom: 2px;\" data-group=\"toggle-history\"><div class=\"ui--toggle-title\"><a href=\"javascript:;\"><span class=\"ui--toggle-icon\"><i class=\"ui--icon show-when-closed fontawesome-plus\"><\/i><i class=\"ui--icon show-when-opened fontawesome-minus\"><\/i><\/span><span class=\"ui--toggle-title-text heading\">1973-1989<\/span><\/a><\/div><div class=\"ui--toggle-content\"><div class=\"auto-format\"><p><strong>NORMALIZADOS AC, S.A<\/strong>. (Antonio Carrasco i Riera 50% Anteile):<br \/>\nVertrieb von standardisierten Elementen f\u00fcr Kunststoffspritzguss und Aluminiumdruckguss. <\/p>\n<\/div><\/div><\/div><div  class=\"ui--toggle ui--animation clearfix ui--toggle-state-closed\" style=\"margin-bottom: 15px;\" data-group=\"toggle-history\"><div class=\"ui--toggle-title\"><a href=\"javascript:;\"><span class=\"ui--toggle-icon\"><i class=\"ui--icon show-when-closed fontawesome-plus\"><\/i><i class=\"ui--icon show-when-opened fontawesome-minus\"><\/i><\/span><span class=\"ui--toggle-title-text heading\">1989 - Vorhanden<\/span><\/a><\/div><div class=\"ui--toggle-content\"><div class=\"auto-format\"><p><strong>CARRASCO, S.A.<\/strong> (Unternehmen gegr\u00fcndet von Antonio Carrasco i Riera und S\u00f6hnen: Oriol Carrasco i Pla und Rub\u00e9n Carrasco i Pla):<\/p>\n<\/div><div class=\"auto-format ui--animation\"><ul>\n<li>1987 \u2013 1997: Antonio Carrasco i Riera, Mitglied des Standardisierungskomitees des FEAMM (Spanischer Verband von Formen- und Gussformenunternehmen), integriert in das Standardisierungskomitee der internationalen Vereinigung von Spezialausr\u00fcstungen (ISTA). Durch Hersteller aus Deutschland, Belgien, Spanien, USA, Frankreich, Italien, Japan, UK, Russland, Schweden, der Schweiz u.a. gebildeter Organismus. Ziel ist das Studium, die Vorbereitung und die Pr\u00e4sentation von f\u00fcr ISO vereinbarten Normen zur endg\u00fcltigen Genehmigung.<\/li>\n<li>1991: Vertriebsbeginn in Portugal.<\/li>\n<li>1995: Ansatz des Qualit\u00e4tsmanagements ISO 9001 \/ Quality management System.<\/li>\n<li>2002: Einf\u00fchrung in die Branche des allgemeinen Formenbaus und Formenbaus f\u00fcr Fahrzeugkarosserien.<\/li>\n<li>2002: Vertriebsbeginn in Frankreich.<\/li>\n<li>2003: Zulassung SNOP (FSD-Gruppe).<\/li>\n<li>2004: Erste Katalogver\u00f6ffentlichung in der Branche f\u00fcr Standardkomponenten, und spezifische Komponenten f\u00fcr den Aluminiumdruckguss.<\/li>\n<li>2005: Zulassung PSA-Gruppe.<\/li>\n<li>2011: Zulassung RENAULT-Gruppe.<\/li>\n<li>2012: Zulassung FAURECIA-Gruppe.<\/li>\n<li>2013: Vertriebsbeginn Deutschland.<\/li>\n<li>2016: Firmenname \u00e4ndert sich auf <strong>CARRASCO TOOL COMPONENTS, S.A.<\/strong><\/li>\n<li>2016: Gr\u00fandung der Firma CARRASCO MAXCORP MANUFACTURING, S.L., lm Standort Martorell (Barcelona).<\/li>\n<li>2016: Vertriebsanfang in Mexico.<\/li>\n<li>2018: Aussteller auf der EUROGUSS Messe in Nuremberg.<\/li>\n<li>2018: Teilnehmer im Projekt RIS3CAT 3D TOOLING, gefordert mit Europ\u00e4ischen Mitteln, ein F &#038; E Ekosystem f\u00fcr den Einsatz und Anwendung der additiven Fertigung \/ 3D Druck in der Herstellung von industriellen Werkzeugen.<\/li>\n<li>2019: Ansatz der Qualit\u00e4tsnormen AIAG.<\/li>\n<\/ul>\n<\/div><\/div><\/div><div class=\"ui--title ui--animation ui--title-bordered text-left\"><div class=\"ui--title-holder\"><h3 class=\"ui--title-text\">Export<\/h3><div class=\"ui--title-borders ui--title-border-left\"><\/div><div class=\"ui--title-borders ui--title-border-right\"><\/div><\/div><\/div><div class=\"auto-format ui--animation\"><p>1991 fanden die ersten Verk\u00e4ufe an Kunden in Portugal statt, was den Beginn der ersten Aktivit\u00e4ten im Ausland repr\u00e4sentierte. Die anf\u00e4ngliche Strategie bestand im Direktvertrieb an potentielle Kunden sowie an die Entscheidungszentren in Spanien, um Vorgabe der Abnahme unserer Produkte und Services an die Untervertragnehmer in Portugal zu f\u00f6rdern. <\/p>\n<p>Der Einstieg in den franz\u00f6sischen Markt 2002 erfolgt \u00fcber die Niederlassungen der franz\u00f6sischen Gruppen mit Pr\u00e4senz in Spanien, mit denen wir nun starke Handelsbeziehungen pflegen.<br \/>\nDie Differenzierung erfolgt vor allem durch eine exzellente individuelle Serviceleistung im After-Sell-Bereich. <\/p>\n<p>2014 machte der Export 64% des Umsatzes von  CARRASCO aus. Die repr\u00e4sentativsten Kundenl\u00e4nder sind: Frankreich, Rum\u00e4nien, Polen, Portugal, Marokko, Tschechische Republik, Deutschland, Schweiz, Slowakei und Mexiko u.a.<\/p>\n<\/div><\/div><\/div> \n\n <div   class=\"ui-column span4\"><div  class=\"ui--animation-in make--fx--fadein-rtl ui--pass clearfix\" data-fx=\"fx--fadein-rtl\" data-delay=\"400\" data-start-delay=\"400\"><div class=\"ui--box-widget\"><div class=\"ui--block ui--content-item ui--pass ui--animation\"><div  class=\"ui--content-box ui--box ui-row\"><div class=\"ui--content-box-header\"><div class=\"ui--content-box-media effect--fade type--default clearfix\" style=\"padding-bottom: 75%;\"><div class=\"ui--content-box-image-default\"><img decoding=\"async\"  class=\"ui--content-box-image\" src=\"https:\/\/a-carrasco.com\/wp-content\/uploads\/2013\/08\/Trayectoria_Pare-i-fills.jpg\" alt=\"\" title=\"\"\/><\/div><\/div><\/div><\/div><div class=\"ui--shadow ui--shadow-type-8 ui--shadow-abs ui--shadow-reset clearfix\"><img decoding=\"async\" src=\"https:\/\/www.a-carrasco.com\/wp-content\/themes\/envision\/includes\/modules\/module.shadow\/shadows\/shadow-8.png\" alt=\"shadow\" \/><\/div><\/div><\/div><\/div><\/div> \n\n<\/div> \n<div  class=\"ui--space clearfix\" data-responsive=\"{&quot;css&quot;:{&quot;height&quot;:{&quot;phone&quot;:null,&quot;tablet&quot;:null,&quot;widescreen&quot;:null}}}\"><\/div><div class=\"ui--title ui--animation ui--title-bordered text-center\"><div class=\"ui--title-holder\"><h3 class=\"ui--title-text\">unsere Kunden<\/h3><div class=\"ui--title-borders ui--title-border-left\"><\/div><div class=\"ui--title-borders ui--title-border-right\"><\/div><\/div><\/div><div class=\"ui--client-list-wrapper ui--animation ui-row clearfix\" style=\"margin-top: 20px;\"><div class=\"ui--client-list ui--box ui-row clearfix ui--carousel\" data-options=\"{&quot;effect&quot;:&quot;slide&quot;,&quot;auto_rotate&quot;:&quot;1&quot;,&quot;animation_loop&quot;:&quot;1&quot;,&quot;rotate_time&quot;:0,&quot;arrows&quot;:false,&quot;disable_on_mobile&quot;:false}\"><div class=\"slides\"><div class=\"ui-row row\">\n <div   class=\"ui-column span2\"><div class=\"ui--client ui--carousel-item\"><img decoding=\"async\" src=\"https:\/\/www.a-carrasco.com\/wp-content\/uploads\/2023\/12\/logo-TOYOTA.jpg\" alt=\"\" title=\"\" class=\"ui--animation\"><\/div><div class=\"vertical-divider\"><\/div><\/div> \n\n <div   class=\"ui-column span2\"><div class=\"ui--client ui--carousel-item\"><img decoding=\"async\" src=\"https:\/\/www.a-carrasco.com\/wp-content\/uploads\/2023\/12\/logo-GMG.jpg\" alt=\"\" title=\"\" class=\"ui--animation\"><\/div><div class=\"vertical-divider\"><\/div><\/div> \n\n <div   class=\"ui-column span2\"><div class=\"ui--client ui--carousel-item\"><img decoding=\"async\" src=\"https:\/\/www.a-carrasco.com\/wp-content\/uploads\/2023\/12\/logo-OPEL.jpg\" alt=\"\" title=\"\" class=\"ui--animation\"><\/div><div class=\"vertical-divider\"><\/div><\/div> \n\n <div   class=\"ui-column span2\"><div class=\"ui--client ui--carousel-item\"><img decoding=\"async\" src=\"https:\/\/www.a-carrasco.com\/wp-content\/uploads\/2023\/12\/logo-ENDURANCE.jpg\" alt=\"\" title=\"\" class=\"ui--animation\"><\/div><div class=\"vertical-divider\"><\/div><\/div> \n\n <div   class=\"ui-column span2\"><div class=\"ui--client ui--carousel-item\"><img decoding=\"async\" src=\"https:\/\/www.a-carrasco.com\/wp-content\/uploads\/2023\/12\/logo-FORVIA.jpg\" alt=\"\" title=\"\" class=\"ui--animation\"><\/div><div class=\"vertical-divider\"><\/div><\/div> \n\n <div   class=\"ui-column span2\"><div class=\"ui--client ui--carousel-item\"><img decoding=\"async\" src=\"https:\/\/www.a-carrasco.com\/wp-content\/uploads\/2023\/12\/logo-FAGOR.jpg\" alt=\"\" title=\"\" class=\"ui--animation\"><\/div><div class=\"vertical-divider\"><\/div><\/div> \n\n<\/div> \n<div class=\"ui-row row\">\n <div   class=\"ui-column span2\"><div class=\"ui--client ui--carousel-item\"><img decoding=\"async\" src=\"https:\/\/www.a-carrasco.com\/wp-content\/uploads\/2023\/12\/logo-PESEA.jpg\" alt=\"\" title=\"\" class=\"ui--animation\"><\/div><div class=\"vertical-divider\"><\/div><\/div> \n\n <div   class=\"ui-column span2\"><div class=\"ui--client ui--carousel-item\"><img decoding=\"async\" src=\"https:\/\/www.a-carrasco.com\/wp-content\/uploads\/2023\/12\/logo-BENTELER.jpg\" alt=\"\" title=\"\" class=\"ui--animation\"><\/div><div class=\"vertical-divider\"><\/div><\/div> \n\n <div   class=\"ui-column span2\"><div class=\"ui--client ui--carousel-item\"><img decoding=\"async\" src=\"https:\/\/www.a-carrasco.com\/wp-content\/uploads\/2023\/12\/logo-SKODA.jpg\" alt=\"\" title=\"\" class=\"ui--animation\"><\/div><div class=\"vertical-divider\"><\/div><\/div> \n\n <div   class=\"ui-column span2\"><div class=\"ui--client ui--carousel-item\"><img decoding=\"async\" src=\"https:\/\/www.a-carrasco.com\/wp-content\/uploads\/2023\/12\/logo-SNOP.jpg\" alt=\"\" title=\"\" class=\"ui--animation\"><\/div><div class=\"vertical-divider\"><\/div><\/div> \n\n <div   class=\"ui-column span2\"><div class=\"ui--client ui--carousel-item\"><img decoding=\"async\" src=\"https:\/\/www.a-carrasco.com\/wp-content\/uploads\/2023\/12\/logo-CIE.jpg\" alt=\"\" title=\"\" class=\"ui--animation\"><\/div><div class=\"vertical-divider\"><\/div><\/div> \n\n <div   class=\"ui-column span2\"><div class=\"ui--client ui--carousel-item\"><img decoding=\"async\" src=\"https:\/\/www.a-carrasco.com\/wp-content\/uploads\/2023\/12\/logo-NEMAK.jpg\" alt=\"\" title=\"\" class=\"ui--animation\"><\/div><div class=\"vertical-divider\"><\/div><\/div> \n\n<\/div> \n<div class=\"ui-row row\">\n <div   class=\"ui-column span2\"><div class=\"ui--client ui--carousel-item\"><img decoding=\"async\" src=\"https:\/\/www.a-carrasco.com\/wp-content\/uploads\/2023\/12\/logo-AUTOLIV.jpg\" alt=\"\" title=\"\" class=\"ui--animation\"><\/div><div class=\"vertical-divider\"><\/div><\/div> \n\n <div   class=\"ui-column span2\"><div class=\"ui--client ui--carousel-item\"><img decoding=\"async\" src=\"https:\/\/www.a-carrasco.com\/wp-content\/uploads\/2023\/12\/logo-LEAR.jpg\" alt=\"\" title=\"\" class=\"ui--animation\"><\/div><div class=\"vertical-divider\"><\/div><\/div> \n\n <div   class=\"ui-column span2\"><div class=\"ui--client ui--carousel-item\"><img decoding=\"async\" src=\"https:\/\/www.a-carrasco.com\/wp-content\/uploads\/2023\/12\/logo-TCG-UNITEC.jpg\" alt=\"\" title=\"\" class=\"ui--animation\"><\/div><div class=\"vertical-divider\"><\/div><\/div> \n\n <div   class=\"ui-column span2\"><div class=\"ui--client ui--carousel-item\"><img decoding=\"async\" src=\"https:\/\/www.a-carrasco.com\/wp-content\/uploads\/2023\/12\/logo-HANDTMANN.jpg\" alt=\"\" title=\"\" class=\"ui--animation\"><\/div><div class=\"vertical-divider\"><\/div><\/div> \n\n <div   class=\"ui-column span2\"><div class=\"ui--client ui--carousel-item\"><img decoding=\"async\" src=\"https:\/\/www.a-carrasco.com\/wp-content\/uploads\/2023\/12\/logo-FORD.jpg\" alt=\"\" title=\"\" class=\"ui--animation\"><\/div><div class=\"vertical-divider\"><\/div><\/div> \n\n <div   class=\"ui-column span2\"><div class=\"ui--client ui--carousel-item\"><img decoding=\"async\" src=\"https:\/\/www.a-carrasco.com\/wp-content\/uploads\/2023\/12\/logo-DGS.jpg\" alt=\"\" title=\"\" class=\"ui--animation\"><\/div><div class=\"vertical-divider\"><\/div><\/div> \n\n<\/div> \n<div class=\"ui-row row\">\n <div   class=\"ui-column span2\"><div class=\"ui--client ui--carousel-item\"><img decoding=\"async\" src=\"https:\/\/www.a-carrasco.com\/wp-content\/uploads\/2023\/12\/logo-RENAULT.jpg\" alt=\"\" title=\"\" class=\"ui--animation\"><\/div><div class=\"vertical-divider\"><\/div><\/div> \n\n <div   class=\"ui-column span2\"><div class=\"ui--client ui--carousel-item\"><img decoding=\"async\" src=\"https:\/\/www.a-carrasco.com\/wp-content\/uploads\/2023\/12\/logo-ANTOLIN.jpg\" alt=\"\" title=\"\" class=\"ui--animation\"><\/div><div class=\"vertical-divider\"><\/div><\/div> \n\n <div   class=\"ui-column span2\"><div class=\"ui--client ui--carousel-item\"><img decoding=\"async\" src=\"https:\/\/www.a-carrasco.com\/wp-content\/uploads\/2023\/12\/logo-SEAT.jpg\" alt=\"\" title=\"\" class=\"ui--animation\"><\/div><div class=\"vertical-divider\"><\/div><\/div> \n\n <div   class=\"ui-column span2\"><div class=\"ui--client ui--carousel-item\"><img decoding=\"async\" src=\"https:\/\/www.a-carrasco.com\/wp-content\/uploads\/2023\/12\/logo-NISSAN.jpg\" alt=\"\" title=\"\" class=\"ui--animation\"><\/div><div class=\"vertical-divider\"><\/div><\/div> \n\n <div   class=\"ui-column span2\"><div class=\"ui--client ui--carousel-item\"><img decoding=\"async\" src=\"https:\/\/www.a-carrasco.com\/wp-content\/uploads\/2023\/12\/logo-GESTAM.jpg\" alt=\"\" title=\"\" class=\"ui--animation\"><\/div><div class=\"vertical-divider\"><\/div><\/div> \n\n<\/div> \n<\/div><\/div><div class=\"ui--shadow ui--shadow-type-6  clearfix\"><img decoding=\"async\" src=\"https:\/\/www.a-carrasco.com\/wp-content\/themes\/envision\/includes\/modules\/module.shadow\/shadows\/shadow-6.png\" alt=\"shadow\" \/><\/div><\/div>","protected":false},"excerpt":{"rendered":"<p>Mehr als 40 Jahre Erfahrung mit Komponenten f\u00fcr Formen und GussformenCARRASCO ist ein Familienunternehmen mit mehr als 40 Jahren Erfahrung im Bereich der Komponenten f\u00fcr Formen und Gussformen. Wir entwickeln, produzieren und vertreiben Standard- und Spezialkomponenten f\u00fcr Benutzer und Hersteller von Formen und Druckgussformen f\u00fcr Nichteisenmetalle, f\u00fcr Stanzen und Kunststoffspritzguss, mit umfassender R\u00fcckverfolgbarkeit bis zu [&hellip;]<\/p>\n","protected":false},"author":1,"featured_media":0,"parent":0,"menu_order":3,"comment_status":"open","ping_status":"open","template":"","meta":{"footnotes":""},"class_list":["post-1654","page","type-page","status-publish","hentry"],"yoast_head":"<!-- This site is optimized with the Yoast SEO plugin v25.6 - https:\/\/yoast.com\/wordpress\/plugins\/seo\/ -->\n<title>Werdegang - Carrasco<\/title>\n<meta name=\"robots\" content=\"index, follow, max-snippet:-1, max-image-preview:large, max-video-preview:-1\" \/>\n<link rel=\"canonical\" href=\"https:\/\/www.a-carrasco.com\/de\/werdegang\/\" \/>\n<meta property=\"og:locale\" content=\"de_DE\" \/>\n<meta property=\"og:type\" content=\"article\" \/>\n<meta property=\"og:title\" content=\"Werdegang - Carrasco\" \/>\n<meta property=\"og:description\" content=\"Mehr als 40 Jahre Erfahrung mit Komponenten f\u00fcr Formen und GussformenCARRASCO ist ein Familienunternehmen mit mehr als 40 Jahren Erfahrung im Bereich der Komponenten f\u00fcr Formen und Gussformen. Wir entwickeln, produzieren und vertreiben Standard- und Spezialkomponenten f\u00fcr Benutzer und Hersteller von Formen und Druckgussformen f\u00fcr Nichteisenmetalle, f\u00fcr Stanzen und Kunststoffspritzguss, mit umfassender R\u00fcckverfolgbarkeit bis zu [&hellip;]\" \/>\n<meta property=\"og:url\" content=\"https:\/\/www.a-carrasco.com\/de\/werdegang\/\" \/>\n<meta property=\"og:site_name\" content=\"Carrasco\" \/>\n<meta property=\"article:modified_time\" content=\"2023-12-19T16:16:00+00:00\" \/>\n<meta name=\"twitter:card\" content=\"summary_large_image\" \/>\n<script type=\"application\/ld+json\" class=\"yoast-schema-graph\">{\"@context\":\"https:\/\/schema.org\",\"@graph\":[{\"@type\":\"WebPage\",\"@id\":\"https:\/\/www.a-carrasco.com\/de\/werdegang\/\",\"url\":\"https:\/\/www.a-carrasco.com\/de\/werdegang\/\",\"name\":\"Werdegang - Carrasco\",\"isPartOf\":{\"@id\":\"https:\/\/www.a-carrasco.com\/de\/#website\"},\"datePublished\":\"2013-08-23T01:08:44+00:00\",\"dateModified\":\"2023-12-19T16:16:00+00:00\",\"breadcrumb\":{\"@id\":\"https:\/\/www.a-carrasco.com\/de\/werdegang\/#breadcrumb\"},\"inLanguage\":\"de\",\"potentialAction\":[{\"@type\":\"ReadAction\",\"target\":[\"https:\/\/www.a-carrasco.com\/de\/werdegang\/\"]}]},{\"@type\":\"BreadcrumbList\",\"@id\":\"https:\/\/www.a-carrasco.com\/de\/werdegang\/#breadcrumb\",\"itemListElement\":[{\"@type\":\"ListItem\",\"position\":1,\"name\":\"Portada\",\"item\":\"https:\/\/www.a-carrasco.com\/de\/\"},{\"@type\":\"ListItem\",\"position\":2,\"name\":\"Werdegang\"}]},{\"@type\":\"WebSite\",\"@id\":\"https:\/\/www.a-carrasco.com\/de\/#website\",\"url\":\"https:\/\/www.a-carrasco.com\/de\/\",\"name\":\"Carrasco\",\"description\":\"Efficiency in tool components\",\"potentialAction\":[{\"@type\":\"SearchAction\",\"target\":{\"@type\":\"EntryPoint\",\"urlTemplate\":\"https:\/\/www.a-carrasco.com\/de\/?s={search_term_string}\"},\"query-input\":{\"@type\":\"PropertyValueSpecification\",\"valueRequired\":true,\"valueName\":\"search_term_string\"}}],\"inLanguage\":\"de\"}]}<\/script>\n<!-- \/ Yoast SEO plugin. -->","yoast_head_json":{"title":"Werdegang - Carrasco","robots":{"index":"index","follow":"follow","max-snippet":"max-snippet:-1","max-image-preview":"max-image-preview:large","max-video-preview":"max-video-preview:-1"},"canonical":"https:\/\/www.a-carrasco.com\/de\/werdegang\/","og_locale":"de_DE","og_type":"article","og_title":"Werdegang - Carrasco","og_description":"Mehr als 40 Jahre Erfahrung mit Komponenten f\u00fcr Formen und GussformenCARRASCO ist ein Familienunternehmen mit mehr als 40 Jahren Erfahrung im Bereich der Komponenten f\u00fcr Formen und Gussformen. Wir entwickeln, produzieren und vertreiben Standard- und Spezialkomponenten f\u00fcr Benutzer und Hersteller von Formen und Druckgussformen f\u00fcr Nichteisenmetalle, f\u00fcr Stanzen und Kunststoffspritzguss, mit umfassender R\u00fcckverfolgbarkeit bis zu [&hellip;]","og_url":"https:\/\/www.a-carrasco.com\/de\/werdegang\/","og_site_name":"Carrasco","article_modified_time":"2023-12-19T16:16:00+00:00","twitter_card":"summary_large_image","schema":{"@context":"https:\/\/schema.org","@graph":[{"@type":"WebPage","@id":"https:\/\/www.a-carrasco.com\/de\/werdegang\/","url":"https:\/\/www.a-carrasco.com\/de\/werdegang\/","name":"Werdegang - Carrasco","isPartOf":{"@id":"https:\/\/www.a-carrasco.com\/de\/#website"},"datePublished":"2013-08-23T01:08:44+00:00","dateModified":"2023-12-19T16:16:00+00:00","breadcrumb":{"@id":"https:\/\/www.a-carrasco.com\/de\/werdegang\/#breadcrumb"},"inLanguage":"de","potentialAction":[{"@type":"ReadAction","target":["https:\/\/www.a-carrasco.com\/de\/werdegang\/"]}]},{"@type":"BreadcrumbList","@id":"https:\/\/www.a-carrasco.com\/de\/werdegang\/#breadcrumb","itemListElement":[{"@type":"ListItem","position":1,"name":"Portada","item":"https:\/\/www.a-carrasco.com\/de\/"},{"@type":"ListItem","position":2,"name":"Werdegang"}]},{"@type":"WebSite","@id":"https:\/\/www.a-carrasco.com\/de\/#website","url":"https:\/\/www.a-carrasco.com\/de\/","name":"Carrasco","description":"Efficiency in tool components","potentialAction":[{"@type":"SearchAction","target":{"@type":"EntryPoint","urlTemplate":"https:\/\/www.a-carrasco.com\/de\/?s={search_term_string}"},"query-input":{"@type":"PropertyValueSpecification","valueRequired":true,"valueName":"search_term_string"}}],"inLanguage":"de"}]}},"_links":{"self":[{"href":"https:\/\/www.a-carrasco.com\/de\/wp-json\/wp\/v2\/pages\/1654"}],"collection":[{"href":"https:\/\/www.a-carrasco.com\/de\/wp-json\/wp\/v2\/pages"}],"about":[{"href":"https:\/\/www.a-carrasco.com\/de\/wp-json\/wp\/v2\/types\/page"}],"author":[{"embeddable":true,"href":"https:\/\/www.a-carrasco.com\/de\/wp-json\/wp\/v2\/users\/1"}],"replies":[{"embeddable":true,"href":"https:\/\/www.a-carrasco.com\/de\/wp-json\/wp\/v2\/comments?post=1654"}],"version-history":[{"count":11,"href":"https:\/\/www.a-carrasco.com\/de\/wp-json\/wp\/v2\/pages\/1654\/revisions"}],"predecessor-version":[{"id":6334,"href":"https:\/\/www.a-carrasco.com\/de\/wp-json\/wp\/v2\/pages\/1654\/revisions\/6334"}],"wp:attachment":[{"href":"https:\/\/www.a-carrasco.com\/de\/wp-json\/wp\/v2\/media?parent=1654"}],"curies":[{"name":"wp","href":"https:\/\/api.w.org\/{rel}","templated":true}]}}