{"id":3244,"date":"2015-05-11T10:07:12","date_gmt":"2015-05-11T09:07:12","guid":{"rendered":"http:\/\/a-carrasco.com.mialias.net\/ca\/condiciones-generales-venta\/"},"modified":"2021-03-10T17:40:39","modified_gmt":"2021-03-10T15:40:39","slug":"condicions-generals-de-venda","status":"publish","type":"page","link":"https:\/\/www.a-carrasco.com\/ca\/condicions-generals-de-venda\/","title":{"rendered":"Condicions Generals de Venda"},"content":{"rendered":"<div  class=\"fullwidth-content ui--section clearfix\"><div  class=\"ui--section-content\"><div class=\"container\"><div class=\"auto-format ui--animation\"><p><strong>1) Consideraciones generales:<\/strong><br \/>\nLas siguientes Condiciones Generales de Venta se aplicar\u00e1n a cualquier pr\u00e1ctica comercial de Carrasco Tool Components, S.A. (\u201cProveedor\u201d) dentro del sector de los componentes para herramientas o similares, est\u00e1ndar (cat\u00e1logo) y especiales (fabricados bajo plano) y, en general, a cualquier producto fabricado, montado, comprado y vendido por el Proveedor.<br \/>\nEstas Condiciones Generales se considerar\u00e1n la base jur\u00eddica para cualquier contrato firmado por el Proveedor, salvo en el caso de pedidos o acuerdos especiales, en los que expresamente, por acuerdo escrito, se excluya su aplicaci\u00f3n.<br \/>\nLas siguientes Condiciones Generales regir\u00e1n en cualquier contrato o pedido (incluyendo los pedidos hechos como \u201cabiertos\u201d o \u201cprogramados\u201d) y se considerar\u00e1n autom\u00e1ticamente aceptadas por el Cliente al producirse la realizaci\u00f3n del pedido.<br \/>\nLa modificaci\u00f3n por el Proveedor de las presentes Condiciones Generales no afectar\u00e1 a los contratos ya perfeccionados.<br \/>\nLos impresos publicitarios, folletos de ventas, anuncios, contenidos en internet, muestras, cat\u00e1logos, listas de precios y cualquier otra informaci\u00f3n que se use o env\u00ede por el Proveedor al Cliente, antes o durante la ejecuci\u00f3n del suministro, no se considerar\u00e1n elementos contractuales sustanciales.<\/p>\n<p><strong>2) Pedidos:<\/strong><br \/>\nTodos los pedidos ser\u00e1n formalizados por el Cliente por escrito que remitir\u00e1 al Proveedor mediante fax o e-mail.<br \/>\nSe entiende por pedido cualquier documento que incluya los elementos identificadores del suministro que se haya de realizar en t\u00e9rminos de cantidades, tipos de productos y precios.<br \/>\nEl pedido se considerar\u00e1 transformado en un contrato vinculante tanto en el caso de la expresa aceptaci\u00f3n por el Proveedor (v\u00eda fax o e-mail), como al producirse el primer suministro aceptado por el Proveedor.<br \/>\n<em>2.1) Pedido \u201ccerrado\u201d:<\/em><br \/>\nSe entiende por pedido \u201ccerrado\u201d aqu\u00e9l en el que las cantidades, precios, condiciones y plazos de entrega del producto est\u00e1n expresamente especificados y, adem\u00e1s, hayan sido expresamente aceptados por el Proveedor.<br \/>\n<em>2.2) Pedido \u201cabierto\u201d y \u201cprogramado\u201d:<\/em><br \/>\nSe entiende por pedido \u201cabierto\u201d aqu\u00e9l en el que, concretado y detallado el tipo de producto a suministrar y el precio unitario, indica las cantidades estimadas de producto que se han de consumir por el Cliente dentro de un per\u00edodo expresamente especificado que se ha de acordar entre el Proveedor y el Cliente. Las cantidades y los plazos de entrega no se considerar\u00e1n vinculantes para el Proveedor.<br \/>\nSe entiende por pedido \u201cprogramado\u201d aqu\u00e9l en el que, concretado y detallado el tipo de producto y el precio unitario, indica unas cantidades m\u00ednima y m\u00e1xima de producto que se han de entregar de acuerdo a un programa preestablecido.<br \/>\nCada pedido \u201cabierto\u201d o \u201cprogramado\u201d se debe transformar, dentro de un plazo de tiempo convenido, en un pedido \u201ccerrado\u201d que se ha de presentar a la aceptaci\u00f3n del Proveedor. Este pedido especificar\u00e1 expresamente las cantidades y plazos de entrega del producto solicitados por el Cliente.<br \/>\nEl Proveedor no est\u00e1 obligado a garantizar la entrega de cantidades adicionales de producto, o los plazos de tales entregas que resulten demasiado dif\u00edciles de respetar.<br \/>\n<em>2.3) Modificaciones de pedido:<\/em><br \/>\nCualquier modificaci\u00f3n del contrato que pudiera solicitar el Cliente, incluidos los pedidos \u201cabiertos\u201d y\/o \u201cprogramados\u201d, deber\u00e1 ser expresamente aceptada por el Proveedor.<br \/>\n<em>2.4) Anulaci\u00f3n de un pedido \u201ccerrado\u201d, o reducci\u00f3n de un pedido \u201cabierto\u201d o \u201cprogramado\u201d por debajo de las cantidades m\u00ednimas establecidas:<\/em><br \/>\nLas solicitudes de anulaci\u00f3n o alteraci\u00f3n de pedidos \u201ccerrados\u201d, \u201cabiertos\u201d o \u201cprogramados\u201d necesitan la previa conformidad, por escrito, del Proveedor, quien informar\u00eda sobre el eventual coste de aceptaci\u00f3n. De otro modo, el Cliente deber\u00e1 hacerse cargo del pedido tal como haya sido fabricado.<br \/>\n<em>2.5) Pedidos de componentes especiales (fabricaci\u00f3n bajo plano del Cliente):<\/em><br \/>\nEs responsabilidad del Cliente detallar todas las especificaciones necesarias para una correcta fabricaci\u00f3n del componente. Sobre las especificaciones que no vengan indicadas y se dejen expl\u00edcitamente a criterio del Proveedor, no se aceptar\u00e1n posteriores reclamaciones.<br \/>\nNo se aceptar\u00e1n ning\u00fan tipo de modificaciones ni anulaciones m\u00e1s tarde de las 24 horas del d\u00eda del pedido, excepto que no se haya procedido a iniciar la fabricaci\u00f3n.<br \/>\nLa aceptaci\u00f3n de un pedido de Productos especiales queda supeditado a la recepci\u00f3n de un importe equivalente al 30% del valor del mismo. La facturaci\u00f3n del 70% restante se har\u00e1 de acuerdo a las condiciones normalmente establecidas con el Cliente.<br \/>\nNo se aceptar\u00e1n devoluciones de Productos especiales.<\/p>\n<p><strong>3) Producto:<\/strong><br \/>\n<em>3.1) Destino del Producto:<\/em><br \/>\nEl Proveedor se compromete a fabricar el Producto de conformidad con las especificaciones t\u00e9cnicas convenidas con el Cliente. El Cliente ser\u00e1 responsable del uso del Producto. Al recibo del Producto, el Cliente garantiza expresamente que el Producto corresponde a sus necesidades y es adecuado para el uso y los fines<br \/>\ncomunicados al Proveedor.<br \/>\n<em>3.2) Responsabilidades:<\/em><br \/>\nEl Proveedor ser\u00e1 exclusivamente responsable de sus propias actividades y de la correcta fabricaci\u00f3n del Producto suministrado, que tendr\u00e1 las caracter\u00edsticas que se especifiquen en el pedido.<br \/>\nEl Proveedor no ser\u00e1 considerado responsable de los defectos del Producto, si estos defectos dependen de:<\/p>\n<ul>\n<li>Errores de planificaci\u00f3n o dise\u00f1o, si estas actividades las lleva a cabo el Cliente o terceros en nombre del Cliente.<\/li>\n<li>Tratamientos o manipulaciones llevados a cabo sin el consentimiento del Proveedor.<\/li>\n<li>Uso diferente, no permitido, an\u00f3malo, at\u00edpico o particular del Producto.<\/li>\n<li>Defectos del Producto dependientes de su almacenaje, transporte, conservaci\u00f3n o manejo.<\/li>\n<li>Desgaste normal del Producto o deterioro dependiente de sucesos atribuibles al cliente o a terceros.<\/li>\n<li>Incumplimiento de las recomendaciones, prescripciones o sugerencias del Proveedor en lo que concierne al mantenimiento, conservaci\u00f3n y uso del Producto.<\/li>\n<\/ul>\n<p><em>3.3) Embalaje del Producto:<\/em><br \/>\nEl Proveedor entregar\u00e1 el Producto adecuadamente embalado de conformidad con las normas vigentes sobre seguridad e higiene.<br \/>\nEstas actividades se llevar\u00e1n a cabo de tal manera que se asegure la correcta conservaci\u00f3n de las caracter\u00edsticas t\u00e9cnicas y funcionales del Producto suministrado.<\/p>\n<p><strong>4) Propiedad intelectual y confidencialidad:<\/strong><br \/>\n<em>4.1) Derechos de propiedad intelectual:<\/em><br \/>\nCualquier documento, plano, estimaci\u00f3n, informe t\u00e9cnico, evaluaci\u00f3n, oferta, an\u00e1lisis, as\u00ed como cualquier dato o documento intercambiados por cualquier raz\u00f3n entre el Cliente y el Proveedor, antes o durante la ejecuci\u00f3n de un pedido, se han de considerar como entregados \u00fanica y exclusivamente para el uso espec\u00edfico al que est\u00e9n destinados. Esta transmisi\u00f3n no entra\u00f1a transferencia alguna de propiedad y\/o derecho de uso.<br \/>\nEl Cliente y el Proveedor mantendr\u00e1n rec\u00edprocamente sus propios derechos de propiedad, incluyendo la propiedad intelectual, sobre todos los documentos que vayan a ser intercambiados.<br \/>\n<em>4.2) Cl\u00e1usula de confidencialidad:<\/em><br \/>\nEl Cliente y el Proveedor quedan mutuamente obligados al m\u00e1ximo de confidencialidad y secreto, en lo que concierne a la existencia y contenido de documentos que se hayan de intercambiar.<br \/>\nEn caso de un uso del material que se haya de intercambiar diferente al permitido o previsto, la parte perjudicada tiene derecho a una compensaci\u00f3n por da\u00f1os o perjuicios.<\/p>\n<p><strong>5) Entrega, transporte, inspecci\u00f3n y aceptaci\u00f3n del Producto:<\/strong><br \/>\n<em>5.1) Plazos de entrega:<\/em><br \/>\nFuera de los casos de entrega inmediata, los plazos previamente indicados en nuestra confirmaci\u00f3n de pedido, ser\u00e1n respetados exceptuando supuestos de fuerza mayor.<br \/>\nEl comprador ser\u00e1 previamente avisado de eventuales retrasos que puedan ocurrir por dificultades o alteraciones en la fabricaci\u00f3n, no asumi\u00e9ndose ning\u00fan tipo de penalizaci\u00f3n por este concepto.<br \/>\n<em>5.2) Condiciones de entrega:<\/em><br \/>\nA menos que se acuerde otra cosa por escrito, la entrega de Producto se har\u00e1 \u201cEx \u2013Works\u201d (Incoterms 2010). A partir de esa fecha, todos los riesgos y responsabilidades concernientes al Producto se trasladar\u00e1n al Cliente.<br \/>\nEl Proveedor cursar\u00e1 en su debido momento una notificaci\u00f3n de \u201cmercanc\u00eda dispuesta para su entrega\u201d. El Cliente recibir\u00e1 el Producto en la fecha indicada en dicha notificaci\u00f3n.<br \/>\n<em>5.3) Transporte:<\/em><br \/>\nA menos que se disponga de otra cosa en el pedido, el transporte se har\u00e1 siempre por cuenta y riesgo del Cliente.<br \/>\nEl Proveedor se reserva el derecho de aceptar solicitudes de entregas parciales del Producto pedido.<br \/>\n<em>5.4) Control de las cantidades y tipos de Producto entregados:<\/em><br \/>\nCualquier impugnaci\u00f3n o reserva concerniente a defectos visibles de los bultos o del Producto o a diferencias en calidad o cantidad en comparaci\u00f3n con el albar\u00e1n de entrega que acompa\u00f1ar\u00e1 al Producto se anotar\u00e1 inmediatamente en el \u201cAlbar\u00e1n de entrega\u201d.<br \/>\nUna copia del \u201cAlbar\u00e1n de entrega\u201d en la que se hagan constar las reservas o la impugnaci\u00f3n se entregar\u00e1 al Proveedor. En ausencia de reservas expuestas en el \u201cAlbar\u00e1n de entrega\u201d, el Producto se considerar\u00e1 aceptado.<br \/>\n<em>5.5) Aceptaci\u00f3n:<\/em><br \/>\nDesde el momento de la entrega de la mercanc\u00eda o, en su caso, despu\u00e9s del l\u00edmite temporal de diez (10) d\u00edas y en ausencia de reclamaciones, el Producto suministrado se considerar\u00e1 definitivamente aceptado. En ning\u00fan caso el Proveedor estar\u00e1 obligado a substituir el Producto suministrado despu\u00e9s de la aceptaci\u00f3n por el Cliente.<br \/>\nEn cualquier caso, no se admitir\u00e1 ninguna devoluci\u00f3n de ninguna clase sin previa autorizaci\u00f3n del Proveedor.<\/p>\n<p><strong>6) Cl\u00e1usula de contingencia y fuerza mayor:<\/strong><br \/>\nEl Proveedor puede suspender sus obligaciones de suministro y cualquier compromiso contractual con el Cliente en caso de darse circunstancias de Fuerza Mayor o Siniestros motivados por las Fuerzas de la Naturaleza, sin que ello pueda entenderse incumplimiento alguno de contrato, y el plazo para el cumplimiento de la obligaci\u00f3n se<br \/>\nprorrogar\u00e1 en consecuencia por todo el tiempo que dure el supuesto de fuerza mayor.<\/p>\n<p><strong>7) Precios:<\/strong><br \/>\nLos precios de los productos est\u00e1ndar (cat\u00e1logo de Carrasco) ser\u00e1n los vigentes seg\u00fan la tarifa general de precios de venta y se podr\u00e1n modificar sin previo aviso. Los precios de los productos especiales (fabricados bajo plano) se ofertar\u00e1n seg\u00fan presupuesto en cada caso. El Cliente enviar\u00e1, de preferencia, los planos CAD 2D\/3D.<br \/>\nEn caso de necesidad de creaci\u00f3n de planos CAD, el Proveedor aplicar\u00e1 la tarifa de precios para este servicio (ver 7.1).<br \/>\nA menos que se convenga otra cosa, los precios de venta se considerar\u00e1n netos, deducidos los impuestos y cualquier otro gasto (gastos de importaci\u00f3n,\u2026), y, en todo caso, ser\u00e1n \u201cEXW\u201d (Incoterms 2010).<br \/>\nLos precios de venta se expresar\u00e1n en Euros.<br \/>\n<em>7.1) Precios de servicios adicionales:<\/em><br \/>\nSe aplicar\u00e1n las tarifas generales de venta vigentes para los servicios adicionales siguientes:<\/p>\n<ol>\n<li>Emisi\u00f3n certificado de calidad.<\/li>\n<li>Corte a medida de componentes comerciales.<\/li>\n<li>Marcaje especial.<\/li>\n<li>Digitalizaci\u00f3n y creaci\u00f3n de planos CAD.<\/li>\n<li>Condiciones de transporte.<\/li>\n<\/ol>\n<p><em>7.2) Validez de las ofertas:<\/em><br \/>\nLa validez de las ofertas ser\u00e1 de 30 d\u00edas.<br \/>\n<em>7.3) Pedido m\u00ednimo:<\/em><br \/>\nSe aplicar\u00e1 un importe fijo en concepto de costes de administraci\u00f3n, de valor 12,00 \u20ac, para aquellos pedidos de valor inferior a 100,00 \u20ac (IVA no incluido).<\/p>\n<p><strong>8) Pagos:<\/strong><br \/>\nEl Comprador realizar\u00e1 los pagos correspondientes, de acuerdo con las condiciones que se establezcan. En todo caso, el impago de las mercanc\u00edas servidas facultar\u00e1 al Proveedor a no expedir, en su caso, el resto del pedido o pedidos que se hallaren pendientes de suministro, sin perjuicio del ejercicio de las acciones que considere oportunas para el cobro del suministro efectuado y\/o la cantidad debida por el Comprador.<br \/>\n<em>8.1) Condiciones de pago:<\/em><br \/>\nSalvo que se determine de otra forma en nuestra oferta, el pago debe efectuarse dentro de los 60 d\u00edas siguientes a la fecha de emisi\u00f3n de la factura y seg\u00fan Ley 15\/2010 de 5 de Julio 2010.<br \/>\n<em>8.2) Retrasos en el pago:<\/em><br \/>\nEn caso de impago del Producto total o parcial, dentro de las condiciones establecidas en el p\u00e1rrafo 8.1, el Proveedor podr\u00e1 optar entre resolver el contrato o continuar en el mismo.<br \/>\nEn ambos casos el Proveedor tendr\u00e1 derecho a aplicar intereses hasta la fecha efectiva del pago que ser\u00e1n EURIBOR + 2%.<br \/>\n<em>8.3) Salvaguarda del derecho de propiedad:<\/em><br \/>\nEl Producto se suministra sujeto a la cl\u00e1usula de \u201cRetenci\u00f3n del derecho de propiedad\u201d, es decir, se entiende hecha con reserva de dominio a favor del proveedor y, por lo tanto, el Producto seguir\u00e1 siendo propiedad del Proveedor hasta que se produzca el pago completo de cualquier deuda.<\/p>\n<p><strong>9) Jurisdicci\u00f3n:<\/strong><br \/>\nPara la resoluci\u00f3n o interpretaci\u00f3n de cualquier diferencia o cuesti\u00f3n relativa a las ventas y sus consecuencias, ser\u00e1n competentes los Juzgados y Tribunales de Barcelona.<\/p>\n<\/div><\/div><\/div><\/div><!-- \/.fullwidth-container -->","protected":false},"excerpt":{"rendered":"<p>1) Consideraciones generales: Las siguientes Condiciones Generales de Venta se aplicar\u00e1n a cualquier pr\u00e1ctica comercial de Carrasco Tool Components, S.A. (\u201cProveedor\u201d) dentro del sector de los componentes para herramientas o similares, est\u00e1ndar (cat\u00e1logo) y especiales (fabricados bajo plano) y, en general, a cualquier producto fabricado, montado, comprado y vendido por el Proveedor. Estas Condiciones Generales [&hellip;]<\/p>\n","protected":false},"author":1,"featured_media":0,"parent":0,"menu_order":22,"comment_status":"open","ping_status":"open","template":"","meta":{"footnotes":""},"class_list":["post-3244","page","type-page","status-publish","hentry"],"yoast_head":"<!-- This site is optimized with the Yoast SEO plugin v25.6 - https:\/\/yoast.com\/wordpress\/plugins\/seo\/ -->\n<title>Condicions Generals de Venda - Carrasco<\/title>\n<meta name=\"robots\" content=\"index, follow, max-snippet:-1, max-image-preview:large, max-video-preview:-1\" \/>\n<link rel=\"canonical\" href=\"https:\/\/www.a-carrasco.com\/ca\/condicions-generals-de-venda\/\" \/>\n<meta property=\"og:locale\" content=\"ca_ES\" \/>\n<meta property=\"og:type\" content=\"article\" \/>\n<meta property=\"og:title\" content=\"Condicions Generals de Venda - Carrasco\" \/>\n<meta property=\"og:description\" content=\"1) Consideraciones generales: Las siguientes Condiciones Generales de Venta se aplicar\u00e1n a cualquier pr\u00e1ctica comercial de Carrasco Tool Components, S.A. (\u201cProveedor\u201d) dentro del sector de los componentes para herramientas o similares, est\u00e1ndar (cat\u00e1logo) y especiales (fabricados bajo plano) y, en general, a cualquier producto fabricado, montado, comprado y vendido por el Proveedor. Estas Condiciones Generales [&hellip;]\" \/>\n<meta property=\"og:url\" content=\"https:\/\/www.a-carrasco.com\/ca\/condicions-generals-de-venda\/\" \/>\n<meta property=\"og:site_name\" content=\"Carrasco\" \/>\n<meta property=\"article:modified_time\" content=\"2021-03-10T15:40:39+00:00\" \/>\n<meta name=\"twitter:card\" content=\"summary_large_image\" \/>\n<script type=\"application\/ld+json\" class=\"yoast-schema-graph\">{\"@context\":\"https:\/\/schema.org\",\"@graph\":[{\"@type\":\"WebPage\",\"@id\":\"https:\/\/www.a-carrasco.com\/ca\/condicions-generals-de-venda\/\",\"url\":\"https:\/\/www.a-carrasco.com\/ca\/condicions-generals-de-venda\/\",\"name\":\"Condicions Generals de Venda - Carrasco\",\"isPartOf\":{\"@id\":\"https:\/\/www.a-carrasco.com\/ca\/#website\"},\"datePublished\":\"2015-05-11T09:07:12+00:00\",\"dateModified\":\"2021-03-10T15:40:39+00:00\",\"breadcrumb\":{\"@id\":\"https:\/\/www.a-carrasco.com\/ca\/condicions-generals-de-venda\/#breadcrumb\"},\"inLanguage\":\"ca\",\"potentialAction\":[{\"@type\":\"ReadAction\",\"target\":[\"https:\/\/www.a-carrasco.com\/ca\/condicions-generals-de-venda\/\"]}]},{\"@type\":\"BreadcrumbList\",\"@id\":\"https:\/\/www.a-carrasco.com\/ca\/condicions-generals-de-venda\/#breadcrumb\",\"itemListElement\":[{\"@type\":\"ListItem\",\"position\":1,\"name\":\"Portada\",\"item\":\"https:\/\/www.a-carrasco.com\/ca\/\"},{\"@type\":\"ListItem\",\"position\":2,\"name\":\"Condicions Generals de Venda\"}]},{\"@type\":\"WebSite\",\"@id\":\"https:\/\/www.a-carrasco.com\/ca\/#website\",\"url\":\"https:\/\/www.a-carrasco.com\/ca\/\",\"name\":\"Carrasco\",\"description\":\"Efficiency in tool components\",\"potentialAction\":[{\"@type\":\"SearchAction\",\"target\":{\"@type\":\"EntryPoint\",\"urlTemplate\":\"https:\/\/www.a-carrasco.com\/ca\/?s={search_term_string}\"},\"query-input\":{\"@type\":\"PropertyValueSpecification\",\"valueRequired\":true,\"valueName\":\"search_term_string\"}}],\"inLanguage\":\"ca\"}]}<\/script>\n<!-- \/ Yoast SEO plugin. -->","yoast_head_json":{"title":"Condicions Generals de Venda - Carrasco","robots":{"index":"index","follow":"follow","max-snippet":"max-snippet:-1","max-image-preview":"max-image-preview:large","max-video-preview":"max-video-preview:-1"},"canonical":"https:\/\/www.a-carrasco.com\/ca\/condicions-generals-de-venda\/","og_locale":"ca_ES","og_type":"article","og_title":"Condicions Generals de Venda - Carrasco","og_description":"1) Consideraciones generales: Las siguientes Condiciones Generales de Venta se aplicar\u00e1n a cualquier pr\u00e1ctica comercial de Carrasco Tool Components, S.A. (\u201cProveedor\u201d) dentro del sector de los componentes para herramientas o similares, est\u00e1ndar (cat\u00e1logo) y especiales (fabricados bajo plano) y, en general, a cualquier producto fabricado, montado, comprado y vendido por el Proveedor. Estas Condiciones Generales [&hellip;]","og_url":"https:\/\/www.a-carrasco.com\/ca\/condicions-generals-de-venda\/","og_site_name":"Carrasco","article_modified_time":"2021-03-10T15:40:39+00:00","twitter_card":"summary_large_image","schema":{"@context":"https:\/\/schema.org","@graph":[{"@type":"WebPage","@id":"https:\/\/www.a-carrasco.com\/ca\/condicions-generals-de-venda\/","url":"https:\/\/www.a-carrasco.com\/ca\/condicions-generals-de-venda\/","name":"Condicions Generals de Venda - Carrasco","isPartOf":{"@id":"https:\/\/www.a-carrasco.com\/ca\/#website"},"datePublished":"2015-05-11T09:07:12+00:00","dateModified":"2021-03-10T15:40:39+00:00","breadcrumb":{"@id":"https:\/\/www.a-carrasco.com\/ca\/condicions-generals-de-venda\/#breadcrumb"},"inLanguage":"ca","potentialAction":[{"@type":"ReadAction","target":["https:\/\/www.a-carrasco.com\/ca\/condicions-generals-de-venda\/"]}]},{"@type":"BreadcrumbList","@id":"https:\/\/www.a-carrasco.com\/ca\/condicions-generals-de-venda\/#breadcrumb","itemListElement":[{"@type":"ListItem","position":1,"name":"Portada","item":"https:\/\/www.a-carrasco.com\/ca\/"},{"@type":"ListItem","position":2,"name":"Condicions Generals de Venda"}]},{"@type":"WebSite","@id":"https:\/\/www.a-carrasco.com\/ca\/#website","url":"https:\/\/www.a-carrasco.com\/ca\/","name":"Carrasco","description":"Efficiency in tool components","potentialAction":[{"@type":"SearchAction","target":{"@type":"EntryPoint","urlTemplate":"https:\/\/www.a-carrasco.com\/ca\/?s={search_term_string}"},"query-input":{"@type":"PropertyValueSpecification","valueRequired":true,"valueName":"search_term_string"}}],"inLanguage":"ca"}]}},"_links":{"self":[{"href":"https:\/\/www.a-carrasco.com\/ca\/wp-json\/wp\/v2\/pages\/3244"}],"collection":[{"href":"https:\/\/www.a-carrasco.com\/ca\/wp-json\/wp\/v2\/pages"}],"about":[{"href":"https:\/\/www.a-carrasco.com\/ca\/wp-json\/wp\/v2\/types\/page"}],"author":[{"embeddable":true,"href":"https:\/\/www.a-carrasco.com\/ca\/wp-json\/wp\/v2\/users\/1"}],"replies":[{"embeddable":true,"href":"https:\/\/www.a-carrasco.com\/ca\/wp-json\/wp\/v2\/comments?post=3244"}],"version-history":[{"count":6,"href":"https:\/\/www.a-carrasco.com\/ca\/wp-json\/wp\/v2\/pages\/3244\/revisions"}],"predecessor-version":[{"id":4404,"href":"https:\/\/www.a-carrasco.com\/ca\/wp-json\/wp\/v2\/pages\/3244\/revisions\/4404"}],"wp:attachment":[{"href":"https:\/\/www.a-carrasco.com\/ca\/wp-json\/wp\/v2\/media?parent=3244"}],"curies":[{"name":"wp","href":"https:\/\/api.w.org\/{rel}","templated":true}]}}