{"id":2092,"date":"2015-03-30T14:59:16","date_gmt":"2015-03-30T13:59:16","guid":{"rendered":"http:\/\/a-carrasco.com.mialias.net\/estampacio-de-xapa\/componentes-para-matrices\/"},"modified":"2023-12-19T19:08:57","modified_gmt":"2023-12-19T17:08:57","slug":"components-estandard","status":"publish","type":"page","link":"https:\/\/www.a-carrasco.com\/ca\/estampacio-de-xapa\/components-estandard\/","title":{"rendered":"Components est\u00e0ndard"},"content":{"rendered":"<div  class=\"fullwidth-content ui--section clearfix\"><div  class=\"ui--section-content\"><div class=\"container\"><div class=\"ui-row row\">\n <div   class=\"ui-column span9\"><div class=\"ui-row row\">\n <div   class=\"ui-column span4\"><div class=\"ui--image-wrap clearfix\"><img decoding=\"async\"  id=\"ui--image-1\" class=\"ui--image ui--animation\" src=\"https:\/\/a-carrasco.com\/wp-content\/uploads\/2015\/11\/Accesorio_3D_2_g_2.jpg\" alt=\"Accesorio_3D_2_g_2\" title=\"Accesorio_3D_2_g_2\" data-at2x=\"\"\/><\/div><\/div> \n\n <div   class=\"ui-column span8\"><div  class=\"ui--accordion ui--box ui--animation clearfix\"><div  class=\"ui--accordion-item ui--gradient ui--gradient-grey on--hover ui-row first-item ui--accordion-state-opened accordion-1-1\"><a href=\"#accordion-1-1\" class=\"ui--accordion-item-title heading\"><div><span class=\"ui--accordion-item-title-text\">Descripci\u00f3<\/span><\/div><\/a><div id=\"accordion-1-1\" class=\"ui--accordion-item-content\"> <div class=\"auto-format ui--animation\"><p>Aquest cat\u00e0leg s&#8217;ha ideat especialment per solventar les necessitats que tenen fabricants i usuaris de matrius de mida mitjana \u2013 gran per la estampaci\u00f3 de xapa. Inclou les classes de productes seg\u00fcents:<\/p>\n<ul>\n<li>Porta-matrius.<\/li>\n<li>Columnes.<\/li>\n<li>Casquets y g\u00e0bia boles.<\/li>\n<li>Brides.<\/li>\n<li>Tapajuntes.<\/li>\n<li>Plaques i esquadres.<\/li>\n<li>Prismes, cons i falques.<\/li>\n<li>Punxonat i marcadors.<\/li>\n<li>Elevaci\u00f3 i ressorts.<\/li>\n<li>Transport i seguretat.<\/li>\n<\/ul>\n<\/div> <\/div><\/div><div  class=\"ui--accordion-item ui--gradient ui--gradient-grey on--hover ui-row ui--accordion-state-closed accordion-1-2\"><a href=\"#accordion-1-2\" class=\"ui--accordion-item-title heading\"><div><span class=\"ui--accordion-item-title-text\">Avantatges de l'estandarditzaci\u00f3<\/span><\/div><\/a><div id=\"accordion-1-2\" class=\"ui--accordion-item-content\"> <div class=\"auto-format ui--animation\"><p>Els productes normalitzats s\u00f3n aquells que es fabriquen d&#8217;acord amb una s\u00e8rie de par\u00e0metres i mesures que s&#8217;han establert pr\u00e8viament, i que es defineixen en un cat\u00e0leg publicat. Els productes normalitzats donen al client avantatges competitius importants:<\/p>\n<ul>\n<li>Es calculen els costos i es planifica m\u00e9s r\u00e0pidament.<\/li>\n<li>Es redueixen costos.<\/li>\n<li>Es redueix el temps requerit per fabricar matrius.<\/li>\n<li>Es redueix la mida del matriu.<\/li>\n<li>Es fan ajustaments r\u00e0pids dels components amb la matriu un cop a la m\u00e0quina.<\/li>\n<li>Es minimitzen les aturades de producci\u00f3.<\/li>\n<li>Se substitueixen les peces r\u00e0pidament.<\/li>\n<\/ul>\n<p>Amb els productes normalitzats se simplifica la tasca de la persona que fa els matrius. Permet un estalvi de temps al voltant d&#8217;un 30% i un 40% a l&#8217;hora de fabricar la matriu, per la qual cosa es redueixen els costos. Si cal substituir una pe\u00e7a durant la producci\u00f3, l&#8217;\u00fas de productes normalitzats fa que es redueixi dr\u00e0sticament el temps d&#8217;aturada de la producci\u00f3.<\/p>\n<\/div> <\/div><\/div><div  class=\"ui--accordion-item ui--gradient ui--gradient-grey on--hover ui-row last-item ui--accordion-state-closed accordion-1-3\"><a href=\"#accordion-1-3\" class=\"ui--accordion-item-title heading\"><div><span class=\"ui--accordion-item-title-text\">Mides especials<\/span><\/div><\/a><div id=\"accordion-1-3\" class=\"ui--accordion-item-content\"> <div class=\"auto-format ui--animation\"><p>CARRASCO ofereix acords d&#8217;estoc espec\u00edfics per a aquelles mides \/ variants que no apareguin dins d&#8217;aquest cat\u00e0leg i que siguin del vostre inter\u00e8s.<\/p>\n<\/div> <\/div><\/div><\/div><div class=\"text-center ui--animation ui--button-wrapper\" style=\"\" data-fx=\"fx--fadein-ltr\"><div class=\"ui--block\"><a class=\"btn btn-large btn-block btn-icon-left with-icon button-hover btn-primary radius-3px\" href=\"https:\/\/a-carrasco.com\/ca\/contacte\/\"><span class=\"button-icon\"><i class=\"ui--icon ui--icon btn-icon icon-normal icomoon-mail-4\"><\/i><\/span>Demanins informaci\u00f3<\/a> <div class=\"ui--shadow ui--shadow-type-3 ui--shadow-abs clearfix\"><img decoding=\"async\" src=\"https:\/\/www.a-carrasco.com\/wp-content\/themes\/envision\/includes\/modules\/module.shadow\/shadows\/shadow-3.png\" alt=\"shadow\" \/><\/div><\/div><\/div><\/div> \n\n<\/div> \n<div class=\"ui--title ui--animation ui--title-bordered text-left\"><div class=\"ui--title-holder\"><h3 class=\"ui--title-text\">Veure cat\u00e0leg<\/h3><div class=\"ui--title-borders ui--title-border-left\"><\/div><div class=\"ui--title-borders ui--title-border-right\"><\/div><\/div><\/div><div  class=\"ui--tagline-box-wrapper ui--animation clearfix\"><div  id=\"tagline-1\" class=\"ui--tagline-box ui-row clearfix ui--tagline-box-custom-color radius-6px\" data-responsive=\"{&quot;css&quot;:{&quot;min-height&quot;:{&quot;phone&quot;:&quot;auto&quot;,&quot;tablet&quot;:&quot;auto&quot;,&quot;widescreen&quot;:&quot;&quot;}}}\"><div  class=\"ui--tagline-background-container ui--tagline-background-overlay radius-6px\"><\/div><div  class=\"ui--tagline-background-container ui--tagline-background-image radius-6px\"><\/div><div  class=\"ui--tagline-content\" style=\"padding-top: -20px;  padding-bottom: -20px;\"><div class=\"auto-format ui--animation\"><p><div class=\"_3d-flip-book  fb3d-thumbnail-lightbox-mode\" data-id=\"5686\" data-mode=\"thumbnail-lightbox\" data-title=\"true\" data-template=\"short-white-book-view\" data-lightbox=\"light\" data-urlparam=\"fb3d-page\" data-page-n=\"0\" data-pdf=\"\" data-tax=\"null\" data-thumbnail=\"\" data-cols=\"3\" data-book-template=\"default\" data-trigger=\"\"><\/div><script type=\"text\/javascript\">window.FB3D_CLIENT_DATA = window.FB3D_CLIENT_DATA || [];FB3D_CLIENT_DATA.push('eyJwb3N0cyI6eyI1Njg2Ijp7IklEIjo1Njg2LCJ0aXRsZSI6IlN0YW5kYXIgQ29tcG9uZW50cyBmb3IgU2hlZXQgTWV0YWwgU3RhbXBpbmciLCJ0eXBlIjoicGRmIiwicmVhZHlfZnVuY3Rpb24iOiIiLCJib29rX3N0eWxlIjoiZmxhdCIsImJvb2tfdGVtcGxhdGUiOiJub25lIiwib3V0bGluZSI6W10sImRhdGEiOnsicG9zdF9JRCI6IjU2ODciLCJndWlkIjoiaHR0cDpcL1wvd3d3LmEtY2FycmFzY28uY29tXC93cC1jb250ZW50XC91cGxvYWRzXC8yMDIxXC8wM1wvQ0FSUkFTQ09fc3RkX2NvbXBvbmVudHNfc2hlZXRfbWV0YWxfc3RhbXBpbmdfZW5nXzIwMjAwNy0wMDIucGRmIiwicGRmX3BhZ2VzIjoiMjgiLCJwYWdlc19jdXN0b21pemF0aW9uIjoibm9uZSJ9LCJ0aHVtYm5haWwiOnsiZGF0YSI6eyJwb3N0X0lEIjoiMCJ9LCJ0eXBlIjoiYXV0byJ9LCJwcm9wcyI6eyJjYWNoZWRQYWdlcyI6ImF1dG8iLCJyZW5kZXJJbmFjdGl2ZVBhZ2VzIjoiYXV0byIsInJlbmRlckluYWN0aXZlUGFnZXNPbk1vYmlsZSI6ImF1dG8iLCJyZW5kZXJXaGlsZUZsaXBwaW5nIjoiYXV0byIsInByZWxvYWRQYWdlcyI6ImF1dG8iLCJydGwiOiJhdXRvIiwiaW50ZXJhY3RpdmVDb3JuZXJzIjoiYXV0byIsInNoZWV0Ijp7InN0YXJ0VmVsb2NpdHkiOiJhdXRvIiwid2F2ZSI6ImF1dG8iLCJ3aWR0aFRleGVscyI6ImF1dG8iLCJjb2xvciI6ImF1dG8iLCJzaWRlIjoiYXV0byIsImNvcm5lckRldmlhdGlvbiI6ImF1dG8iLCJmbGV4aWJpbGl0eSI6ImF1dG8iLCJmbGV4aWJsZUNvcm5lciI6ImF1dG8iLCJiZW5kaW5nIjoiYXV0byIsImhlaWdodFRleGVscyI6ImF1dG8ifSwiY292ZXIiOnsid2F2ZSI6ImF1dG8iLCJjb2xvciI6ImF1dG8iLCJiaW5kZXJUZXh0dXJlIjoiYXV0byIsImRlcHRoIjoiYXV0byIsInBhZGRpbmciOiJhdXRvIiwic3RhcnRWZWxvY2l0eSI6ImF1dG8iLCJmbGV4aWJpbGl0eSI6ImF1dG8iLCJmbGV4aWJsZUNvcm5lciI6ImF1dG8iLCJiZW5kaW5nIjoiYXV0byIsIndpZHRoVGV4ZWxzIjoiYXV0byIsImhlaWdodFRleGVscyI6ImF1dG8iLCJtYXNzIjoiYXV0byIsInNpZGUiOiJhdXRvIn0sInBhZ2UiOnsid2F2ZSI6ImF1dG8iLCJjb2xvciI6ImF1dG8iLCJkZXB0aCI6ImF1dG8iLCJzdGFydFZlbG9jaXR5IjoiYXV0byIsImZsZXhpYmlsaXR5IjoiYXV0byIsImZsZXhpYmxlQ29ybmVyIjoiYXV0byIsImJlbmRpbmciOiJhdXRvIiwid2lkdGhUZXhlbHMiOiJhdXRvIiwiaGVpZ2h0VGV4ZWxzIjoiYXV0byIsIm1hc3MiOiJhdXRvIiwic2lkZSI6ImF1dG8ifSwiaGVpZ2h0IjoiYXV0byIsIndpZHRoIjoiYXV0byIsImdyYXZpdHkiOiJhdXRvIiwicGFnZXNGb3JQcmVkaWN0aW5nIjoiYXV0byJ9LCJjb250cm9sUHJvcHMiOnsiYWN0aW9ucyI6eyJjbWRTYXZlIjp7ImVuYWJsZWQiOiJhdXRvIiwiZW5hYmxlZEluTmFycm93IjoiYXV0byJ9LCJjbWRQcmludCI6eyJlbmFibGVkIjoiYXV0byIsImVuYWJsZWRJbk5hcnJvdyI6ImF1dG8ifSwiY21kU2luZ2xlUGFnZSI6eyJlbmFibGVkIjoiYXV0byIsImVuYWJsZWRJbk5hcnJvdyI6ImF1dG8iLCJhY3RpdmUiOiJhdXRvIiwiYWN0aXZlRm9yTW9iaWxlIjoiYXV0byJ9fX0sImF1dG9UaHVtYm5haWwiOiJodHRwczpcL1wvd3d3LmEtY2FycmFzY28uY29tXC93cC1jb250ZW50XC91cGxvYWRzXC8zZC1mbGlwLWJvb2tcL2F1dG8tdGh1bWJuYWlsc1wvNTY4Ni5wbmciLCJwb3N0X25hbWUiOiJzdGFuZGFyLWNvbXBvbmVudHMtc2hlZXQtbWV0YWwtc3RhbXBpbmciLCJwb3N0X3R5cGUiOiIzZC1mbGlwLWJvb2sifX0sInBhZ2VzIjpbXSwiZmlyc3RQYWdlcyI6W119');window.FB3D_CLIENT_LOCALE && FB3D_CLIENT_LOCALE.render && FB3D_CLIENT_LOCALE.render();<\/script><\/p>\n<\/div><\/div><\/div><\/div><\/div> \n\n <div   class=\"ui-column span3\"><div class=\"ui--title ui--animation ui--title-bordered text-left\"><div class=\"ui--title-holder\"><h4 class=\"ui--title-text\">Components per EX<\/h4><div style=\"border-color: #e5352c !important;\" class=\"ui--title-borders ui--title-border-left\"><\/div><div style=\"border-color: #e5352c !important;\" class=\"ui--title-borders ui--title-border-right\"><\/div><\/div><\/div><div class=\"ui--custom-menu-bar ui--gradient ui--gradient-grey hover-effect ui--box orientation-vertical ui--height-thin text-left clearfix\"><ul class=\"unstyled clearfix\"><li class=\"first-item ui--gradient-grey ui--icon-position-left\" title=\"\"><a href=\"https:\/\/a-carrasco.com\/ca\/estampacio-de-xapa\/components-estandard\/\"><i class=\"ui--icon icomoon-resize-2\" style=\"color: #e5352c !important;\"><\/i> Components est\u00e0ndard <\/a><\/li><li class=\"last-item ui--gradient-grey ui--icon-position-left\" title=\"\"><a href=\"https:\/\/a-carrasco.com\/ca\/estampacio-de-xapa\/cilindres-a-gas\/\"><i class=\"ui--icon icomoon-resize-2\" style=\"color: #e5352c !important;\"><\/i> Cilindres a gas <\/a><\/li><\/ul><\/div><\/div> \n\n<\/div> \n<div class=\"ui--title ui--animation ui--title-bordered text-center\" style=\"margin-top: 25px;\"><div class=\"ui--title-holder\"><h3 class=\"ui--title-text\">Els nostres clients<\/h3><div class=\"ui--title-borders ui--title-border-left\"><\/div><div class=\"ui--title-borders ui--title-border-right\"><\/div><\/div><\/div><div class=\"ui--client-list-wrapper ui--animation ui-row clearfix\" style=\"margin-top: 20px;\"><div class=\"ui--client-list ui--box ui-row clearfix ui--carousel\" data-options=\"{&quot;effect&quot;:&quot;slide&quot;,&quot;auto_rotate&quot;:&quot;1&quot;,&quot;animation_loop&quot;:&quot;1&quot;,&quot;rotate_time&quot;:0,&quot;arrows&quot;:false,&quot;disable_on_mobile&quot;:false}\"><div class=\"slides\"><div class=\"ui-row row\">\n <div   class=\"ui-column span2\"><div class=\"ui--client ui--carousel-item\"><img decoding=\"async\" src=\"https:\/\/www.a-carrasco.com\/wp-content\/uploads\/2023\/12\/logo-FORD.jpg\" alt=\"\" title=\"\" class=\"ui--animation\"><\/div><div class=\"vertical-divider\"><\/div><\/div> \n\n <div   class=\"ui-column span2\"><div class=\"ui--client ui--carousel-item\"><img decoding=\"async\" src=\"https:\/\/www.a-carrasco.com\/wp-content\/uploads\/2023\/12\/logo-TOYOTA.jpg\" alt=\"\" title=\"\" class=\"ui--animation\"><\/div><div class=\"vertical-divider\"><\/div><\/div> \n\n <div   class=\"ui-column span2\"><div class=\"ui--client ui--carousel-item\"><img decoding=\"async\" src=\"https:\/\/www.a-carrasco.com\/wp-content\/uploads\/2023\/12\/logo-NISSAN.jpg\" alt=\"\" title=\"\" class=\"ui--animation\"><\/div><div class=\"vertical-divider\"><\/div><\/div> \n\n <div   class=\"ui-column span2\"><div class=\"ui--client ui--carousel-item\"><img decoding=\"async\" src=\"https:\/\/www.a-carrasco.com\/wp-content\/uploads\/2023\/12\/logo-SEAT.jpg\" alt=\"\" title=\"\" class=\"ui--animation\"><\/div><div class=\"vertical-divider\"><\/div><\/div> \n\n <div   class=\"ui-column span2\"><div class=\"ui--client ui--carousel-item\"><img decoding=\"async\" src=\"https:\/\/www.a-carrasco.com\/wp-content\/uploads\/2023\/12\/logo-FAGOR.jpg\" alt=\"\" title=\"\" class=\"ui--animation\"><\/div><div class=\"vertical-divider\"><\/div><\/div> \n\n <div   class=\"ui-column span2\"><div class=\"ui--client ui--carousel-item\"><img decoding=\"async\" src=\"https:\/\/www.a-carrasco.com\/wp-content\/uploads\/2023\/12\/logo-SNOP.jpg\" alt=\"\" title=\"\" class=\"ui--animation\"><\/div><div class=\"vertical-divider\"><\/div><\/div> \n\n<\/div> \n<div class=\"ui-row row\">\n <div   class=\"ui-column span2\"><div class=\"ui--client ui--carousel-item\"><img decoding=\"async\" src=\"https:\/\/www.a-carrasco.com\/wp-content\/uploads\/2023\/12\/logo-GMG.jpg\" alt=\"\" title=\"\" class=\"ui--animation\"><\/div><div class=\"vertical-divider\"><\/div><\/div> \n\n <div   class=\"ui-column span2\"><div class=\"ui--client ui--carousel-item\"><img decoding=\"async\" src=\"https:\/\/www.a-carrasco.com\/wp-content\/uploads\/2023\/12\/logo-NEMAK.jpg\" alt=\"\" title=\"\" class=\"ui--animation\"><\/div><div class=\"vertical-divider\"><\/div><\/div> \n\n <div   class=\"ui-column span2\"><div class=\"ui--client ui--carousel-item\"><img decoding=\"async\" src=\"https:\/\/www.a-carrasco.com\/wp-content\/uploads\/2023\/12\/logo-ENDURANCE.jpg\" alt=\"\" title=\"\" class=\"ui--animation\"><\/div><div class=\"vertical-divider\"><\/div><\/div> \n\n <div   class=\"ui-column span2\"><div class=\"ui--client ui--carousel-item\"><img decoding=\"async\" src=\"https:\/\/www.a-carrasco.com\/wp-content\/uploads\/2023\/12\/logo-DGS.jpg\" alt=\"\" title=\"\" class=\"ui--animation\"><\/div><div class=\"vertical-divider\"><\/div><\/div> \n\n <div   class=\"ui-column span2\"><div class=\"ui--client ui--carousel-item\"><img decoding=\"async\" src=\"https:\/\/www.a-carrasco.com\/wp-content\/uploads\/2023\/12\/logo-LEAR.jpg\" alt=\"\" title=\"\" class=\"ui--animation\"><\/div><div class=\"vertical-divider\"><\/div><\/div> \n\n <div   class=\"ui-column span2\"><div class=\"ui--client ui--carousel-item\"><img decoding=\"async\" src=\"https:\/\/www.a-carrasco.com\/wp-content\/uploads\/2023\/12\/logo-HANDTMANN.jpg\" alt=\"\" title=\"\" class=\"ui--animation\"><\/div><div class=\"vertical-divider\"><\/div><\/div> \n\n<\/div> \n<div class=\"ui-row row\">\n <div   class=\"ui-column span2\"><div class=\"ui--client ui--carousel-item\"><img decoding=\"async\" src=\"https:\/\/www.a-carrasco.com\/wp-content\/uploads\/2023\/12\/logo-AUTOLIV.jpg\" alt=\"\" title=\"\" class=\"ui--animation\"><\/div><div class=\"vertical-divider\"><\/div><\/div> \n\n <div   class=\"ui-column span2\"><div class=\"ui--client ui--carousel-item\"><img decoding=\"async\" src=\"https:\/\/www.a-carrasco.com\/wp-content\/uploads\/2023\/12\/logo-OPEL.jpg\" alt=\"\" title=\"\" class=\"ui--animation\"><\/div><div class=\"vertical-divider\"><\/div><\/div> \n\n <div   class=\"ui-column span2\"><div class=\"ui--client ui--carousel-item\"><img decoding=\"async\" src=\"https:\/\/www.a-carrasco.com\/wp-content\/uploads\/2023\/12\/logo-TCG-UNITEC.jpg\" alt=\"\" title=\"\" class=\"ui--animation\"><\/div><div class=\"vertical-divider\"><\/div><\/div> \n\n <div   class=\"ui-column span2\"><div class=\"ui--client ui--carousel-item\"><img decoding=\"async\" src=\"https:\/\/www.a-carrasco.com\/wp-content\/uploads\/2023\/12\/logo-CIE.jpg\" alt=\"\" title=\"\" class=\"ui--animation\"><\/div><div class=\"vertical-divider\"><\/div><\/div> \n\n <div   class=\"ui-column span2\"><div class=\"ui--client ui--carousel-item\"><img decoding=\"async\" src=\"https:\/\/www.a-carrasco.com\/wp-content\/uploads\/2023\/12\/logo-GESTAM.jpg\" alt=\"\" title=\"\" class=\"ui--animation\"><\/div><div class=\"vertical-divider\"><\/div><\/div> \n\n <div   class=\"ui-column span2\"><div class=\"ui--client ui--carousel-item\"><img decoding=\"async\" src=\"https:\/\/www.a-carrasco.com\/wp-content\/uploads\/2023\/12\/logo-SKODA.jpg\" alt=\"\" title=\"\" class=\"ui--animation\"><\/div><div class=\"vertical-divider\"><\/div><\/div> \n\n<\/div> \n<div class=\"ui-row row\">\n <div   class=\"ui-column span2\"><div class=\"ui--client ui--carousel-item\"><img decoding=\"async\" src=\"https:\/\/www.a-carrasco.com\/wp-content\/uploads\/2023\/12\/logo-ANTOLIN.jpg\" alt=\"\" title=\"\" class=\"ui--animation\"><\/div><div class=\"vertical-divider\"><\/div><\/div> \n\n <div   class=\"ui-column span2\"><div class=\"ui--client ui--carousel-item\"><img decoding=\"async\" src=\"https:\/\/www.a-carrasco.com\/wp-content\/uploads\/2023\/12\/logo-FORVIA.jpg\" alt=\"\" title=\"\" class=\"ui--animation\"><\/div><div class=\"vertical-divider\"><\/div><\/div> \n\n <div   class=\"ui-column span2\"><div class=\"ui--client ui--carousel-item\"><img decoding=\"async\" src=\"https:\/\/www.a-carrasco.com\/wp-content\/uploads\/2023\/12\/logo-PESEA.jpg\" alt=\"\" title=\"\" class=\"ui--animation\"><\/div><div class=\"vertical-divider\"><\/div><\/div> \n\n <div   class=\"ui-column span2\"><div class=\"ui--client ui--carousel-item\"><img decoding=\"async\" src=\"https:\/\/www.a-carrasco.com\/wp-content\/uploads\/2023\/12\/logo-BENTELER.jpg\" alt=\"\" title=\"\" class=\"ui--animation\"><\/div><div class=\"vertical-divider\"><\/div><\/div> \n\n <div   class=\"ui-column span2\"><div class=\"ui--client ui--carousel-item\"><img decoding=\"async\" src=\"https:\/\/www.a-carrasco.com\/wp-content\/uploads\/2023\/12\/logo-RENAULT.jpg\" alt=\"\" title=\"\" class=\"ui--animation\"><\/div><div class=\"vertical-divider\"><\/div><\/div> \n\n<\/div> \n<\/div><\/div><div class=\"ui--shadow ui--shadow-type-6  clearfix\"><img decoding=\"async\" src=\"https:\/\/www.a-carrasco.com\/wp-content\/themes\/envision\/includes\/modules\/module.shadow\/shadows\/shadow-6.png\" alt=\"shadow\" \/><\/div><\/div><\/div><\/div><\/div><!-- \/.fullwidth-container -->","protected":false},"excerpt":{"rendered":"<p>Descripci\u00f3 Aquest cat\u00e0leg s&#8217;ha ideat especialment per solventar les necessitats que tenen fabricants i usuaris de matrius de mida mitjana \u2013 gran per la estampaci\u00f3 de xapa. Inclou les classes de productes seg\u00fcents: Porta-matrius. Columnes. Casquets y g\u00e0bia boles. Brides. Tapajuntes. Plaques i esquadres. Prismes, cons i falques. Punxonat i marcadors. Elevaci\u00f3 i ressorts. Transport [&hellip;]<\/p>\n","protected":false},"author":1,"featured_media":0,"parent":2087,"menu_order":0,"comment_status":"open","ping_status":"open","template":"","meta":{"footnotes":""},"class_list":["post-2092","page","type-page","status-publish","hentry"],"yoast_head":"<!-- This site is optimized with the Yoast SEO plugin v25.6 - https:\/\/yoast.com\/wordpress\/plugins\/seo\/ -->\n<title>Components est\u00e0ndard - Carrasco<\/title>\n<meta name=\"robots\" content=\"index, follow, max-snippet:-1, max-image-preview:large, max-video-preview:-1\" \/>\n<link rel=\"canonical\" href=\"https:\/\/www.a-carrasco.com\/ca\/estampacio-de-xapa\/components-estandard\/\" \/>\n<meta property=\"og:locale\" content=\"ca_ES\" \/>\n<meta property=\"og:type\" content=\"article\" \/>\n<meta property=\"og:title\" content=\"Components est\u00e0ndard - Carrasco\" \/>\n<meta property=\"og:description\" content=\"Descripci\u00f3 Aquest cat\u00e0leg s&#8217;ha ideat especialment per solventar les necessitats que tenen fabricants i usuaris de matrius de mida mitjana \u2013 gran per la estampaci\u00f3 de xapa. Inclou les classes de productes seg\u00fcents: Porta-matrius. Columnes. Casquets y g\u00e0bia boles. Brides. Tapajuntes. Plaques i esquadres. Prismes, cons i falques. Punxonat i marcadors. Elevaci\u00f3 i ressorts. Transport [&hellip;]\" \/>\n<meta property=\"og:url\" content=\"https:\/\/www.a-carrasco.com\/ca\/estampacio-de-xapa\/components-estandard\/\" \/>\n<meta property=\"og:site_name\" content=\"Carrasco\" \/>\n<meta property=\"article:modified_time\" content=\"2023-12-19T17:08:57+00:00\" \/>\n<meta name=\"twitter:card\" content=\"summary_large_image\" \/>\n<script type=\"application\/ld+json\" class=\"yoast-schema-graph\">{\"@context\":\"https:\/\/schema.org\",\"@graph\":[{\"@type\":\"WebPage\",\"@id\":\"https:\/\/www.a-carrasco.com\/ca\/estampacio-de-xapa\/components-estandard\/\",\"url\":\"https:\/\/www.a-carrasco.com\/ca\/estampacio-de-xapa\/components-estandard\/\",\"name\":\"Components est\u00e0ndard - Carrasco\",\"isPartOf\":{\"@id\":\"https:\/\/www.a-carrasco.com\/ca\/#website\"},\"datePublished\":\"2015-03-30T13:59:16+00:00\",\"dateModified\":\"2023-12-19T17:08:57+00:00\",\"breadcrumb\":{\"@id\":\"https:\/\/www.a-carrasco.com\/ca\/estampacio-de-xapa\/components-estandard\/#breadcrumb\"},\"inLanguage\":\"ca\",\"potentialAction\":[{\"@type\":\"ReadAction\",\"target\":[\"https:\/\/www.a-carrasco.com\/ca\/estampacio-de-xapa\/components-estandard\/\"]}]},{\"@type\":\"BreadcrumbList\",\"@id\":\"https:\/\/www.a-carrasco.com\/ca\/estampacio-de-xapa\/components-estandard\/#breadcrumb\",\"itemListElement\":[{\"@type\":\"ListItem\",\"position\":1,\"name\":\"Portada\",\"item\":\"https:\/\/www.a-carrasco.com\/ca\/\"},{\"@type\":\"ListItem\",\"position\":2,\"name\":\"Estampaci\u00f3 de Xapa\",\"item\":\"https:\/\/www.a-carrasco.com\/ca\/estampacio-de-xapa\/\"},{\"@type\":\"ListItem\",\"position\":3,\"name\":\"Components est\u00e0ndard\"}]},{\"@type\":\"WebSite\",\"@id\":\"https:\/\/www.a-carrasco.com\/ca\/#website\",\"url\":\"https:\/\/www.a-carrasco.com\/ca\/\",\"name\":\"Carrasco\",\"description\":\"Efficiency in tool components\",\"potentialAction\":[{\"@type\":\"SearchAction\",\"target\":{\"@type\":\"EntryPoint\",\"urlTemplate\":\"https:\/\/www.a-carrasco.com\/ca\/?s={search_term_string}\"},\"query-input\":{\"@type\":\"PropertyValueSpecification\",\"valueRequired\":true,\"valueName\":\"search_term_string\"}}],\"inLanguage\":\"ca\"}]}<\/script>\n<!-- \/ Yoast SEO plugin. -->","yoast_head_json":{"title":"Components est\u00e0ndard - Carrasco","robots":{"index":"index","follow":"follow","max-snippet":"max-snippet:-1","max-image-preview":"max-image-preview:large","max-video-preview":"max-video-preview:-1"},"canonical":"https:\/\/www.a-carrasco.com\/ca\/estampacio-de-xapa\/components-estandard\/","og_locale":"ca_ES","og_type":"article","og_title":"Components est\u00e0ndard - Carrasco","og_description":"Descripci\u00f3 Aquest cat\u00e0leg s&#8217;ha ideat especialment per solventar les necessitats que tenen fabricants i usuaris de matrius de mida mitjana \u2013 gran per la estampaci\u00f3 de xapa. Inclou les classes de productes seg\u00fcents: Porta-matrius. Columnes. Casquets y g\u00e0bia boles. Brides. Tapajuntes. Plaques i esquadres. Prismes, cons i falques. Punxonat i marcadors. Elevaci\u00f3 i ressorts. Transport [&hellip;]","og_url":"https:\/\/www.a-carrasco.com\/ca\/estampacio-de-xapa\/components-estandard\/","og_site_name":"Carrasco","article_modified_time":"2023-12-19T17:08:57+00:00","twitter_card":"summary_large_image","schema":{"@context":"https:\/\/schema.org","@graph":[{"@type":"WebPage","@id":"https:\/\/www.a-carrasco.com\/ca\/estampacio-de-xapa\/components-estandard\/","url":"https:\/\/www.a-carrasco.com\/ca\/estampacio-de-xapa\/components-estandard\/","name":"Components est\u00e0ndard - Carrasco","isPartOf":{"@id":"https:\/\/www.a-carrasco.com\/ca\/#website"},"datePublished":"2015-03-30T13:59:16+00:00","dateModified":"2023-12-19T17:08:57+00:00","breadcrumb":{"@id":"https:\/\/www.a-carrasco.com\/ca\/estampacio-de-xapa\/components-estandard\/#breadcrumb"},"inLanguage":"ca","potentialAction":[{"@type":"ReadAction","target":["https:\/\/www.a-carrasco.com\/ca\/estampacio-de-xapa\/components-estandard\/"]}]},{"@type":"BreadcrumbList","@id":"https:\/\/www.a-carrasco.com\/ca\/estampacio-de-xapa\/components-estandard\/#breadcrumb","itemListElement":[{"@type":"ListItem","position":1,"name":"Portada","item":"https:\/\/www.a-carrasco.com\/ca\/"},{"@type":"ListItem","position":2,"name":"Estampaci\u00f3 de Xapa","item":"https:\/\/www.a-carrasco.com\/ca\/estampacio-de-xapa\/"},{"@type":"ListItem","position":3,"name":"Components est\u00e0ndard"}]},{"@type":"WebSite","@id":"https:\/\/www.a-carrasco.com\/ca\/#website","url":"https:\/\/www.a-carrasco.com\/ca\/","name":"Carrasco","description":"Efficiency in tool components","potentialAction":[{"@type":"SearchAction","target":{"@type":"EntryPoint","urlTemplate":"https:\/\/www.a-carrasco.com\/ca\/?s={search_term_string}"},"query-input":{"@type":"PropertyValueSpecification","valueRequired":true,"valueName":"search_term_string"}}],"inLanguage":"ca"}]}},"_links":{"self":[{"href":"https:\/\/www.a-carrasco.com\/ca\/wp-json\/wp\/v2\/pages\/2092"}],"collection":[{"href":"https:\/\/www.a-carrasco.com\/ca\/wp-json\/wp\/v2\/pages"}],"about":[{"href":"https:\/\/www.a-carrasco.com\/ca\/wp-json\/wp\/v2\/types\/page"}],"author":[{"embeddable":true,"href":"https:\/\/www.a-carrasco.com\/ca\/wp-json\/wp\/v2\/users\/1"}],"replies":[{"embeddable":true,"href":"https:\/\/www.a-carrasco.com\/ca\/wp-json\/wp\/v2\/comments?post=2092"}],"version-history":[{"count":14,"href":"https:\/\/www.a-carrasco.com\/ca\/wp-json\/wp\/v2\/pages\/2092\/revisions"}],"predecessor-version":[{"id":5716,"href":"https:\/\/www.a-carrasco.com\/ca\/wp-json\/wp\/v2\/pages\/2092\/revisions\/5716"}],"up":[{"embeddable":true,"href":"https:\/\/www.a-carrasco.com\/ca\/wp-json\/wp\/v2\/pages\/2087"}],"wp:attachment":[{"href":"https:\/\/www.a-carrasco.com\/ca\/wp-json\/wp\/v2\/media?parent=2092"}],"curies":[{"name":"wp","href":"https:\/\/api.w.org\/{rel}","templated":true}]}}