{"id":2087,"date":"2013-08-29T13:49:31","date_gmt":"2013-08-29T12:49:31","guid":{"rendered":"http:\/\/a-carrasco.com.mialias.net\/estampacion-de-chapa-2\/"},"modified":"2023-12-19T19:03:16","modified_gmt":"2023-12-19T17:03:16","slug":"estampacio-de-xapa","status":"publish","type":"page","link":"https:\/\/www.a-carrasco.com\/ca\/estampacio-de-xapa\/","title":{"rendered":"Estampaci\u00f3 de Xapa"},"content":{"rendered":"<div  class=\"fullwidth-content ui--section clearfix\" style=\"margin-top: -15px;\"><div  class=\"ui--section-content\"><div class=\"container\"><div class=\"ui--title ui--animation ui--title-bordered text-left\"><div class=\"ui--title-holder\"><h3 class=\"ui--title-text\">Solucions per a la <strong>Estampaci\u00f3 de Xapa<\/strong><\/h3><div class=\"ui--title-borders ui--title-border-left\"><\/div><div class=\"ui--title-borders ui--title-border-right\"><\/div><\/div><\/div><div class=\"ui-row row\">\n <div   class=\"ui-column span8\"><div  class=\"ui--accordion ui--box ui--animation clearfix\"><div  class=\"ui--accordion-item ui--gradient ui--gradient-grey on--hover ui-row first-item ui--accordion-state-opened accordion-1-1\"><a href=\"#accordion-1-1\" class=\"ui--accordion-item-title heading\"><div><span class=\"ui--accordion-item-title-text\">Tra\u00e7abilitat: codificaci\u00f3 i marcatge dels components<\/span><\/div><\/a><div id=\"accordion-1-1\" class=\"ui--accordion-item-content\"> <div class=\"auto-format ui--animation\"><p>CARRASCO us ofereix solucions de codificaci\u00f3 i marcatge dels components per a matrius.<\/p>\n<p>El sistema inform\u00e0tic i el de marcatge f\u00edsic, desenvolupats a aquest efecte, permeten que es pugui identificar de manera personalitzada cada component i donar solucions de tra\u00e7abilitat a la mida de les necessitats i dels objectius de millora.<\/p>\n<p>Tenir la informaci\u00f3 rellevant sobre la hist\u00f2ria, ubicaci\u00f3 i traject\u00f2ria de cada component (la tra\u00e7abilitat) us permetr\u00e0 mantenir un seguiment i un control \u00f2ptims dels vostres programes de millora i aconseguir els resultats desitjats.<\/p>\n<\/div> <\/div><\/div><div  class=\"ui--accordion-item ui--gradient ui--gradient-grey on--hover ui-row ui--accordion-state-closed accordion-1-2\"><a href=\"#accordion-1-2\" class=\"ui--accordion-item-title heading\"><div><span class=\"ui--accordion-item-title-text\">Projectes d'estandarditzaci\u00f3<\/span><\/div><\/a><div id=\"accordion-1-2\" class=\"ui--accordion-item-content\"> <div class=\"auto-format ui--animation\"><p>Subcontractar matrius per a l&#8217;estampaci\u00f3 de xapa comporta que, moltes vegades, es rebin components de prove\u00efdors que usen normes de definici\u00f3 d&#8217;all\u00f2 m\u00e9s diferents. Tot aix\u00f2 implica una gran complexitat, problemes per intercanviar productes i la necessitat de mantenir una enorme varietat de components en estoc de l&#8217;usuari per donar resposta a les seves demandes de substituci\u00f3 de components avariats \/ a la fi de la seva vida \u00fatil.<\/p>\n<p>CARRASCO posa a la vostra disposici\u00f3 l&#8217;experi\u00e8ncia d&#8217;haver participat en comit\u00e8s de normalitzaci\u00f3 internacionals amb l&#8217;objectiu d\u2019assegurar la possibilitat d&#8217;intercanviar els vostres components i reduir la complexitat i el cost vinculats a la seva compra, el seu aprovisionament i \u00fas.<\/p>\n<p>Els nostres enginyers, en col\u00b7laboraci\u00f3 amb les diferents funcions del client, fa un estudi dels components utilitzats i proposa millores espec\u00edfiques i a mida. Eventualment, es pot crear un cat\u00e0leg personalitzat de components.<\/p>\n<\/div> <\/div><\/div><div  class=\"ui--accordion-item ui--gradient ui--gradient-grey on--hover ui-row ui--accordion-state-closed accordion-1-3\"><a href=\"#accordion-1-3\" class=\"ui--accordion-item-title heading\"><div><span class=\"ui--accordion-item-title-text\">Assessorament t\u00e8cnic \/ Projectes de millora<\/span><\/div><\/a><div id=\"accordion-1-3\" class=\"ui--accordion-item-content\"> <div class=\"auto-format ui--animation\"><p>El nostre departament d&#8217;enginyeria us ofereix assessorament t\u00e8cnic per tal que es puguin fer els millors aven\u00e7os productius, en els camps seg\u00fcents:<\/p>\n<ul>\n<li>An\u00e0lisi (metal\u00b7logr\u00e0fica) de deteriorament dels components per l&#8217;\u00fas \/ al final de la seva vida \u00fatil.<\/li>\n<li>Recomanacions per millorar el disseny dels components i la selecci\u00f3 de materials i tractaments.<\/li>\n<li>Seguiment de proves i avaluaci\u00f3 de les millores de productivitat.<\/li>\n<li>Estudis d&#8217;estandarditzaci\u00f3 a mida.<\/li>\n<\/ul>\n<\/div> <\/div><\/div><div  class=\"ui--accordion-item ui--gradient ui--gradient-grey on--hover ui-row ui--accordion-state-closed accordion-1-4\"><a href=\"#accordion-1-4\" class=\"ui--accordion-item-title heading\"><div><span class=\"ui--accordion-item-title-text\">Solucions de comunicaci\u00f3<\/span><\/div><\/a><div id=\"accordion-1-4\" class=\"ui--accordion-item-content\"> <div class=\"auto-format ui--animation\"><p>CARRASCO ofereix informaci\u00f3 personalitzada sobre la compra, l&#8217;aprovisionament i l&#8217;\u00fas dels components, accessible a trav\u00e9s de la p\u00e0gina web, per garantir la comunicaci\u00f3 amb el grup d&#8217;empreses del client i les de la seva cadena de valor, i assegura la confidencialitat en tot moment:<\/p>\n<p>Base de dades amb l&#8217;historial dels components fabricats.<br \/>\nInformaci\u00f3 personalitzada de l&#8217;historial (preus, consum, informes de la vida dels components clau, estocs\u2026).<\/p>\n<\/div> <\/div><\/div><div  class=\"ui--accordion-item ui--gradient ui--gradient-grey on--hover ui-row last-item ui--accordion-state-closed accordion-1-5\"><a href=\"#accordion-1-5\" class=\"ui--accordion-item-title heading\"><div><span class=\"ui--accordion-item-title-text\">Recanvi per prevenci\u00f3<\/span><\/div><\/a><div id=\"accordion-1-5\" class=\"ui--accordion-item-content\"> <div class=\"auto-format ui--animation\"><p>Oferim aquest servei perqu\u00e8 pugueu disposar, d&#8217;una manera immediata, dels components de recanvi necessaris de conformitat amb els vostres programes de manteniment preventiu.<\/p>\n<p>Aquests \u201cjocs de components de recanvi\u201d poden estar disponibles tant als nostres magatzems com consignats a les vostres instal\u00b7lacions, segons all\u00f2 que s&#8217;acordi.<\/p>\n<\/div> <\/div><\/div><\/div><\/div> \n\n <div   class=\"ui-column span4\"><div class=\"ui--image-wrap clearfix ui--animation\"><div class=\"ui--image-inline-block\"><img decoding=\"async\"  id=\"ui--image-1\" class=\"ui--image\" src=\"https:\/\/a-carrasco.com\/wp-content\/uploads\/2015\/09\/Matrices_Estampaci\u00f3n.jpg\" alt=\"Estampacion\" title=\"Estampacion\" data-at2x=\"\"\/><div class=\"ui--shadow ui--shadow-type-3 ui--shadow-abs clearfix\"><img decoding=\"async\" src=\"https:\/\/www.a-carrasco.com\/wp-content\/themes\/envision\/includes\/modules\/module.shadow\/shadows\/shadow-3.png\" alt=\"shadow\" \/><\/div><\/div><\/div><\/div> \n\n<\/div> \n<div  class=\"ui--space clearfix\" data-responsive=\"{&quot;css&quot;:{&quot;height&quot;:{&quot;phone&quot;:null,&quot;tablet&quot;:null,&quot;widescreen&quot;:null}}}\"><\/div><div class=\"ui--title ui--animation ui--title-bordered text-left\"><div class=\"ui--title-holder\"><h3 class=\"ui--title-text\">Components per Estampaci\u00f3 de Xapa<\/h3><div class=\"ui--title-borders ui--title-border-left\"><\/div><div class=\"ui--title-borders ui--title-border-right\"><\/div><\/div><\/div><div  class=\"ui--animation-in make--fx--fadein-ttb ui--pass clearfix\" data-fx=\"fx--fadein-ttb\" data-delay=\"400\" data-start-delay=\"200\"><div class=\"ui-row row\">\n <div   class=\"ui-column span3\"><div class=\"ui--box-widget\"><div class=\"ui--block ui--content-item ui--pass ui--animation\"><div  class=\"ui--content-box ui--box ui-row\"><div class=\"ui--content-box-header\"><div class=\"ui--content-box-media effect--fade type--default clearfix\" style=\"padding-bottom: 56.25%;\"><a class=\"ui--content-box-link\" href=\"https:\/\/a-carrasco.com\/ca\/estampacio-de-xapa\/components-estandard\/\"><div class=\"ui--content-box-image-default\"><img decoding=\"async\"  class=\"ui--content-box-image\" src=\"https:\/\/a-carrasco.com\/wp-content\/uploads\/2015\/11\/Accesorio_3D_2_g_2.jpg\" alt=\"\" title=\"\"\/><\/div><\/a><\/div><a class=\"ui--content-box-link\" href=\"https:\/\/a-carrasco.com\/ca\/estampacio-de-xapa\/components-estandard\/\"><div class=\"ui--content-box-title ui--gradient ui--gradient-grey on--hover clearfix text-center\"><h5 class=\"ui--content-box-title-text\">Components est\u00e0ndard<\/h5><\/div><\/a><\/div><\/div><div class=\"ui--shadow ui--shadow-type-3 ui--shadow-abs ui--shadow-reset clearfix\"><img decoding=\"async\" src=\"https:\/\/www.a-carrasco.com\/wp-content\/themes\/envision\/includes\/modules\/module.shadow\/shadows\/shadow-3.png\" alt=\"shadow\" \/><\/div><\/div><\/div><\/div> \n\n <div   class=\"ui-column span3\"><div class=\"ui--box-widget\"><div class=\"ui--block ui--content-item ui--pass ui--animation\"><div  class=\"ui--content-box ui--box ui-row\"><div class=\"ui--content-box-header\"><div class=\"ui--content-box-media effect--fade type--default clearfix\" style=\"padding-bottom: 56.25%;\"><a class=\"ui--content-box-link\" href=\"https:\/\/a-carrasco.com\/ca\/estampacio-de-xapa\/cilindres-a-gas\/\"><div class=\"ui--content-box-image-default\"><img decoding=\"async\"  class=\"ui--content-box-image\" src=\"https:\/\/a-carrasco.com\/wp-content\/uploads\/2015\/11\/Cilindro_3D_1_g_-2.jpg\" alt=\"\" title=\"\"\/><\/div><div class=\"ui--content-box-overlay\"><div class=\"ui--content-box-overlay-background\"><\/div><div class=\"center\"><span class=\"btn btn-grey ui--center-vertical\"><span class=\"ui--content-box-overlay-button-icon\"><i class=\"ui--icon fontawesome-fullscreen\"><\/i><\/span><\/span><\/div><\/div><\/a><\/div><a class=\"ui--content-box-link\" href=\"https:\/\/a-carrasco.com\/ca\/estampacio-de-xapa\/cilindres-a-gas\/\"><div class=\"ui--content-box-title ui--gradient ui--gradient-grey on--hover clearfix text-center\"><h5 class=\"ui--content-box-title-text\">Cilindres a gas <\/h5><\/div><\/a><\/div><\/div><div class=\"ui--shadow ui--shadow-type-3 ui--shadow-abs ui--shadow-reset clearfix\"><img decoding=\"async\" src=\"https:\/\/www.a-carrasco.com\/wp-content\/themes\/envision\/includes\/modules\/module.shadow\/shadows\/shadow-3.png\" alt=\"shadow\" \/><\/div><\/div><\/div><\/div> \n\n<\/div> \n<\/div><\/div><\/div><\/div><!-- \/.fullwidth-container --><div  class=\"ui--space clearfix\" data-responsive=\"{&quot;css&quot;:{&quot;height&quot;:{&quot;phone&quot;:null,&quot;tablet&quot;:null,&quot;widescreen&quot;:null}}}\"><\/div><div class=\"ui--title ui--animation ui--title-bordered text-center\"><div class=\"ui--title-holder\"><h3 class=\"ui--title-text\">Els nostres clients<\/h3><div class=\"ui--title-borders ui--title-border-left\"><\/div><div class=\"ui--title-borders ui--title-border-right\"><\/div><\/div><\/div><div class=\"ui--client-list-wrapper ui--animation ui-row clearfix\" style=\"margin-top: 20px;\"><div class=\"ui--client-list ui--box ui-row clearfix ui--carousel\" data-options=\"{&quot;effect&quot;:&quot;slide&quot;,&quot;auto_rotate&quot;:&quot;1&quot;,&quot;animation_loop&quot;:&quot;1&quot;,&quot;rotate_time&quot;:0,&quot;arrows&quot;:false,&quot;disable_on_mobile&quot;:false}\"><div class=\"slides\"><div class=\"ui-row row\">\n <div   class=\"ui-column span2\"><div class=\"ui--client ui--carousel-item\"><img decoding=\"async\" src=\"https:\/\/www.a-carrasco.com\/wp-content\/uploads\/2023\/12\/logo-LEAR.jpg\" alt=\"\" title=\"\" class=\"ui--animation\"><\/div><div class=\"vertical-divider\"><\/div><\/div> \n\n <div   class=\"ui-column span2\"><div class=\"ui--client ui--carousel-item\"><img decoding=\"async\" src=\"https:\/\/www.a-carrasco.com\/wp-content\/uploads\/2023\/12\/logo-OPEL.jpg\" alt=\"\" title=\"\" class=\"ui--animation\"><\/div><div class=\"vertical-divider\"><\/div><\/div> \n\n <div   class=\"ui-column span2\"><div class=\"ui--client ui--carousel-item\"><img decoding=\"async\" src=\"https:\/\/www.a-carrasco.com\/wp-content\/uploads\/2023\/12\/logo-RENAULT.jpg\" alt=\"\" title=\"\" class=\"ui--animation\"><\/div><div class=\"vertical-divider\"><\/div><\/div> \n\n <div   class=\"ui-column span2\"><div class=\"ui--client ui--carousel-item\"><img decoding=\"async\" src=\"https:\/\/www.a-carrasco.com\/wp-content\/uploads\/2023\/12\/logo-SEAT.jpg\" alt=\"\" title=\"\" class=\"ui--animation\"><\/div><div class=\"vertical-divider\"><\/div><\/div> \n\n <div   class=\"ui-column span2\"><div class=\"ui--client ui--carousel-item\"><img decoding=\"async\" src=\"https:\/\/www.a-carrasco.com\/wp-content\/uploads\/2023\/12\/logo-AUTOLIV.jpg\" alt=\"\" title=\"\" class=\"ui--animation\"><\/div><div class=\"vertical-divider\"><\/div><\/div> \n\n <div   class=\"ui-column span2\"><div class=\"ui--client ui--carousel-item\"><img decoding=\"async\" src=\"https:\/\/www.a-carrasco.com\/wp-content\/uploads\/2023\/12\/logo-ANTOLIN.jpg\" alt=\"\" title=\"\" class=\"ui--animation\"><\/div><div class=\"vertical-divider\"><\/div><\/div> \n\n<\/div> \n<div class=\"ui-row row\">\n <div   class=\"ui-column span2\"><div class=\"ui--client ui--carousel-item\"><img decoding=\"async\" src=\"https:\/\/www.a-carrasco.com\/wp-content\/uploads\/2023\/12\/logo-TCG-UNITEC.jpg\" alt=\"\" title=\"\" class=\"ui--animation\"><\/div><div class=\"vertical-divider\"><\/div><\/div> \n\n <div   class=\"ui-column span2\"><div class=\"ui--client ui--carousel-item\"><img decoding=\"async\" src=\"https:\/\/www.a-carrasco.com\/wp-content\/uploads\/2023\/12\/logo-GMG.jpg\" alt=\"\" title=\"\" class=\"ui--animation\"><\/div><div class=\"vertical-divider\"><\/div><\/div> \n\n <div   class=\"ui-column span2\"><div class=\"ui--client ui--carousel-item\"><img decoding=\"async\" src=\"https:\/\/www.a-carrasco.com\/wp-content\/uploads\/2023\/12\/logo-SNOP.jpg\" alt=\"\" title=\"\" class=\"ui--animation\"><\/div><div class=\"vertical-divider\"><\/div><\/div> \n\n <div   class=\"ui-column span2\"><div class=\"ui--client ui--carousel-item\"><img decoding=\"async\" src=\"https:\/\/www.a-carrasco.com\/wp-content\/uploads\/2023\/12\/logo-TOYOTA.jpg\" alt=\"\" title=\"\" class=\"ui--animation\"><\/div><div class=\"vertical-divider\"><\/div><\/div> \n\n <div   class=\"ui-column span2\"><div class=\"ui--client ui--carousel-item\"><img decoding=\"async\" src=\"https:\/\/www.a-carrasco.com\/wp-content\/uploads\/2023\/12\/logo-BENTELER.jpg\" alt=\"\" title=\"\" class=\"ui--animation\"><\/div><div class=\"vertical-divider\"><\/div><\/div> \n\n <div   class=\"ui-column span2\"><div class=\"ui--client ui--carousel-item\"><img decoding=\"async\" src=\"https:\/\/www.a-carrasco.com\/wp-content\/uploads\/2023\/12\/logo-ENDURANCE.jpg\" alt=\"\" title=\"\" class=\"ui--animation\"><\/div><div class=\"vertical-divider\"><\/div><\/div> \n\n<\/div> \n<div class=\"ui-row row\">\n <div   class=\"ui-column span2\"><div class=\"ui--client ui--carousel-item\"><img decoding=\"async\" src=\"https:\/\/www.a-carrasco.com\/wp-content\/uploads\/2023\/12\/logo-NISSAN.jpg\" alt=\"\" title=\"\" class=\"ui--animation\"><\/div><div class=\"vertical-divider\"><\/div><\/div> \n\n <div   class=\"ui-column span2\"><div class=\"ui--client ui--carousel-item\"><img decoding=\"async\" src=\"https:\/\/www.a-carrasco.com\/wp-content\/uploads\/2023\/12\/logo-HANDTMANN.jpg\" alt=\"\" title=\"\" class=\"ui--animation\"><\/div><div class=\"vertical-divider\"><\/div><\/div> \n\n <div   class=\"ui-column span2\"><div class=\"ui--client ui--carousel-item\"><img decoding=\"async\" src=\"https:\/\/www.a-carrasco.com\/wp-content\/uploads\/2023\/12\/logo-SKODA.jpg\" alt=\"\" title=\"\" class=\"ui--animation\"><\/div><div class=\"vertical-divider\"><\/div><\/div> \n\n <div   class=\"ui-column span2\"><div class=\"ui--client ui--carousel-item\"><img decoding=\"async\" src=\"https:\/\/www.a-carrasco.com\/wp-content\/uploads\/2023\/12\/logo-FORD.jpg\" alt=\"\" title=\"\" class=\"ui--animation\"><\/div><div class=\"vertical-divider\"><\/div><\/div> \n\n <div   class=\"ui-column span2\"><div class=\"ui--client ui--carousel-item\"><img decoding=\"async\" src=\"https:\/\/www.a-carrasco.com\/wp-content\/uploads\/2023\/12\/logo-GESTAM.jpg\" alt=\"\" title=\"\" class=\"ui--animation\"><\/div><div class=\"vertical-divider\"><\/div><\/div> \n\n <div   class=\"ui-column span2\"><div class=\"ui--client ui--carousel-item\"><img decoding=\"async\" src=\"https:\/\/www.a-carrasco.com\/wp-content\/uploads\/2023\/12\/logo-CIE.jpg\" alt=\"\" title=\"\" class=\"ui--animation\"><\/div><div class=\"vertical-divider\"><\/div><\/div> \n\n<\/div> \n<div class=\"ui-row row\">\n <div   class=\"ui-column span2\"><div class=\"ui--client ui--carousel-item\"><img decoding=\"async\" src=\"https:\/\/www.a-carrasco.com\/wp-content\/uploads\/2023\/12\/logo-FORVIA.jpg\" alt=\"\" title=\"\" class=\"ui--animation\"><\/div><div class=\"vertical-divider\"><\/div><\/div> \n\n <div   class=\"ui-column span2\"><div class=\"ui--client ui--carousel-item\"><img decoding=\"async\" src=\"https:\/\/www.a-carrasco.com\/wp-content\/uploads\/2023\/12\/logo-PESEA.jpg\" alt=\"\" title=\"\" class=\"ui--animation\"><\/div><div class=\"vertical-divider\"><\/div><\/div> \n\n <div   class=\"ui-column span2\"><div class=\"ui--client ui--carousel-item\"><img decoding=\"async\" src=\"https:\/\/www.a-carrasco.com\/wp-content\/uploads\/2023\/12\/logo-FAGOR.jpg\" alt=\"\" title=\"\" class=\"ui--animation\"><\/div><div class=\"vertical-divider\"><\/div><\/div> \n\n <div   class=\"ui-column span2\"><div class=\"ui--client ui--carousel-item\"><img decoding=\"async\" src=\"https:\/\/www.a-carrasco.com\/wp-content\/uploads\/2023\/12\/logo-DGS.jpg\" alt=\"\" title=\"\" class=\"ui--animation\"><\/div><div class=\"vertical-divider\"><\/div><\/div> \n\n <div   class=\"ui-column span2\"><div class=\"ui--client ui--carousel-item\"><img decoding=\"async\" src=\"https:\/\/www.a-carrasco.com\/wp-content\/uploads\/2023\/12\/logo-NEMAK.jpg\" alt=\"\" title=\"\" class=\"ui--animation\"><\/div><div class=\"vertical-divider\"><\/div><\/div> \n\n<\/div> \n<\/div><\/div><div class=\"ui--shadow ui--shadow-type-6  clearfix\"><img decoding=\"async\" src=\"https:\/\/www.a-carrasco.com\/wp-content\/themes\/envision\/includes\/modules\/module.shadow\/shadows\/shadow-6.png\" alt=\"shadow\" \/><\/div><\/div>","protected":false},"excerpt":{"rendered":"<p>Solucions per a la Estampaci\u00f3 de Xapa Tra\u00e7abilitat: codificaci\u00f3 i marcatge dels components CARRASCO us ofereix solucions de codificaci\u00f3 i marcatge dels components per a matrius. El sistema inform\u00e0tic i el de marcatge f\u00edsic, desenvolupats a aquest efecte, permeten que es pugui identificar de manera personalitzada cada component i donar solucions de tra\u00e7abilitat a la [&hellip;]<\/p>\n","protected":false},"author":1,"featured_media":0,"parent":0,"menu_order":16,"comment_status":"open","ping_status":"closed","template":"","meta":{"footnotes":""},"class_list":["post-2087","page","type-page","status-publish","hentry"],"yoast_head":"<!-- This site is optimized with the Yoast SEO plugin v25.6 - https:\/\/yoast.com\/wordpress\/plugins\/seo\/ -->\n<title>Estampaci\u00f3 de Xapa - Carrasco<\/title>\n<meta name=\"robots\" content=\"index, follow, max-snippet:-1, max-image-preview:large, max-video-preview:-1\" \/>\n<link rel=\"canonical\" href=\"https:\/\/www.a-carrasco.com\/ca\/estampacio-de-xapa\/\" \/>\n<meta property=\"og:locale\" content=\"ca_ES\" \/>\n<meta property=\"og:type\" content=\"article\" \/>\n<meta property=\"og:title\" content=\"Estampaci\u00f3 de Xapa - Carrasco\" \/>\n<meta property=\"og:description\" content=\"Solucions per a la Estampaci\u00f3 de Xapa Tra\u00e7abilitat: codificaci\u00f3 i marcatge dels components CARRASCO us ofereix solucions de codificaci\u00f3 i marcatge dels components per a matrius. El sistema inform\u00e0tic i el de marcatge f\u00edsic, desenvolupats a aquest efecte, permeten que es pugui identificar de manera personalitzada cada component i donar solucions de tra\u00e7abilitat a la [&hellip;]\" \/>\n<meta property=\"og:url\" content=\"https:\/\/www.a-carrasco.com\/ca\/estampacio-de-xapa\/\" \/>\n<meta property=\"og:site_name\" content=\"Carrasco\" \/>\n<meta property=\"article:modified_time\" content=\"2023-12-19T17:03:16+00:00\" \/>\n<meta name=\"twitter:card\" content=\"summary_large_image\" \/>\n<script type=\"application\/ld+json\" class=\"yoast-schema-graph\">{\"@context\":\"https:\/\/schema.org\",\"@graph\":[{\"@type\":\"WebPage\",\"@id\":\"https:\/\/www.a-carrasco.com\/ca\/estampacio-de-xapa\/\",\"url\":\"https:\/\/www.a-carrasco.com\/ca\/estampacio-de-xapa\/\",\"name\":\"Estampaci\u00f3 de Xapa - Carrasco\",\"isPartOf\":{\"@id\":\"https:\/\/www.a-carrasco.com\/ca\/#website\"},\"datePublished\":\"2013-08-29T12:49:31+00:00\",\"dateModified\":\"2023-12-19T17:03:16+00:00\",\"breadcrumb\":{\"@id\":\"https:\/\/www.a-carrasco.com\/ca\/estampacio-de-xapa\/#breadcrumb\"},\"inLanguage\":\"ca\",\"potentialAction\":[{\"@type\":\"ReadAction\",\"target\":[\"https:\/\/www.a-carrasco.com\/ca\/estampacio-de-xapa\/\"]}]},{\"@type\":\"BreadcrumbList\",\"@id\":\"https:\/\/www.a-carrasco.com\/ca\/estampacio-de-xapa\/#breadcrumb\",\"itemListElement\":[{\"@type\":\"ListItem\",\"position\":1,\"name\":\"Portada\",\"item\":\"https:\/\/www.a-carrasco.com\/ca\/\"},{\"@type\":\"ListItem\",\"position\":2,\"name\":\"Estampaci\u00f3 de Xapa\"}]},{\"@type\":\"WebSite\",\"@id\":\"https:\/\/www.a-carrasco.com\/ca\/#website\",\"url\":\"https:\/\/www.a-carrasco.com\/ca\/\",\"name\":\"Carrasco\",\"description\":\"Efficiency in tool components\",\"potentialAction\":[{\"@type\":\"SearchAction\",\"target\":{\"@type\":\"EntryPoint\",\"urlTemplate\":\"https:\/\/www.a-carrasco.com\/ca\/?s={search_term_string}\"},\"query-input\":{\"@type\":\"PropertyValueSpecification\",\"valueRequired\":true,\"valueName\":\"search_term_string\"}}],\"inLanguage\":\"ca\"}]}<\/script>\n<!-- \/ Yoast SEO plugin. -->","yoast_head_json":{"title":"Estampaci\u00f3 de Xapa - Carrasco","robots":{"index":"index","follow":"follow","max-snippet":"max-snippet:-1","max-image-preview":"max-image-preview:large","max-video-preview":"max-video-preview:-1"},"canonical":"https:\/\/www.a-carrasco.com\/ca\/estampacio-de-xapa\/","og_locale":"ca_ES","og_type":"article","og_title":"Estampaci\u00f3 de Xapa - Carrasco","og_description":"Solucions per a la Estampaci\u00f3 de Xapa Tra\u00e7abilitat: codificaci\u00f3 i marcatge dels components CARRASCO us ofereix solucions de codificaci\u00f3 i marcatge dels components per a matrius. El sistema inform\u00e0tic i el de marcatge f\u00edsic, desenvolupats a aquest efecte, permeten que es pugui identificar de manera personalitzada cada component i donar solucions de tra\u00e7abilitat a la [&hellip;]","og_url":"https:\/\/www.a-carrasco.com\/ca\/estampacio-de-xapa\/","og_site_name":"Carrasco","article_modified_time":"2023-12-19T17:03:16+00:00","twitter_card":"summary_large_image","schema":{"@context":"https:\/\/schema.org","@graph":[{"@type":"WebPage","@id":"https:\/\/www.a-carrasco.com\/ca\/estampacio-de-xapa\/","url":"https:\/\/www.a-carrasco.com\/ca\/estampacio-de-xapa\/","name":"Estampaci\u00f3 de Xapa - Carrasco","isPartOf":{"@id":"https:\/\/www.a-carrasco.com\/ca\/#website"},"datePublished":"2013-08-29T12:49:31+00:00","dateModified":"2023-12-19T17:03:16+00:00","breadcrumb":{"@id":"https:\/\/www.a-carrasco.com\/ca\/estampacio-de-xapa\/#breadcrumb"},"inLanguage":"ca","potentialAction":[{"@type":"ReadAction","target":["https:\/\/www.a-carrasco.com\/ca\/estampacio-de-xapa\/"]}]},{"@type":"BreadcrumbList","@id":"https:\/\/www.a-carrasco.com\/ca\/estampacio-de-xapa\/#breadcrumb","itemListElement":[{"@type":"ListItem","position":1,"name":"Portada","item":"https:\/\/www.a-carrasco.com\/ca\/"},{"@type":"ListItem","position":2,"name":"Estampaci\u00f3 de Xapa"}]},{"@type":"WebSite","@id":"https:\/\/www.a-carrasco.com\/ca\/#website","url":"https:\/\/www.a-carrasco.com\/ca\/","name":"Carrasco","description":"Efficiency in tool components","potentialAction":[{"@type":"SearchAction","target":{"@type":"EntryPoint","urlTemplate":"https:\/\/www.a-carrasco.com\/ca\/?s={search_term_string}"},"query-input":{"@type":"PropertyValueSpecification","valueRequired":true,"valueName":"search_term_string"}}],"inLanguage":"ca"}]}},"_links":{"self":[{"href":"https:\/\/www.a-carrasco.com\/ca\/wp-json\/wp\/v2\/pages\/2087"}],"collection":[{"href":"https:\/\/www.a-carrasco.com\/ca\/wp-json\/wp\/v2\/pages"}],"about":[{"href":"https:\/\/www.a-carrasco.com\/ca\/wp-json\/wp\/v2\/types\/page"}],"author":[{"embeddable":true,"href":"https:\/\/www.a-carrasco.com\/ca\/wp-json\/wp\/v2\/users\/1"}],"replies":[{"embeddable":true,"href":"https:\/\/www.a-carrasco.com\/ca\/wp-json\/wp\/v2\/comments?post=2087"}],"version-history":[{"count":12,"href":"https:\/\/www.a-carrasco.com\/ca\/wp-json\/wp\/v2\/pages\/2087\/revisions"}],"predecessor-version":[{"id":5612,"href":"https:\/\/www.a-carrasco.com\/ca\/wp-json\/wp\/v2\/pages\/2087\/revisions\/5612"}],"wp:attachment":[{"href":"https:\/\/www.a-carrasco.com\/ca\/wp-json\/wp\/v2\/media?parent=2087"}],"curies":[{"name":"wp","href":"https:\/\/api.w.org\/{rel}","templated":true}]}}