{"id":2077,"date":"2015-03-11T16:10:56","date_gmt":"2015-03-11T15:10:56","guid":{"rendered":"http:\/\/a-carrasco.com.mialias.net\/fosa-a-pressio\/tubulares-especiales\/"},"modified":"2023-12-19T18:58:20","modified_gmt":"2023-12-19T16:58:20","slug":"tubulars-especials","status":"publish","type":"page","link":"https:\/\/www.a-carrasco.com\/ca\/fosa-a-pressio\/tubulars-especials\/","title":{"rendered":"Tubulars especials"},"content":{"rendered":"<div  class=\"fullwidth-content ui--section clearfix\"><div  class=\"ui--section-content\"><div class=\"container\"><div class=\"ui-row row\">\n <div   class=\"ui-column span9\"><div class=\"ui-row row\">\n <div   class=\"ui-column span4\"><div class=\"ui--image-wrap clearfix\"><img decoding=\"async\"  id=\"ui--image-1\" class=\"ui--image ui--animation\" src=\"https:\/\/a-carrasco.com\/wp-content\/uploads\/2015\/11\/Tubular_3D_3_g.jpg\" alt=\"Tubular_3D_3_g\" title=\"Tubular_3D_3_g\" data-at2x=\"\"\/><\/div><\/div> \n\n <div   class=\"ui-column span8\"><div  class=\"ui--accordion ui--box ui--animation clearfix\"><div  class=\"ui--accordion-item ui--gradient ui--gradient-grey on--hover ui-row first-item ui--accordion-state-opened accordion-1-1\"><a href=\"#accordion-1-1\" class=\"ui--accordion-item-title heading\"><div><span class=\"ui--accordion-item-title-text\">Descripci\u00f3<\/span><\/div><\/a><div id=\"accordion-1-1\" class=\"ui--accordion-item-content\"> <div class=\"auto-format ui--animation\"><p>CARRASCO compta amb l\u2019equipament i la maquin\u00e0ria de precisi\u00f3 pertinents per a fabricar els tubulars m\u00e9s cr\u00edtics per a motlles de fosa a pressi\u00f3 d&#8217;alumini. <\/p>\n<p>La millora constant en fiabilitat i l&#8217;allargament de la seva vida s\u00f3n clau per a aconseguir aven\u00e7os importants de productivitat.<\/p>\n<\/div> <\/div><\/div><div  class=\"ui--accordion-item ui--gradient ui--gradient-grey on--hover ui-row ui--accordion-state-closed accordion-1-2\"><a href=\"#accordion-1-2\" class=\"ui--accordion-item-title heading\"><div><span class=\"ui--accordion-item-title-text\">Capacitats<\/span><\/div><\/a><div id=\"accordion-1-2\" class=\"ui--accordion-item-content\"> <div class=\"auto-format ui--animation\"><p>Materials:<br \/>\nAcers per a eines d\u2019alta puresa i homogene\u00eftat, que tradicionalment es fan servir per al treball en calent i de nova generaci\u00f3 \/ d&#8217;alta conductivitat t\u00e8rmica.<\/p>\n<p>Processos:<br \/>\nDesbast \u2013 Tractament t\u00e8rmic \u2013 Mecanitzaci\u00f3 amb precisi\u00f3 \u2013 Tractaments superficials termoqu\u00edmics (nitruraci\u00f3\u2026) \u2013 Recobriments superficials (PVD).<\/p>\n<p>\u201cMillores pr\u00e0ctiques de fabricaci\u00f3\u201d: Acabats especials superficials i de radis \/ zones de concentraci\u00f3 de tensions.<\/p>\n<p>Inspecci\u00f3:<br \/>\nCompleta, amb equips d&#8217;alta precisi\u00f3.<\/p>\n<\/div> <\/div><\/div><div  class=\"ui--accordion-item ui--gradient ui--gradient-grey on--hover ui-row last-item ui--accordion-state-closed accordion-1-3\"><a href=\"#accordion-1-3\" class=\"ui--accordion-item-title heading\"><div><span class=\"ui--accordion-item-title-text\">Mides<\/span><\/div><\/a><div id=\"accordion-1-3\" class=\"ui--accordion-item-content\"> <div class=\"auto-format ui--animation\"><p>Vegeu tamb\u00e9 la gamma disponible al nostre cat\u00e0leg de components est\u00e0ndard.<div  class=\"ui--icon-box position--left\"><span class=\"ui--icon-box-icon ui--animation\" data-fx=\"fx--fadein-ltr\"><a href=\"https:\/\/a-carrasco.com\/ca\/fosa-a-pressio\/components-estandard\/\"><i class=\"ui--icon fontawesome-circle-arrow-right icon-inline-block\" style=\"font-size: 16px;  width: 20px;  height: 20px;\"><\/i><\/a><\/span><div  class=\"ui--icon-box-content\"><h5 class=\"ui--icon-box-title ui--animation text-left\" data-fx=\"fx--fadein-ltr\"><span ><a href=\"https:\/\/a-carrasco.com\/ca\/fosa-a-pressio\/components-estandard\/\">Anar al cat\u00e0leg<br \/>\n<\/a><\/span><\/h5><\/div><\/div><\/p>\n<\/div> <\/div><\/div><\/div><div class=\"text-center ui--animation ui--button-wrapper\" style=\"\" data-fx=\"fx--fadein-ltr\"><div class=\"ui--block\"><a class=\"btn btn-large btn-block btn-icon-left with-icon button-hover btn-primary radius-3px\" href=\"https:\/\/a-carrasco.com\/ca\/contacte\/\"><span class=\"button-icon\"><i class=\"ui--icon ui--icon btn-icon icon-normal icomoon-mail-4\"><\/i><\/span>Demanins informaci\u00f3<\/a> <div class=\"ui--shadow ui--shadow-type-3 ui--shadow-abs clearfix\"><img decoding=\"async\" src=\"https:\/\/www.a-carrasco.com\/wp-content\/themes\/envision\/includes\/modules\/module.shadow\/shadows\/shadow-3.png\" alt=\"shadow\" \/><\/div><\/div><\/div><\/div> \n\n<\/div> \n<div class=\"ui--title ui--animation ui--title-bordered text-left\"><div class=\"ui--title-holder\"><h3 class=\"ui--title-text\">Els nostres productes<\/h3><div class=\"ui--title-borders ui--title-border-left\"><\/div><div class=\"ui--title-borders ui--title-border-right\"><\/div><\/div><\/div><div id=\"ui--gallery-1\" class=\"ui--gallery ui--pass\" data-columns=\"4\"><div class=\"unstyled-all clearfix ui--gallery-wrapper columns-4 \"><div class=\"ui-row row\">\n <div   class=\"ui-column span3\"><div class=\"ui--gallery-item ui--animation\"><div class=\"inner\"><a href=\"https:\/\/a-carrasco.com\/wp-content\/uploads\/2015\/09\/Tubulares_G_2.jpg\" target=\"_blank\" data-rel=\"prettyPhoto[ui--gallery-1]\"><img decoding=\"async\" src=\"https:\/\/a-carrasco.com\/wp-content\/uploads\/2015\/09\/Tubulares_G_2.jpg\" class=\"\" alt=\"Tubulars especials\"\/><div class=\"ui--gallery-overlay\"><div class=\"center\"><span class=\"btn btn-normal btn-icon-left btn-0f23dyti5f btn-custom-color ui--animation\" href=\"#\" style=\"\"><i class=\"ui--icon fontawesome-fullscreen\"><\/i><\/span> <\/div><\/div><\/a><\/div><\/div><\/div> \n\n <div   class=\"ui-column span3\"><div class=\"ui--gallery-item ui--animation\"><div class=\"inner\"><a href=\"https:\/\/a-carrasco.com\/wp-content\/uploads\/2015\/09\/Tubulares_E_1.jpg\" target=\"_blank\" data-rel=\"prettyPhoto[ui--gallery-1]\"><img decoding=\"async\" src=\"https:\/\/a-carrasco.com\/wp-content\/uploads\/2015\/09\/Tubulares_E_1.jpg\" class=\"\" alt=\"Tubulars especials\"\/><div class=\"ui--gallery-overlay\"><div class=\"center\"><span class=\"btn btn-normal btn-icon-left btn-0f23dyti5f btn-custom-color ui--animation\" href=\"#\" style=\"\"><i class=\"ui--icon fontawesome-fullscreen\"><\/i><\/span> <\/div><\/div><\/a><\/div><\/div><\/div> \n\n <div   class=\"ui-column span3\"><div class=\"ui--gallery-item ui--animation\"><div class=\"inner\"><a href=\"https:\/\/a-carrasco.com\/wp-content\/uploads\/2015\/09\/Tubulares_D_4.jpg\" target=\"_blank\" data-rel=\"prettyPhoto[ui--gallery-1]\"><img decoding=\"async\" src=\"https:\/\/a-carrasco.com\/wp-content\/uploads\/2015\/09\/Tubulares_D_4.jpg\" class=\"\" alt=\"Tubulars especials\"\/><div class=\"ui--gallery-overlay\"><div class=\"center\"><span class=\"btn btn-normal btn-icon-left btn-0f23dyti5f btn-custom-color ui--animation\" href=\"#\" style=\"\"><i class=\"ui--icon fontawesome-fullscreen\"><\/i><\/span> <\/div><\/div><\/a><\/div><\/div><\/div> \n\n <div   class=\"ui-column span3\"><div class=\"ui--gallery-item ui--animation\"><div class=\"inner\"><a href=\"https:\/\/a-carrasco.com\/wp-content\/uploads\/2015\/09\/Tubulares_C_5.jpg\" target=\"_blank\" data-rel=\"prettyPhoto[ui--gallery-1]\"><img decoding=\"async\" src=\"https:\/\/a-carrasco.com\/wp-content\/uploads\/2015\/09\/Tubulares_C_5.jpg\" class=\"\" alt=\"Tubulars especials\"\/><div class=\"ui--gallery-overlay\"><div class=\"center\"><span class=\"btn btn-normal btn-icon-left btn-0f23dyti5f btn-custom-color ui--animation\" href=\"#\" style=\"\"><i class=\"ui--icon fontawesome-fullscreen\"><\/i><\/span> <\/div><\/div><\/a><\/div><\/div><\/div> \n\n<\/div> \n<\/div><div class=\"clearfix\"><\/div><\/div><\/div> \n\n <div   class=\"ui-column span3\"><div class=\"ui--title ui--animation ui--title-bordered text-left\"><div class=\"ui--title-holder\"><h4 class=\"ui--title-text\">Components per FP<\/h4><div style=\"border-color: #e5352c !important;\" class=\"ui--title-borders ui--title-border-left\"><\/div><div style=\"border-color: #e5352c !important;\" class=\"ui--title-borders ui--title-border-right\"><\/div><\/div><\/div><div class=\"ui--custom-menu-bar ui--gradient ui--gradient-grey hover-effect ui--box orientation-vertical ui--height-thin text-left clearfix\"><ul class=\"unstyled clearfix\"><li class=\"first-item ui--gradient-grey ui--icon-position-left\" title=\"\"><a href=\"https:\/\/a-carrasco.com\/ca\/fosa-a-pressio\/jet-cooling\/\"><i class=\"ui--icon icomoon-resize-2\" style=\"color: #e5352c !important;\"><\/i> HPPC -Jet Cooling- <\/a><\/li><li class=\"ui--gradient-grey ui--icon-position-left\" title=\"\"><a href=\"https:\/\/a-carrasco.com\/ca\/fosa-a-pressio\/noios\/\"><i class=\"ui--icon icomoon-resize-2\" style=\"color: #e5352c !important;\"><\/i> Noios <\/a><\/li><li class=\"ui--gradient-grey ui--icon-position-left\" title=\"\"><a href=\"https:\/\/a-carrasco.com\/ca\/fosa-a-pressio\/inserits\/\"><i class=\"ui--icon icomoon-resize-2\" style=\"color: #e5352c !important;\"><\/i> Inserits <\/a><\/li><li class=\"ui--gradient-grey ui--icon-position-left\" title=\"\"><a href=\"https:\/\/a-carrasco.com\/ca\/fosa-a-pressio\/water-jacket\/\"><i class=\"ui--icon icomoon-resize-2\" style=\"color: #e5352c !important;\"><\/i> Water Jacket <\/a><\/li><li class=\"ui--gradient-grey ui--icon-position-left\" title=\"\"><a href=\"https:\/\/a-carrasco.com\/ca\/fosa-a-pressio\/cilindres-a-gas\/\"><i class=\"ui--icon icomoon-resize-2\" style=\"color: #e5352c !important;\"><\/i> Cilindres a gas <\/a><\/li><li class=\"ui--gradient-grey ui--icon-position-left\" title=\"\"><a href=\"https:\/\/a-carrasco.com\/ca\/fosa-a-pressio\/tubulars-especials\/\"><i class=\"ui--icon icomoon-resize-2\" style=\"color: #e5352c !important;\"><\/i> Tubulars especials <\/a><\/li><li class=\"ui--gradient-grey ui--icon-position-left\" title=\"\"><a href=\"https:\/\/a-carrasco.com\/ca\/fosa-a-pressio\/calendarios-e-indicadores\/\"><i class=\"ui--icon icomoon-resize-2\" style=\"color: #e5352c !important;\"><\/i> Calendaris i indicadors <\/a><\/li><li class=\"last-item ui--gradient-grey ui--icon-position-left\" title=\"\"><a href=\"https:\/\/a-carrasco.com\/ca\/fosa-a-pressio\/components-estandard\/\"><i class=\"ui--icon icomoon-resize-2\" style=\"color: #e5352c !important;\"><\/i> Components est\u00e0ndard <\/a><\/li><\/ul><\/div><\/div> \n\n<\/div> \n<div class=\"ui--title ui--animation ui--title-bordered text-center\" style=\"margin-top: 25px;\"><div class=\"ui--title-holder\"><h3 class=\"ui--title-text\">Els nostres clients<\/h3><div class=\"ui--title-borders ui--title-border-left\"><\/div><div class=\"ui--title-borders ui--title-border-right\"><\/div><\/div><\/div><div class=\"ui--client-list-wrapper ui--animation ui-row clearfix\" style=\"margin-top: 20px;\"><div class=\"ui--client-list ui--box ui-row clearfix ui--carousel\" data-options=\"{&quot;effect&quot;:&quot;slide&quot;,&quot;auto_rotate&quot;:&quot;1&quot;,&quot;animation_loop&quot;:&quot;1&quot;,&quot;rotate_time&quot;:0,&quot;arrows&quot;:false,&quot;disable_on_mobile&quot;:false}\"><div class=\"slides\"><div class=\"ui-row row\">\n <div   class=\"ui-column span2\"><div class=\"ui--client ui--carousel-item\"><img decoding=\"async\" src=\"https:\/\/www.a-carrasco.com\/wp-content\/uploads\/2023\/12\/logo-AUTOLIV.jpg\" alt=\"\" title=\"\" class=\"ui--animation\"><\/div><div class=\"vertical-divider\"><\/div><\/div> \n\n <div   class=\"ui-column span2\"><div class=\"ui--client ui--carousel-item\"><img decoding=\"async\" src=\"https:\/\/www.a-carrasco.com\/wp-content\/uploads\/2023\/12\/logo-SEAT.jpg\" alt=\"\" title=\"\" class=\"ui--animation\"><\/div><div class=\"vertical-divider\"><\/div><\/div> \n\n <div   class=\"ui-column span2\"><div class=\"ui--client ui--carousel-item\"><img decoding=\"async\" src=\"https:\/\/www.a-carrasco.com\/wp-content\/uploads\/2023\/12\/logo-OPEL.jpg\" alt=\"\" title=\"\" class=\"ui--animation\"><\/div><div class=\"vertical-divider\"><\/div><\/div> \n\n <div   class=\"ui-column span2\"><div class=\"ui--client ui--carousel-item\"><img decoding=\"async\" src=\"https:\/\/www.a-carrasco.com\/wp-content\/uploads\/2023\/12\/logo-HANDTMANN.jpg\" alt=\"\" title=\"\" class=\"ui--animation\"><\/div><div class=\"vertical-divider\"><\/div><\/div> \n\n <div   class=\"ui-column span2\"><div class=\"ui--client ui--carousel-item\"><img decoding=\"async\" src=\"https:\/\/www.a-carrasco.com\/wp-content\/uploads\/2023\/12\/logo-ANTOLIN.jpg\" alt=\"\" title=\"\" class=\"ui--animation\"><\/div><div class=\"vertical-divider\"><\/div><\/div> \n\n <div   class=\"ui-column span2\"><div class=\"ui--client ui--carousel-item\"><img decoding=\"async\" src=\"https:\/\/www.a-carrasco.com\/wp-content\/uploads\/2023\/12\/logo-PESEA.jpg\" alt=\"\" title=\"\" class=\"ui--animation\"><\/div><div class=\"vertical-divider\"><\/div><\/div> \n\n<\/div> \n<div class=\"ui-row row\">\n <div   class=\"ui-column span2\"><div class=\"ui--client ui--carousel-item\"><img decoding=\"async\" src=\"https:\/\/www.a-carrasco.com\/wp-content\/uploads\/2023\/12\/logo-FORVIA.jpg\" alt=\"\" title=\"\" class=\"ui--animation\"><\/div><div class=\"vertical-divider\"><\/div><\/div> \n\n <div   class=\"ui-column span2\"><div class=\"ui--client ui--carousel-item\"><img decoding=\"async\" src=\"https:\/\/www.a-carrasco.com\/wp-content\/uploads\/2023\/12\/logo-SNOP.jpg\" alt=\"\" title=\"\" class=\"ui--animation\"><\/div><div class=\"vertical-divider\"><\/div><\/div> \n\n <div   class=\"ui-column span2\"><div class=\"ui--client ui--carousel-item\"><img decoding=\"async\" src=\"https:\/\/www.a-carrasco.com\/wp-content\/uploads\/2023\/12\/logo-CIE.jpg\" alt=\"\" title=\"\" class=\"ui--animation\"><\/div><div class=\"vertical-divider\"><\/div><\/div> \n\n <div   class=\"ui-column span2\"><div class=\"ui--client ui--carousel-item\"><img decoding=\"async\" src=\"https:\/\/www.a-carrasco.com\/wp-content\/uploads\/2023\/12\/logo-GESTAM.jpg\" alt=\"\" title=\"\" class=\"ui--animation\"><\/div><div class=\"vertical-divider\"><\/div><\/div> \n\n <div   class=\"ui-column span2\"><div class=\"ui--client ui--carousel-item\"><img decoding=\"async\" src=\"https:\/\/www.a-carrasco.com\/wp-content\/uploads\/2023\/12\/logo-ENDURANCE.jpg\" alt=\"\" title=\"\" class=\"ui--animation\"><\/div><div class=\"vertical-divider\"><\/div><\/div> \n\n <div   class=\"ui-column span2\"><div class=\"ui--client ui--carousel-item\"><img decoding=\"async\" src=\"https:\/\/www.a-carrasco.com\/wp-content\/uploads\/2023\/12\/logo-TCG-UNITEC.jpg\" alt=\"\" title=\"\" class=\"ui--animation\"><\/div><div class=\"vertical-divider\"><\/div><\/div> \n\n<\/div> \n<div class=\"ui-row row\">\n <div   class=\"ui-column span2\"><div class=\"ui--client ui--carousel-item\"><img decoding=\"async\" src=\"https:\/\/www.a-carrasco.com\/wp-content\/uploads\/2023\/12\/logo-DGS.jpg\" alt=\"\" title=\"\" class=\"ui--animation\"><\/div><div class=\"vertical-divider\"><\/div><\/div> \n\n <div   class=\"ui-column span2\"><div class=\"ui--client ui--carousel-item\"><img decoding=\"async\" src=\"https:\/\/www.a-carrasco.com\/wp-content\/uploads\/2023\/12\/logo-LEAR.jpg\" alt=\"\" title=\"\" class=\"ui--animation\"><\/div><div class=\"vertical-divider\"><\/div><\/div> \n\n <div   class=\"ui-column span2\"><div class=\"ui--client ui--carousel-item\"><img decoding=\"async\" src=\"https:\/\/www.a-carrasco.com\/wp-content\/uploads\/2023\/12\/logo-RENAULT.jpg\" alt=\"\" title=\"\" class=\"ui--animation\"><\/div><div class=\"vertical-divider\"><\/div><\/div> \n\n <div   class=\"ui-column span2\"><div class=\"ui--client ui--carousel-item\"><img decoding=\"async\" src=\"https:\/\/www.a-carrasco.com\/wp-content\/uploads\/2023\/12\/logo-FAGOR.jpg\" alt=\"\" title=\"\" class=\"ui--animation\"><\/div><div class=\"vertical-divider\"><\/div><\/div> \n\n <div   class=\"ui-column span2\"><div class=\"ui--client ui--carousel-item\"><img decoding=\"async\" src=\"https:\/\/www.a-carrasco.com\/wp-content\/uploads\/2023\/12\/logo-NISSAN.jpg\" alt=\"\" title=\"\" class=\"ui--animation\"><\/div><div class=\"vertical-divider\"><\/div><\/div> \n\n <div   class=\"ui-column span2\"><div class=\"ui--client ui--carousel-item\"><img decoding=\"async\" src=\"https:\/\/www.a-carrasco.com\/wp-content\/uploads\/2023\/12\/logo-TOYOTA.jpg\" alt=\"\" title=\"\" class=\"ui--animation\"><\/div><div class=\"vertical-divider\"><\/div><\/div> \n\n<\/div> \n<div class=\"ui-row row\">\n <div   class=\"ui-column span2\"><div class=\"ui--client ui--carousel-item\"><img decoding=\"async\" src=\"https:\/\/www.a-carrasco.com\/wp-content\/uploads\/2023\/12\/logo-BENTELER.jpg\" alt=\"\" title=\"\" class=\"ui--animation\"><\/div><div class=\"vertical-divider\"><\/div><\/div> \n\n <div   class=\"ui-column span2\"><div class=\"ui--client ui--carousel-item\"><img decoding=\"async\" src=\"https:\/\/www.a-carrasco.com\/wp-content\/uploads\/2023\/12\/logo-SKODA.jpg\" alt=\"\" title=\"\" class=\"ui--animation\"><\/div><div class=\"vertical-divider\"><\/div><\/div> \n\n <div   class=\"ui-column span2\"><div class=\"ui--client ui--carousel-item\"><img decoding=\"async\" src=\"https:\/\/www.a-carrasco.com\/wp-content\/uploads\/2023\/12\/logo-NEMAK.jpg\" alt=\"\" title=\"\" class=\"ui--animation\"><\/div><div class=\"vertical-divider\"><\/div><\/div> \n\n <div   class=\"ui-column span2\"><div class=\"ui--client ui--carousel-item\"><img decoding=\"async\" src=\"https:\/\/www.a-carrasco.com\/wp-content\/uploads\/2023\/12\/logo-FORD.jpg\" alt=\"\" title=\"\" class=\"ui--animation\"><\/div><div class=\"vertical-divider\"><\/div><\/div> \n\n <div   class=\"ui-column span2\"><div class=\"ui--client ui--carousel-item\"><img decoding=\"async\" src=\"https:\/\/www.a-carrasco.com\/wp-content\/uploads\/2023\/12\/logo-GMG.jpg\" alt=\"\" title=\"\" class=\"ui--animation\"><\/div><div class=\"vertical-divider\"><\/div><\/div> \n\n<\/div> \n<\/div><\/div><div class=\"ui--shadow ui--shadow-type-6  clearfix\"><img decoding=\"async\" src=\"https:\/\/www.a-carrasco.com\/wp-content\/themes\/envision\/includes\/modules\/module.shadow\/shadows\/shadow-6.png\" alt=\"shadow\" \/><\/div><\/div><\/div><\/div><\/div><!-- \/.fullwidth-container -->","protected":false},"excerpt":{"rendered":"<p>Descripci\u00f3 CARRASCO compta amb l\u2019equipament i la maquin\u00e0ria de precisi\u00f3 pertinents per a fabricar els tubulars m\u00e9s cr\u00edtics per a motlles de fosa a pressi\u00f3 d&#8217;alumini. La millora constant en fiabilitat i l&#8217;allargament de la seva vida s\u00f3n clau per a aconseguir aven\u00e7os importants de productivitat. Capacitats Materials: Acers per a eines d\u2019alta puresa i [&hellip;]<\/p>\n","protected":false},"author":1,"featured_media":0,"parent":2032,"menu_order":0,"comment_status":"open","ping_status":"open","template":"","meta":{"footnotes":""},"class_list":["post-2077","page","type-page","status-publish","hentry"],"yoast_head":"<!-- This site is optimized with the Yoast SEO plugin v25.6 - https:\/\/yoast.com\/wordpress\/plugins\/seo\/ -->\n<title>Tubulars especials - Carrasco<\/title>\n<meta name=\"robots\" content=\"index, follow, max-snippet:-1, max-image-preview:large, max-video-preview:-1\" \/>\n<link rel=\"canonical\" href=\"https:\/\/www.a-carrasco.com\/ca\/fosa-a-pressio\/tubulars-especials\/\" \/>\n<meta property=\"og:locale\" content=\"ca_ES\" \/>\n<meta property=\"og:type\" content=\"article\" \/>\n<meta property=\"og:title\" content=\"Tubulars especials - Carrasco\" \/>\n<meta property=\"og:description\" content=\"Descripci\u00f3 CARRASCO compta amb l\u2019equipament i la maquin\u00e0ria de precisi\u00f3 pertinents per a fabricar els tubulars m\u00e9s cr\u00edtics per a motlles de fosa a pressi\u00f3 d&#8217;alumini. La millora constant en fiabilitat i l&#8217;allargament de la seva vida s\u00f3n clau per a aconseguir aven\u00e7os importants de productivitat. Capacitats Materials: Acers per a eines d\u2019alta puresa i [&hellip;]\" \/>\n<meta property=\"og:url\" content=\"https:\/\/www.a-carrasco.com\/ca\/fosa-a-pressio\/tubulars-especials\/\" \/>\n<meta property=\"og:site_name\" content=\"Carrasco\" \/>\n<meta property=\"article:modified_time\" content=\"2023-12-19T16:58:20+00:00\" \/>\n<meta name=\"twitter:card\" content=\"summary_large_image\" \/>\n<script type=\"application\/ld+json\" class=\"yoast-schema-graph\">{\"@context\":\"https:\/\/schema.org\",\"@graph\":[{\"@type\":\"WebPage\",\"@id\":\"https:\/\/www.a-carrasco.com\/ca\/fosa-a-pressio\/tubulars-especials\/\",\"url\":\"https:\/\/www.a-carrasco.com\/ca\/fosa-a-pressio\/tubulars-especials\/\",\"name\":\"Tubulars especials - Carrasco\",\"isPartOf\":{\"@id\":\"https:\/\/www.a-carrasco.com\/ca\/#website\"},\"datePublished\":\"2015-03-11T15:10:56+00:00\",\"dateModified\":\"2023-12-19T16:58:20+00:00\",\"breadcrumb\":{\"@id\":\"https:\/\/www.a-carrasco.com\/ca\/fosa-a-pressio\/tubulars-especials\/#breadcrumb\"},\"inLanguage\":\"ca\",\"potentialAction\":[{\"@type\":\"ReadAction\",\"target\":[\"https:\/\/www.a-carrasco.com\/ca\/fosa-a-pressio\/tubulars-especials\/\"]}]},{\"@type\":\"BreadcrumbList\",\"@id\":\"https:\/\/www.a-carrasco.com\/ca\/fosa-a-pressio\/tubulars-especials\/#breadcrumb\",\"itemListElement\":[{\"@type\":\"ListItem\",\"position\":1,\"name\":\"Portada\",\"item\":\"https:\/\/www.a-carrasco.com\/ca\/\"},{\"@type\":\"ListItem\",\"position\":2,\"name\":\"Fosa a Pressi\u00f3\",\"item\":\"https:\/\/www.a-carrasco.com\/ca\/fosa-a-pressio\/\"},{\"@type\":\"ListItem\",\"position\":3,\"name\":\"Tubulars especials\"}]},{\"@type\":\"WebSite\",\"@id\":\"https:\/\/www.a-carrasco.com\/ca\/#website\",\"url\":\"https:\/\/www.a-carrasco.com\/ca\/\",\"name\":\"Carrasco\",\"description\":\"Efficiency in tool components\",\"potentialAction\":[{\"@type\":\"SearchAction\",\"target\":{\"@type\":\"EntryPoint\",\"urlTemplate\":\"https:\/\/www.a-carrasco.com\/ca\/?s={search_term_string}\"},\"query-input\":{\"@type\":\"PropertyValueSpecification\",\"valueRequired\":true,\"valueName\":\"search_term_string\"}}],\"inLanguage\":\"ca\"}]}<\/script>\n<!-- \/ Yoast SEO plugin. -->","yoast_head_json":{"title":"Tubulars especials - Carrasco","robots":{"index":"index","follow":"follow","max-snippet":"max-snippet:-1","max-image-preview":"max-image-preview:large","max-video-preview":"max-video-preview:-1"},"canonical":"https:\/\/www.a-carrasco.com\/ca\/fosa-a-pressio\/tubulars-especials\/","og_locale":"ca_ES","og_type":"article","og_title":"Tubulars especials - Carrasco","og_description":"Descripci\u00f3 CARRASCO compta amb l\u2019equipament i la maquin\u00e0ria de precisi\u00f3 pertinents per a fabricar els tubulars m\u00e9s cr\u00edtics per a motlles de fosa a pressi\u00f3 d&#8217;alumini. La millora constant en fiabilitat i l&#8217;allargament de la seva vida s\u00f3n clau per a aconseguir aven\u00e7os importants de productivitat. Capacitats Materials: Acers per a eines d\u2019alta puresa i [&hellip;]","og_url":"https:\/\/www.a-carrasco.com\/ca\/fosa-a-pressio\/tubulars-especials\/","og_site_name":"Carrasco","article_modified_time":"2023-12-19T16:58:20+00:00","twitter_card":"summary_large_image","schema":{"@context":"https:\/\/schema.org","@graph":[{"@type":"WebPage","@id":"https:\/\/www.a-carrasco.com\/ca\/fosa-a-pressio\/tubulars-especials\/","url":"https:\/\/www.a-carrasco.com\/ca\/fosa-a-pressio\/tubulars-especials\/","name":"Tubulars especials - Carrasco","isPartOf":{"@id":"https:\/\/www.a-carrasco.com\/ca\/#website"},"datePublished":"2015-03-11T15:10:56+00:00","dateModified":"2023-12-19T16:58:20+00:00","breadcrumb":{"@id":"https:\/\/www.a-carrasco.com\/ca\/fosa-a-pressio\/tubulars-especials\/#breadcrumb"},"inLanguage":"ca","potentialAction":[{"@type":"ReadAction","target":["https:\/\/www.a-carrasco.com\/ca\/fosa-a-pressio\/tubulars-especials\/"]}]},{"@type":"BreadcrumbList","@id":"https:\/\/www.a-carrasco.com\/ca\/fosa-a-pressio\/tubulars-especials\/#breadcrumb","itemListElement":[{"@type":"ListItem","position":1,"name":"Portada","item":"https:\/\/www.a-carrasco.com\/ca\/"},{"@type":"ListItem","position":2,"name":"Fosa a Pressi\u00f3","item":"https:\/\/www.a-carrasco.com\/ca\/fosa-a-pressio\/"},{"@type":"ListItem","position":3,"name":"Tubulars especials"}]},{"@type":"WebSite","@id":"https:\/\/www.a-carrasco.com\/ca\/#website","url":"https:\/\/www.a-carrasco.com\/ca\/","name":"Carrasco","description":"Efficiency in tool components","potentialAction":[{"@type":"SearchAction","target":{"@type":"EntryPoint","urlTemplate":"https:\/\/www.a-carrasco.com\/ca\/?s={search_term_string}"},"query-input":{"@type":"PropertyValueSpecification","valueRequired":true,"valueName":"search_term_string"}}],"inLanguage":"ca"}]}},"_links":{"self":[{"href":"https:\/\/www.a-carrasco.com\/ca\/wp-json\/wp\/v2\/pages\/2077"}],"collection":[{"href":"https:\/\/www.a-carrasco.com\/ca\/wp-json\/wp\/v2\/pages"}],"about":[{"href":"https:\/\/www.a-carrasco.com\/ca\/wp-json\/wp\/v2\/types\/page"}],"author":[{"embeddable":true,"href":"https:\/\/www.a-carrasco.com\/ca\/wp-json\/wp\/v2\/users\/1"}],"replies":[{"embeddable":true,"href":"https:\/\/www.a-carrasco.com\/ca\/wp-json\/wp\/v2\/comments?post=2077"}],"version-history":[{"count":9,"href":"https:\/\/www.a-carrasco.com\/ca\/wp-json\/wp\/v2\/pages\/2077\/revisions"}],"predecessor-version":[{"id":5610,"href":"https:\/\/www.a-carrasco.com\/ca\/wp-json\/wp\/v2\/pages\/2077\/revisions\/5610"}],"up":[{"embeddable":true,"href":"https:\/\/www.a-carrasco.com\/ca\/wp-json\/wp\/v2\/pages\/2032"}],"wp:attachment":[{"href":"https:\/\/www.a-carrasco.com\/ca\/wp-json\/wp\/v2\/media?parent=2077"}],"curies":[{"name":"wp","href":"https:\/\/api.w.org\/{rel}","templated":true}]}}