{"id":1666,"date":"2014-09-26T10:56:55","date_gmt":"2014-09-26T10:56:55","guid":{"rendered":"http:\/\/a-carrasco.com.mialias.net\/capacidad-productiva-3\/"},"modified":"2023-12-19T18:16:53","modified_gmt":"2023-12-19T16:16:53","slug":"capacitat-productiva","status":"publish","type":"page","link":"https:\/\/www.a-carrasco.com\/ca\/capacitat-productiva\/","title":{"rendered":"Capacitat productiva"},"content":{"rendered":"<div  class=\"fullwidth-content ui--section clearfix\"><div  class=\"ui--section-content\"><div class=\"container\"><div  class=\"fullwidth-content ui--section clearfix\"><div  class=\"ui--section-content\"><div class=\"container\"><div class=\"ui-row row\">\n <div   class=\"ui-column span8\"><div class=\"ui--title ui--animation ui--title-bordered text-left\"><div class=\"ui--title-holder\"><h3 class=\"ui--title-text\">Processos<\/h3><div class=\"ui--title-borders ui--title-border-left\"><\/div><div class=\"ui--title-borders ui--title-border-right\"><\/div><\/div><\/div><div class=\"auto-format ui--animation\"><p>La capacitat de CARRASCO, sumada a acords estrat\u00e8gics amb fabricants homologats, ens permet oferir una \u00e0mplia gamma de productes amb el millor servei, adaptat sempre a les vostres necessitats.<\/p>\n<\/div><div class=\"ui-row row\">\n <div   class=\"ui-column span4\"><div class=\"ui--image-wrap clearfix\"><img decoding=\"async\"  id=\"ui--image-1\" class=\"ui--image ui--animation\" src=\"https:\/\/a-carrasco.com\/wp-content\/uploads\/2019\/07\/logo-CMM-horizontal-WEB.jpg\" alt=\"V7\" title=\"V7\" data-at2x=\"\"\/><\/div><\/div> \n\n<\/div> \n<div  class=\"ui--space clearfix\" data-responsive=\"{&quot;css&quot;:{&quot;height&quot;:{&quot;phone&quot;:null,&quot;tablet&quot;:null,&quot;widescreen&quot;:null}}}\"><\/div><div class=\"auto-format ui--animation\"><p>CMM es la planta de fabricaci\u00f3 pr\u00f2pia del Grup CARRASCO. Situada en la localitat de Martorell (Barcelona), es la planta de refer\u00e8ncia per a la fabricaci\u00f3 de productes estrat\u00e8gics y de nou llan\u00e7ament.<\/p>\n<\/div><div  class=\"ui--space clearfix\" data-responsive=\"{&quot;css&quot;:{&quot;height&quot;:{&quot;phone&quot;:null,&quot;tablet&quot;:null,&quot;widescreen&quot;:null}}}\"><\/div><div class=\"ui--title ui--animation ui--title-bordered text-left\"><div class=\"ui--title-holder\"><h3 class=\"ui--title-text\">Acords estrat\u00e8gics amb fabricants homologats<\/h3><div class=\"ui--title-borders ui--title-border-left\"><\/div><div class=\"ui--title-borders ui--title-border-right\"><\/div><\/div><\/div><div class=\"auto-format ui--animation\"><p>CARRASCO mant\u00e9 acords estrat\u00e8gics amb fabricants homologats amb el objectiu de complementar la seva oferta y assegurar el millor servei als seus clients.<\/p>\n<\/div><div class=\"ui-row row\">\n <div   class=\"ui-column span4\"><div class=\"ui--image-wrap clearfix\"><img decoding=\"async\"  id=\"ui--image-2\" class=\"ui--image ui--animation\" src=\"https:\/\/a-carrasco.com\/wp-content\/uploads\/2019\/07\/LogoOK_Horizontal-PUNT-FABRICACIO-WEB.jpg\" alt=\"V7\" title=\"V7\" data-at2x=\"\"\/><\/div><\/div> \n\n<\/div> \n<div  class=\"ui--space clearfix\" data-responsive=\"{&quot;css&quot;:{&quot;height&quot;:{&quot;phone&quot;:null,&quot;tablet&quot;:null,&quot;widescreen&quot;:null}}}\"><\/div><div class=\"ui--title ui--animation ui--title-bordered text-left\"><div class=\"ui--title-holder\"><h3 class=\"ui--title-text\">Capacitats<\/h3><div class=\"ui--title-borders ui--title-border-left\"><\/div><div class=\"ui--title-borders ui--title-border-right\"><\/div><\/div><\/div><div class=\"auto-format ui--animation\"><ul>\n<li>Fresatge i tornejat.<\/li>\n<li>Rectificaci\u00f3 (cil\u00edndrica exterior, cil\u00edndrica interior, plana i sense centres).<\/li>\n<li>Trepat, trepat profund i mandrinatge.<\/li>\n<li>Electroerosi\u00f3 (amb l&#8217;el\u00e8ctrode de forma i amb fil).<\/li>\n<li>Poliments especials.<\/li>\n<\/ul>\n<\/div><\/div> \n\n <div   class=\"ui-column span4\"><div class=\"ui--image-wrap clearfix ui--animation\"><div class=\"ui--image-inline-block\"><img decoding=\"async\"  id=\"ui--image-3\" class=\"ui--image\" src=\"https:\/\/a-carrasco.com\/wp-content\/uploads\/2015\/09\/Mecanizaci\u00f3n_B.jpg\" alt=\"\" title=\"\" data-at2x=\"\"\/><div class=\"ui--shadow ui--shadow-type-3 ui--shadow-abs clearfix\"><img decoding=\"async\" src=\"https:\/\/www.a-carrasco.com\/wp-content\/themes\/envision\/includes\/modules\/module.shadow\/shadows\/shadow-3.png\" alt=\"shadow\" \/><\/div><\/div><\/div><\/div> \n\n<\/div> \n<\/div><\/div><\/div><!-- \/.fullwidth-container --><\/div><\/div><\/div><!-- \/.fullwidth-container --><div class=\"ui--title ui--animation ui--title-bordered text-left\"><div class=\"ui--title-holder\"><h3 class=\"ui--title-text\">Els nostres col.laboradors<\/h3><div class=\"ui--title-borders ui--title-border-left\"><\/div><div class=\"ui--title-borders ui--title-border-right\"><\/div><\/div><\/div><div class=\"ui--client-list-wrapper ui--animation ui-row clearfix\" style=\"margin-bottom: 20px;\"><div class=\"ui--client-list ui--box ui-row clearfix ui--carousel\" data-options=\"{&quot;effect&quot;:&quot;slide&quot;,&quot;auto_rotate&quot;:&quot;0&quot;,&quot;animation_loop&quot;:&quot;0&quot;,&quot;rotate_time&quot;:0,&quot;arrows&quot;:true,&quot;disable_on_mobile&quot;:false}\"><div class=\"slides\"><div class=\"ui-row row\">\n <div   class=\"ui-column span2\"><div class=\"ui--client ui--carousel-item\"><a href=\"http:\/\/www.moldea.es\" target=\"_blank\"><img decoding=\"async\" src=\"https:\/\/a-carrasco.com\/wp-content\/uploads\/2016\/02\/Partner_Moldea_Logo.png\" alt=\"\" title=\"\" class=\"ui--animation\"><\/a><\/div><div class=\"vertical-divider\"><\/div><\/div> \n\n <div   class=\"ui-column span2\"><div class=\"ui--client ui--carousel-item\"><a href=\"http:\/\/tecapres.com\/es\/\" target=\"_blank\"><img decoding=\"async\" src=\"https:\/\/a-carrasco.com\/wp-content\/uploads\/2015\/09\/Partner_Tecapres_logo.png\" alt=\"\" title=\"\" class=\"ui--animation\"><\/a><\/div><div class=\"vertical-divider\"><\/div><\/div> \n\n <div   class=\"ui-column span2\"><div class=\"ui--client ui--carousel-item\"><a href=\"http:\/\/www.hitachi-metals.co.jp\/e\/\" target=\"_blank\"><img decoding=\"async\" src=\"https:\/\/a-carrasco.com\/wp-content\/uploads\/2015\/09\/Partner_Hitachi_Metals_logo.jpg\" alt=\"\" title=\"\" class=\"ui--animation\"><\/a><\/div><div class=\"vertical-divider\"><\/div><\/div> \n\n <div   class=\"ui-column span2\"><div class=\"ui--client ui--carousel-item\"><a href=\"http:\/\/www.rovalma.es\" target=\"_blank\"><img decoding=\"async\" src=\"https:\/\/a-carrasco.com\/wp-content\/uploads\/2015\/09\/Partner_Rovalma_logo.png\" alt=\"\" title=\"\" class=\"ui--animation\"><\/a><\/div><div class=\"vertical-divider\"><\/div><\/div> \n\n <div   class=\"ui-column span2\"><div class=\"ui--client ui--carousel-item\"><a href=\"http:\/\/www.acerosuddeholm.com\" target=\"_blank\"><img decoding=\"async\" src=\"https:\/\/a-carrasco.com\/wp-content\/uploads\/2015\/09\/Partner_Uddeholm_logo.png\" alt=\"\" title=\"\" class=\"ui--animation\"><\/a><\/div><div class=\"vertical-divider\"><\/div><\/div> \n\n <div   class=\"ui-column span2\"><div class=\"ui--client ui--carousel-item\"><a href=\"http:\/\/www.metalografica.com\" target=\"_blank\"><img decoding=\"async\" src=\"https:\/\/a-carrasco.com\/wp-content\/uploads\/2015\/09\/Partner_Metalogr\u00e1fica_logo.png\" alt=\"\" title=\"\" class=\"ui--animation\"><\/a><\/div><div class=\"vertical-divider\"><\/div><\/div> \n\n<\/div> \n<div class=\"ui-row row\">\n <div   class=\"ui-column span2\"><div class=\"ui--client ui--carousel-item\"><a href=\"http:\/\/www.oerlikonbalzerscoating.com\/bes\/cat\/index.php\" target=\"_blank\"><img decoding=\"async\" src=\"https:\/\/a-carrasco.com\/wp-content\/uploads\/2015\/09\/Partner_Oerlikon_logo.png\" alt=\"\" title=\"\" class=\"ui--animation\"><\/a><\/div><div class=\"vertical-divider\"><\/div><\/div> \n\n <div   class=\"ui-column span2\"><div class=\"ui--client ui--carousel-item\"><img decoding=\"async\" src=\"https:\/\/a-carrasco.com\/wp-content\/uploads\/2015\/09\/Partner_Vacutrem_logo.png\" alt=\"\" title=\"\" class=\"ui--animation\"><\/div><div class=\"vertical-divider\"><\/div><\/div> \n\n <div   class=\"ui-column span2\"><div class=\"ui--client ui--carousel-item\"><a href=\"http:\/\/eurecat.org\/\" target=\"_blank\"><img decoding=\"async\" src=\"https:\/\/a-carrasco.com\/wp-content\/uploads\/2015\/09\/Partner_eurecat_logo.png\" alt=\"\" title=\"\" class=\"ui--animation\"><\/a><\/div><div class=\"vertical-divider\"><\/div><\/div> \n\n <div   class=\"ui-column span2\"><div class=\"ui--client ui--carousel-item\"><a href=\"http:\/\/www.inytialgo.com\/cat\" target=\"_blank\"><img decoding=\"async\" src=\"https:\/\/a-carrasco.com\/wp-content\/uploads\/2015\/09\/Partner_inytiAlgo_logo.png\" alt=\"\" title=\"\" class=\"ui--animation\"><\/a><\/div><div class=\"vertical-divider\"><\/div><\/div> \n\n <div   class=\"ui-column span2\"><div class=\"ui--client ui--carousel-item\"><a href=\"http:\/\/www.appluslaboratories.com\/es\/\" target=\"_blank\"><img decoding=\"async\" src=\"https:\/\/a-carrasco.com\/wp-content\/uploads\/2015\/09\/Partner_Applus_logo.jpg\" alt=\"\" title=\"\" class=\"ui--animation\"><\/a><\/div><div class=\"vertical-divider\"><\/div><\/div> \n\n <div   class=\"ui-column span2\"><div class=\"ui--client ui--carousel-item\"><a href=\"http:\/\/www.hexagonmetrology.es\/\" target=\"_blank\"><img decoding=\"async\" src=\"https:\/\/a-carrasco.com\/wp-content\/uploads\/2015\/09\/Partner_Hexagon_logo.jpg\" alt=\"\" title=\"\" class=\"ui--animation\"><\/a><\/div><div class=\"vertical-divider\"><\/div><\/div> \n\n<\/div> \n<div class=\"ui-row row\">\n <div   class=\"ui-column span2\"><div class=\"ui--client ui--carousel-item\"><a href=\"http:\/\/www.scisa.es\/webSCI\/\" target=\"_blank\"><img decoding=\"async\" src=\"https:\/\/a-carrasco.com\/wp-content\/uploads\/2015\/09\/Partner_SCI_logo.png\" alt=\"\" title=\"\" class=\"ui--animation\"><\/a><\/div><div class=\"vertical-divider\"><\/div><\/div> \n\n <div   class=\"ui-column span2\"><div class=\"ui--client ui--carousel-item\"><a href=\"http:\/\/www.tesagroup.es\/es-es\/home\/#.VquB-NXhDIV\" target=\"_blank\"><img decoding=\"async\" src=\"https:\/\/a-carrasco.com\/wp-content\/uploads\/2015\/09\/Partner_Tesa_logo.png\" alt=\"\" title=\"\" class=\"ui--animation\"><\/a><\/div><div class=\"vertical-divider\"><\/div><\/div> \n\n<\/div> \n<\/div><\/div><\/div><div  class=\"ui--space clearfix\" data-responsive=\"{&quot;css&quot;:{&quot;height&quot;:{&quot;phone&quot;:null,&quot;tablet&quot;:null,&quot;widescreen&quot;:null}}}\"><\/div><div class=\"ui--title ui--animation ui--title-bordered text-center\"><div class=\"ui--title-holder\"><h3 class=\"ui--title-text\">Els nostres clients<\/h3><div class=\"ui--title-borders ui--title-border-left\"><\/div><div class=\"ui--title-borders ui--title-border-right\"><\/div><\/div><\/div><div class=\"ui--client-list-wrapper ui--animation ui-row clearfix\" style=\"margin-top: 20px;\"><div class=\"ui--client-list ui--box ui-row clearfix ui--carousel\" data-options=\"{&quot;effect&quot;:&quot;slide&quot;,&quot;auto_rotate&quot;:&quot;1&quot;,&quot;animation_loop&quot;:&quot;1&quot;,&quot;rotate_time&quot;:0,&quot;arrows&quot;:false,&quot;disable_on_mobile&quot;:false}\"><div class=\"slides\"><div class=\"ui-row row\">\n <div   class=\"ui-column span2\"><div class=\"ui--client ui--carousel-item\"><img decoding=\"async\" src=\"https:\/\/www.a-carrasco.com\/wp-content\/uploads\/2023\/12\/logo-LEAR.jpg\" alt=\"\" title=\"\" class=\"ui--animation\"><\/div><div class=\"vertical-divider\"><\/div><\/div> \n\n <div   class=\"ui-column span2\"><div class=\"ui--client ui--carousel-item\"><img decoding=\"async\" src=\"https:\/\/www.a-carrasco.com\/wp-content\/uploads\/2023\/12\/logo-BENTELER.jpg\" alt=\"\" title=\"\" class=\"ui--animation\"><\/div><div class=\"vertical-divider\"><\/div><\/div> \n\n <div   class=\"ui-column span2\"><div class=\"ui--client ui--carousel-item\"><img decoding=\"async\" src=\"https:\/\/www.a-carrasco.com\/wp-content\/uploads\/2023\/12\/logo-FORVIA.jpg\" alt=\"\" title=\"\" class=\"ui--animation\"><\/div><div class=\"vertical-divider\"><\/div><\/div> \n\n <div   class=\"ui-column span2\"><div class=\"ui--client ui--carousel-item\"><img decoding=\"async\" src=\"https:\/\/www.a-carrasco.com\/wp-content\/uploads\/2023\/12\/logo-ANTOLIN.jpg\" alt=\"\" title=\"\" class=\"ui--animation\"><\/div><div class=\"vertical-divider\"><\/div><\/div> \n\n <div   class=\"ui-column span2\"><div class=\"ui--client ui--carousel-item\"><img decoding=\"async\" src=\"https:\/\/www.a-carrasco.com\/wp-content\/uploads\/2023\/12\/logo-NISSAN.jpg\" alt=\"\" title=\"\" class=\"ui--animation\"><\/div><div class=\"vertical-divider\"><\/div><\/div> \n\n <div   class=\"ui-column span2\"><div class=\"ui--client ui--carousel-item\"><img decoding=\"async\" src=\"https:\/\/www.a-carrasco.com\/wp-content\/uploads\/2023\/12\/logo-FAGOR.jpg\" alt=\"\" title=\"\" class=\"ui--animation\"><\/div><div class=\"vertical-divider\"><\/div><\/div> \n\n<\/div> \n<div class=\"ui-row row\">\n <div   class=\"ui-column span2\"><div class=\"ui--client ui--carousel-item\"><img decoding=\"async\" src=\"https:\/\/www.a-carrasco.com\/wp-content\/uploads\/2023\/12\/logo-SNOP.jpg\" alt=\"\" title=\"\" class=\"ui--animation\"><\/div><div class=\"vertical-divider\"><\/div><\/div> \n\n <div   class=\"ui-column span2\"><div class=\"ui--client ui--carousel-item\"><img decoding=\"async\" src=\"https:\/\/www.a-carrasco.com\/wp-content\/uploads\/2023\/12\/logo-DGS.jpg\" alt=\"\" title=\"\" class=\"ui--animation\"><\/div><div class=\"vertical-divider\"><\/div><\/div> \n\n <div   class=\"ui-column span2\"><div class=\"ui--client ui--carousel-item\"><img decoding=\"async\" src=\"https:\/\/www.a-carrasco.com\/wp-content\/uploads\/2023\/12\/logo-SEAT.jpg\" alt=\"\" title=\"\" class=\"ui--animation\"><\/div><div class=\"vertical-divider\"><\/div><\/div> \n\n <div   class=\"ui-column span2\"><div class=\"ui--client ui--carousel-item\"><img decoding=\"async\" src=\"https:\/\/www.a-carrasco.com\/wp-content\/uploads\/2023\/12\/logo-GMG.jpg\" alt=\"\" title=\"\" class=\"ui--animation\"><\/div><div class=\"vertical-divider\"><\/div><\/div> \n\n <div   class=\"ui-column span2\"><div class=\"ui--client ui--carousel-item\"><img decoding=\"async\" src=\"https:\/\/www.a-carrasco.com\/wp-content\/uploads\/2023\/12\/logo-RENAULT.jpg\" alt=\"\" title=\"\" class=\"ui--animation\"><\/div><div class=\"vertical-divider\"><\/div><\/div> \n\n <div   class=\"ui-column span2\"><div class=\"ui--client ui--carousel-item\"><img decoding=\"async\" src=\"https:\/\/www.a-carrasco.com\/wp-content\/uploads\/2023\/12\/logo-FORD.jpg\" alt=\"\" title=\"\" class=\"ui--animation\"><\/div><div class=\"vertical-divider\"><\/div><\/div> \n\n<\/div> \n<div class=\"ui-row row\">\n <div   class=\"ui-column span2\"><div class=\"ui--client ui--carousel-item\"><img decoding=\"async\" src=\"https:\/\/www.a-carrasco.com\/wp-content\/uploads\/2023\/12\/logo-HANDTMANN.jpg\" alt=\"\" title=\"\" class=\"ui--animation\"><\/div><div class=\"vertical-divider\"><\/div><\/div> \n\n <div   class=\"ui-column span2\"><div class=\"ui--client ui--carousel-item\"><img decoding=\"async\" src=\"https:\/\/www.a-carrasco.com\/wp-content\/uploads\/2023\/12\/logo-OPEL.jpg\" alt=\"\" title=\"\" class=\"ui--animation\"><\/div><div class=\"vertical-divider\"><\/div><\/div> \n\n <div   class=\"ui-column span2\"><div class=\"ui--client ui--carousel-item\"><img decoding=\"async\" src=\"https:\/\/www.a-carrasco.com\/wp-content\/uploads\/2023\/12\/logo-TOYOTA.jpg\" alt=\"\" title=\"\" class=\"ui--animation\"><\/div><div class=\"vertical-divider\"><\/div><\/div> \n\n <div   class=\"ui-column span2\"><div class=\"ui--client ui--carousel-item\"><img decoding=\"async\" src=\"https:\/\/www.a-carrasco.com\/wp-content\/uploads\/2023\/12\/logo-GESTAM.jpg\" alt=\"\" title=\"\" class=\"ui--animation\"><\/div><div class=\"vertical-divider\"><\/div><\/div> \n\n <div   class=\"ui-column span2\"><div class=\"ui--client ui--carousel-item\"><img decoding=\"async\" src=\"https:\/\/www.a-carrasco.com\/wp-content\/uploads\/2023\/12\/logo-PESEA.jpg\" alt=\"\" title=\"\" class=\"ui--animation\"><\/div><div class=\"vertical-divider\"><\/div><\/div> \n\n <div   class=\"ui-column span2\"><div class=\"ui--client ui--carousel-item\"><img decoding=\"async\" src=\"https:\/\/www.a-carrasco.com\/wp-content\/uploads\/2023\/12\/logo-CIE.jpg\" alt=\"\" title=\"\" class=\"ui--animation\"><\/div><div class=\"vertical-divider\"><\/div><\/div> \n\n<\/div> \n<div class=\"ui-row row\">\n <div   class=\"ui-column span2\"><div class=\"ui--client ui--carousel-item\"><img decoding=\"async\" src=\"https:\/\/www.a-carrasco.com\/wp-content\/uploads\/2023\/12\/logo-ENDURANCE.jpg\" alt=\"\" title=\"\" class=\"ui--animation\"><\/div><div class=\"vertical-divider\"><\/div><\/div> \n\n <div   class=\"ui-column span2\"><div class=\"ui--client ui--carousel-item\"><img decoding=\"async\" src=\"https:\/\/www.a-carrasco.com\/wp-content\/uploads\/2023\/12\/logo-SKODA.jpg\" alt=\"\" title=\"\" class=\"ui--animation\"><\/div><div class=\"vertical-divider\"><\/div><\/div> \n\n <div   class=\"ui-column span2\"><div class=\"ui--client ui--carousel-item\"><img decoding=\"async\" src=\"https:\/\/www.a-carrasco.com\/wp-content\/uploads\/2023\/12\/logo-TCG-UNITEC.jpg\" alt=\"\" title=\"\" class=\"ui--animation\"><\/div><div class=\"vertical-divider\"><\/div><\/div> \n\n <div   class=\"ui-column span2\"><div class=\"ui--client ui--carousel-item\"><img decoding=\"async\" src=\"https:\/\/www.a-carrasco.com\/wp-content\/uploads\/2023\/12\/logo-NEMAK.jpg\" alt=\"\" title=\"\" class=\"ui--animation\"><\/div><div class=\"vertical-divider\"><\/div><\/div> \n\n <div   class=\"ui-column span2\"><div class=\"ui--client ui--carousel-item\"><img decoding=\"async\" src=\"https:\/\/www.a-carrasco.com\/wp-content\/uploads\/2023\/12\/logo-AUTOLIV.jpg\" alt=\"\" title=\"\" class=\"ui--animation\"><\/div><div class=\"vertical-divider\"><\/div><\/div> \n\n<\/div> \n<\/div><\/div><div class=\"ui--shadow ui--shadow-type-6  clearfix\"><img decoding=\"async\" src=\"https:\/\/www.a-carrasco.com\/wp-content\/themes\/envision\/includes\/modules\/module.shadow\/shadows\/shadow-6.png\" alt=\"shadow\" \/><\/div><\/div>","protected":false},"excerpt":{"rendered":"<p>ProcessosLa capacitat de CARRASCO, sumada a acords estrat\u00e8gics amb fabricants homologats, ens permet oferir una \u00e0mplia gamma de productes amb el millor servei, adaptat sempre a les vostres necessitats. CMM es la planta de fabricaci\u00f3 pr\u00f2pia del Grup CARRASCO. Situada en la localitat de Martorell (Barcelona), es la planta de refer\u00e8ncia per a la fabricaci\u00f3 [&hellip;]<\/p>\n","protected":false},"author":1,"featured_media":0,"parent":0,"menu_order":4,"comment_status":"open","ping_status":"open","template":"","meta":{"footnotes":""},"class_list":["post-1666","page","type-page","status-publish","hentry"],"yoast_head":"<!-- This site is optimized with the Yoast SEO plugin v25.6 - https:\/\/yoast.com\/wordpress\/plugins\/seo\/ -->\n<title>Capacitat productiva - Carrasco<\/title>\n<meta name=\"robots\" content=\"index, follow, max-snippet:-1, max-image-preview:large, max-video-preview:-1\" \/>\n<link rel=\"canonical\" href=\"https:\/\/www.a-carrasco.com\/ca\/capacitat-productiva\/\" \/>\n<meta property=\"og:locale\" content=\"ca_ES\" \/>\n<meta property=\"og:type\" content=\"article\" \/>\n<meta property=\"og:title\" content=\"Capacitat productiva - Carrasco\" \/>\n<meta property=\"og:description\" content=\"ProcessosLa capacitat de CARRASCO, sumada a acords estrat\u00e8gics amb fabricants homologats, ens permet oferir una \u00e0mplia gamma de productes amb el millor servei, adaptat sempre a les vostres necessitats. CMM es la planta de fabricaci\u00f3 pr\u00f2pia del Grup CARRASCO. Situada en la localitat de Martorell (Barcelona), es la planta de refer\u00e8ncia per a la fabricaci\u00f3 [&hellip;]\" \/>\n<meta property=\"og:url\" content=\"https:\/\/www.a-carrasco.com\/ca\/capacitat-productiva\/\" \/>\n<meta property=\"og:site_name\" content=\"Carrasco\" \/>\n<meta property=\"article:modified_time\" content=\"2023-12-19T16:16:53+00:00\" \/>\n<meta name=\"twitter:card\" content=\"summary_large_image\" \/>\n<script type=\"application\/ld+json\" class=\"yoast-schema-graph\">{\"@context\":\"https:\/\/schema.org\",\"@graph\":[{\"@type\":\"WebPage\",\"@id\":\"https:\/\/www.a-carrasco.com\/ca\/capacitat-productiva\/\",\"url\":\"https:\/\/www.a-carrasco.com\/ca\/capacitat-productiva\/\",\"name\":\"Capacitat productiva - Carrasco\",\"isPartOf\":{\"@id\":\"https:\/\/www.a-carrasco.com\/ca\/#website\"},\"datePublished\":\"2014-09-26T10:56:55+00:00\",\"dateModified\":\"2023-12-19T16:16:53+00:00\",\"breadcrumb\":{\"@id\":\"https:\/\/www.a-carrasco.com\/ca\/capacitat-productiva\/#breadcrumb\"},\"inLanguage\":\"ca\",\"potentialAction\":[{\"@type\":\"ReadAction\",\"target\":[\"https:\/\/www.a-carrasco.com\/ca\/capacitat-productiva\/\"]}]},{\"@type\":\"BreadcrumbList\",\"@id\":\"https:\/\/www.a-carrasco.com\/ca\/capacitat-productiva\/#breadcrumb\",\"itemListElement\":[{\"@type\":\"ListItem\",\"position\":1,\"name\":\"Portada\",\"item\":\"https:\/\/www.a-carrasco.com\/ca\/\"},{\"@type\":\"ListItem\",\"position\":2,\"name\":\"Capacitat productiva\"}]},{\"@type\":\"WebSite\",\"@id\":\"https:\/\/www.a-carrasco.com\/ca\/#website\",\"url\":\"https:\/\/www.a-carrasco.com\/ca\/\",\"name\":\"Carrasco\",\"description\":\"Efficiency in tool components\",\"potentialAction\":[{\"@type\":\"SearchAction\",\"target\":{\"@type\":\"EntryPoint\",\"urlTemplate\":\"https:\/\/www.a-carrasco.com\/ca\/?s={search_term_string}\"},\"query-input\":{\"@type\":\"PropertyValueSpecification\",\"valueRequired\":true,\"valueName\":\"search_term_string\"}}],\"inLanguage\":\"ca\"}]}<\/script>\n<!-- \/ Yoast SEO plugin. -->","yoast_head_json":{"title":"Capacitat productiva - Carrasco","robots":{"index":"index","follow":"follow","max-snippet":"max-snippet:-1","max-image-preview":"max-image-preview:large","max-video-preview":"max-video-preview:-1"},"canonical":"https:\/\/www.a-carrasco.com\/ca\/capacitat-productiva\/","og_locale":"ca_ES","og_type":"article","og_title":"Capacitat productiva - Carrasco","og_description":"ProcessosLa capacitat de CARRASCO, sumada a acords estrat\u00e8gics amb fabricants homologats, ens permet oferir una \u00e0mplia gamma de productes amb el millor servei, adaptat sempre a les vostres necessitats. CMM es la planta de fabricaci\u00f3 pr\u00f2pia del Grup CARRASCO. Situada en la localitat de Martorell (Barcelona), es la planta de refer\u00e8ncia per a la fabricaci\u00f3 [&hellip;]","og_url":"https:\/\/www.a-carrasco.com\/ca\/capacitat-productiva\/","og_site_name":"Carrasco","article_modified_time":"2023-12-19T16:16:53+00:00","twitter_card":"summary_large_image","schema":{"@context":"https:\/\/schema.org","@graph":[{"@type":"WebPage","@id":"https:\/\/www.a-carrasco.com\/ca\/capacitat-productiva\/","url":"https:\/\/www.a-carrasco.com\/ca\/capacitat-productiva\/","name":"Capacitat productiva - Carrasco","isPartOf":{"@id":"https:\/\/www.a-carrasco.com\/ca\/#website"},"datePublished":"2014-09-26T10:56:55+00:00","dateModified":"2023-12-19T16:16:53+00:00","breadcrumb":{"@id":"https:\/\/www.a-carrasco.com\/ca\/capacitat-productiva\/#breadcrumb"},"inLanguage":"ca","potentialAction":[{"@type":"ReadAction","target":["https:\/\/www.a-carrasco.com\/ca\/capacitat-productiva\/"]}]},{"@type":"BreadcrumbList","@id":"https:\/\/www.a-carrasco.com\/ca\/capacitat-productiva\/#breadcrumb","itemListElement":[{"@type":"ListItem","position":1,"name":"Portada","item":"https:\/\/www.a-carrasco.com\/ca\/"},{"@type":"ListItem","position":2,"name":"Capacitat productiva"}]},{"@type":"WebSite","@id":"https:\/\/www.a-carrasco.com\/ca\/#website","url":"https:\/\/www.a-carrasco.com\/ca\/","name":"Carrasco","description":"Efficiency in tool components","potentialAction":[{"@type":"SearchAction","target":{"@type":"EntryPoint","urlTemplate":"https:\/\/www.a-carrasco.com\/ca\/?s={search_term_string}"},"query-input":{"@type":"PropertyValueSpecification","valueRequired":true,"valueName":"search_term_string"}}],"inLanguage":"ca"}]}},"_links":{"self":[{"href":"https:\/\/www.a-carrasco.com\/ca\/wp-json\/wp\/v2\/pages\/1666"}],"collection":[{"href":"https:\/\/www.a-carrasco.com\/ca\/wp-json\/wp\/v2\/pages"}],"about":[{"href":"https:\/\/www.a-carrasco.com\/ca\/wp-json\/wp\/v2\/types\/page"}],"author":[{"embeddable":true,"href":"https:\/\/www.a-carrasco.com\/ca\/wp-json\/wp\/v2\/users\/1"}],"replies":[{"embeddable":true,"href":"https:\/\/www.a-carrasco.com\/ca\/wp-json\/wp\/v2\/comments?post=1666"}],"version-history":[{"count":17,"href":"https:\/\/www.a-carrasco.com\/ca\/wp-json\/wp\/v2\/pages\/1666\/revisions"}],"predecessor-version":[{"id":5601,"href":"https:\/\/www.a-carrasco.com\/ca\/wp-json\/wp\/v2\/pages\/1666\/revisions\/5601"}],"wp:attachment":[{"href":"https:\/\/www.a-carrasco.com\/ca\/wp-json\/wp\/v2\/media?parent=1666"}],"curies":[{"name":"wp","href":"https:\/\/api.w.org\/{rel}","templated":true}]}}